{"id":6916,"date":"2019-07-04T11:09:13","date_gmt":"2019-07-04T10:09:13","guid":{"rendered":"https:\/\/simplesurance.wpengine.com\/home\/"},"modified":"2025-12-09T16:42:38","modified_gmt":"2025-12-09T15:42:38","slug":"home","status":"publish","type":"page","link":"https:\/\/schutzklick.de\/at\/","title":{"rendered":"Home"},"content":{"rendered":"","protected":false},"excerpt":{"rendered":"","protected":false},"author":1,"featured_media":0,"parent":0,"menu_order":0,"comment_status":"closed","ping_status":"closed","template":"","meta":{"_acf_changed":false,"footnotes":""},"class_list":["post-6916","page","type-page","status-publish","hentry"],"acf":[],"yoast_head":"<!-- This site is optimized with the Yoast SEO plugin v27.5 - https:\/\/yoast.com\/product\/yoast-seo-wordpress\/ -->\n<title>Schutzklick - einfach online versichern!<\/title>\n<meta name=\"description\" content=\"Jetzt dein Smartphone, Laptop oder Tablet einfach online versichern. Auch Fahrr\u00e4der, Kameras uvm. kannst du gegen Diebstahl oder Besch\u00e4digung sch\u00fctzen.\" \/>\n<meta name=\"robots\" content=\"index, follow, max-snippet:-1, max-image-preview:large, max-video-preview:-1\" \/>\n<link rel=\"canonical\" href=\"https:\/\/schutzklick.de\/at\/\" \/>\n<meta property=\"og:locale\" content=\"de_DE\" \/>\n<meta property=\"og:type\" content=\"article\" \/>\n<meta property=\"og:title\" content=\"Schutzklick - einfach online versichern!\" \/>\n<meta property=\"og:description\" content=\"Jetzt dein Smartphone, Laptop oder Tablet einfach online versichern. Auch Fahrr\u00e4der, Kameras uvm. kannst du gegen Diebstahl oder Besch\u00e4digung sch\u00fctzen.\" \/>\n<meta property=\"og:url\" content=\"https:\/\/schutzklick.de\/at\/\" \/>\n<meta property=\"og:site_name\" content=\"Schutzklick\" \/>\n<meta property=\"article:modified_time\" content=\"2025-12-09T15:42:38+00:00\" \/>\n<meta name=\"twitter:card\" content=\"summary_large_image\" \/>\n<script type=\"application\/ld+json\" class=\"yoast-schema-graph\">{\"@context\":\"https:\\\/\\\/schema.org\",\"@graph\":[{\"@type\":\"WebPage\",\"@id\":\"https:\\\/\\\/schutzklick.de\\\/at\\\/\",\"url\":\"https:\\\/\\\/schutzklick.de\\\/at\\\/\",\"name\":\"Schutzklick - einfach online versichern!\",\"isPartOf\":{\"@id\":\"https:\\\/\\\/schutzklick.de\\\/#website\"},\"datePublished\":\"2019-07-04T10:09:13+00:00\",\"dateModified\":\"2025-12-09T15:42:38+00:00\",\"description\":\"Jetzt dein Smartphone, Laptop oder Tablet einfach online versichern. Auch Fahrr\u00e4der, Kameras uvm. kannst du gegen Diebstahl oder Besch\u00e4digung sch\u00fctzen.\",\"breadcrumb\":{\"@id\":\"https:\\\/\\\/schutzklick.de\\\/at\\\/#breadcrumb\"},\"inLanguage\":\"de-AT\",\"potentialAction\":[{\"@type\":\"ReadAction\",\"target\":[\"https:\\\/\\\/schutzklick.de\\\/at\\\/\"]}]},{\"@type\":\"BreadcrumbList\",\"@id\":\"https:\\\/\\\/schutzklick.de\\\/at\\\/#breadcrumb\",\"itemListElement\":[{\"@type\":\"ListItem\",\"position\":1,\"name\":\"Startseite\",\"item\":\"https:\\\/\\\/schutzklick.de\\\/at\\\/\"},{\"@type\":\"ListItem\",\"position\":2,\"name\":\"Home\"}]},{\"@type\":\"WebSite\",\"@id\":\"https:\\\/\\\/schutzklick.de\\\/#website\",\"url\":\"https:\\\/\\\/schutzklick.de\\\/\",\"name\":\"Schutzklick\",\"description\":\"Versicherungen - Online\",\"potentialAction\":[{\"@type\":\"SearchAction\",\"target\":{\"@type\":\"EntryPoint\",\"urlTemplate\":\"https:\\\/\\\/schutzklick.de\\\/?s={search_term_string}\"},\"query-input\":{\"@type\":\"PropertyValueSpecification\",\"valueRequired\":true,\"valueName\":\"search_term_string\"}}],\"inLanguage\":\"de-AT\"}]}<\/script>\n<!-- \/ Yoast SEO plugin. -->","yoast_head_json":{"title":"Schutzklick - einfach online versichern!","description":"Jetzt dein Smartphone, Laptop oder Tablet einfach online versichern. Auch Fahrr\u00e4der, Kameras uvm. kannst du gegen Diebstahl oder Besch\u00e4digung sch\u00fctzen.","robots":{"index":"index","follow":"follow","max-snippet":"max-snippet:-1","max-image-preview":"max-image-preview:large","max-video-preview":"max-video-preview:-1"},"canonical":"https:\/\/schutzklick.de\/at\/","og_locale":"de_DE","og_type":"article","og_title":"Schutzklick - einfach online versichern!","og_description":"Jetzt dein Smartphone, Laptop oder Tablet einfach online versichern. Auch Fahrr\u00e4der, Kameras uvm. kannst du gegen Diebstahl oder Besch\u00e4digung sch\u00fctzen.","og_url":"https:\/\/schutzklick.de\/at\/","og_site_name":"Schutzklick","article_modified_time":"2025-12-09T15:42:38+00:00","twitter_card":"summary_large_image","schema":{"@context":"https:\/\/schema.org","@graph":[{"@type":"WebPage","@id":"https:\/\/schutzklick.de\/at\/","url":"https:\/\/schutzklick.de\/at\/","name":"Schutzklick - einfach online versichern!","isPartOf":{"@id":"https:\/\/schutzklick.de\/#website"},"datePublished":"2019-07-04T10:09:13+00:00","dateModified":"2025-12-09T15:42:38+00:00","description":"Jetzt dein Smartphone, Laptop oder Tablet einfach online versichern. Auch Fahrr\u00e4der, Kameras uvm. kannst du gegen Diebstahl oder Besch\u00e4digung sch\u00fctzen.","breadcrumb":{"@id":"https:\/\/schutzklick.de\/at\/#breadcrumb"},"inLanguage":"de-AT","potentialAction":[{"@type":"ReadAction","target":["https:\/\/schutzklick.de\/at\/"]}]},{"@type":"BreadcrumbList","@id":"https:\/\/schutzklick.de\/at\/#breadcrumb","itemListElement":[{"@type":"ListItem","position":1,"name":"Startseite","item":"https:\/\/schutzklick.de\/at\/"},{"@type":"ListItem","position":2,"name":"Home"}]},{"@type":"WebSite","@id":"https:\/\/schutzklick.de\/#website","url":"https:\/\/schutzklick.de\/","name":"Schutzklick","description":"Versicherungen - Online","potentialAction":[{"@type":"SearchAction","target":{"@type":"EntryPoint","urlTemplate":"https:\/\/schutzklick.de\/?s={search_term_string}"},"query-input":{"@type":"PropertyValueSpecification","valueRequired":true,"valueName":"search_term_string"}}],"inLanguage":"de-AT"}]}},"_links":{"self":[{"href":"https:\/\/schutzklick.de\/at\/wp-json\/wp\/v2\/pages\/6916","targetHints":{"allow":["GET"]}}],"collection":[{"href":"https:\/\/schutzklick.de\/at\/wp-json\/wp\/v2\/pages"}],"about":[{"href":"https:\/\/schutzklick.de\/at\/wp-json\/wp\/v2\/types\/page"}],"author":[{"embeddable":true,"href":"https:\/\/schutzklick.de\/at\/wp-json\/wp\/v2\/users\/1"}],"replies":[{"embeddable":true,"href":"https:\/\/schutzklick.de\/at\/wp-json\/wp\/v2\/comments?post=6916"}],"version-history":[{"count":12,"href":"https:\/\/schutzklick.de\/at\/wp-json\/wp\/v2\/pages\/6916\/revisions"}],"predecessor-version":[{"id":13750,"href":"https:\/\/schutzklick.de\/at\/wp-json\/wp\/v2\/pages\/6916\/revisions\/13750"}],"wp:attachment":[{"href":"https:\/\/schutzklick.de\/at\/wp-json\/wp\/v2\/media?parent=6916"}],"curies":[{"name":"wp","href":"https:\/\/api.w.org\/{rel}","templated":true}]}}