{"id":7075,"date":"2019-10-22T11:38:25","date_gmt":"2019-10-22T10:38:25","guid":{"rendered":"https:\/\/www.simplesurance.se\/garantieverlaengerung-heizgeraete\/"},"modified":"2020-11-03T12:29:08","modified_gmt":"2020-11-03T11:29:08","slug":"garantieverlaengerung-heizgeraete","status":"publish","type":"page","link":"https:\/\/schutzklick.de\/at\/garantieverlaengerung-heizgeraete\/","title":{"rendered":"Garantieverl\u00e4ngerung-Heizger\u00e4te_SK"},"content":{"rendered":"","protected":false},"excerpt":{"rendered":"","protected":false},"author":5,"featured_media":0,"parent":0,"menu_order":606,"comment_status":"closed","ping_status":"closed","template":"","meta":{"_acf_changed":false,"footnotes":""},"class_list":["post-7075","page","type-page","status-publish","hentry"],"acf":[],"yoast_head":"<!-- This site is optimized with the Yoast SEO plugin v27.2 - https:\/\/yoast.com\/product\/yoast-seo-wordpress\/ -->\n<title>Garantieverl\u00e4ngerung f\u00fcr deine Heizger\u00e4te | Schutzklick<\/title>\n<meta name=\"description\" content=\"Garantieverl\u00e4ngerung - Schutz vor hohen Reparaturkosten bei Heizger\u00e4ten - schon ab 1,66 \u20ac je Monat. Wahlweise 36, 48 oder 60 Monate Schutz.\" \/>\n<meta name=\"robots\" content=\"index, follow, max-snippet:-1, max-image-preview:large, max-video-preview:-1\" \/>\n<link rel=\"canonical\" href=\"https:\/\/schutzklick.de\/?page_id=1832\" \/>\n<meta property=\"og:locale\" content=\"de_DE\" \/>\n<meta property=\"og:type\" content=\"article\" \/>\n<meta property=\"og:title\" content=\"Garantieverl\u00e4ngerung f\u00fcr deine Heizger\u00e4te | Schutzklick\" \/>\n<meta property=\"og:description\" content=\"Garantieverl\u00e4ngerung - Schutz vor hohen Reparaturkosten bei Heizger\u00e4ten - schon ab 1,66 \u20ac je Monat. Wahlweise 36, 48 oder 60 Monate Schutz.\" \/>\n<meta property=\"og:url\" content=\"https:\/\/schutzklick.de\/?page_id=1832\" \/>\n<meta property=\"og:site_name\" content=\"Schutzklick\" \/>\n<meta property=\"article:modified_time\" content=\"2020-11-03T11:29:08+00:00\" \/>\n<meta name=\"twitter:card\" content=\"summary_large_image\" \/>\n<script type=\"application\/ld+json\" class=\"yoast-schema-graph\">{\"@context\":\"https:\/\/schema.org\",\"@graph\":[{\"@type\":\"WebPage\",\"@id\":\"https:\/\/schutzklick.de\/?page_id=1832\",\"url\":\"https:\/\/schutzklick.de\/?page_id=1832\",\"name\":\"Garantieverl\u00e4ngerung f\u00fcr deine Heizger\u00e4te | Schutzklick\",\"isPartOf\":{\"@id\":\"https:\/\/schutzklick.de\/#website\"},\"datePublished\":\"2019-10-22T10:38:25+00:00\",\"dateModified\":\"2020-11-03T11:29:08+00:00\",\"description\":\"Garantieverl\u00e4ngerung - Schutz vor hohen Reparaturkosten bei Heizger\u00e4ten - schon ab 1,66 \u20ac je Monat. Wahlweise 36, 48 oder 60 Monate Schutz.\",\"breadcrumb\":{\"@id\":\"https:\/\/schutzklick.de\/?page_id=1832#breadcrumb\"},\"inLanguage\":\"de-AT\",\"potentialAction\":[{\"@type\":\"ReadAction\",\"target\":[\"https:\/\/schutzklick.de\/?page_id=1832\"]}]},{\"@type\":\"BreadcrumbList\",\"@id\":\"https:\/\/schutzklick.de\/?page_id=1832#breadcrumb\",\"itemListElement\":[{\"@type\":\"ListItem\",\"position\":1,\"name\":\"Startseite\",\"item\":\"https:\/\/schutzklick.de\/at\/\"},{\"@type\":\"ListItem\",\"position\":2,\"name\":\"Garantieverl\u00e4ngerung-Heizger\u00e4te_SK\"}]},{\"@type\":\"WebSite\",\"@id\":\"https:\/\/schutzklick.de\/#website\",\"url\":\"https:\/\/schutzklick.de\/\",\"name\":\"Schutzklick\",\"description\":\"Versicherungen - Online\",\"potentialAction\":[{\"@type\":\"SearchAction\",\"target\":{\"@type\":\"EntryPoint\",\"urlTemplate\":\"https:\/\/schutzklick.de\/?s={search_term_string}\"},\"query-input\":{\"@type\":\"PropertyValueSpecification\",\"valueRequired\":true,\"valueName\":\"search_term_string\"}}],\"inLanguage\":\"de-AT\"}]}<\/script>\n<!-- \/ Yoast SEO plugin. -->","yoast_head_json":{"title":"Garantieverl\u00e4ngerung f\u00fcr deine Heizger\u00e4te | Schutzklick","description":"Garantieverl\u00e4ngerung - Schutz vor hohen Reparaturkosten bei Heizger\u00e4ten - schon ab 1,66 \u20ac je Monat. Wahlweise 36, 48 oder 60 Monate Schutz.","robots":{"index":"index","follow":"follow","max-snippet":"max-snippet:-1","max-image-preview":"max-image-preview:large","max-video-preview":"max-video-preview:-1"},"canonical":"https:\/\/schutzklick.de\/?page_id=1832","og_locale":"de_DE","og_type":"article","og_title":"Garantieverl\u00e4ngerung f\u00fcr deine Heizger\u00e4te | Schutzklick","og_description":"Garantieverl\u00e4ngerung - Schutz vor hohen Reparaturkosten bei Heizger\u00e4ten - schon ab 1,66 \u20ac je Monat. Wahlweise 36, 48 oder 60 Monate Schutz.","og_url":"https:\/\/schutzklick.de\/?page_id=1832","og_site_name":"Schutzklick","article_modified_time":"2020-11-03T11:29:08+00:00","twitter_card":"summary_large_image","schema":{"@context":"https:\/\/schema.org","@graph":[{"@type":"WebPage","@id":"https:\/\/schutzklick.de\/?page_id=1832","url":"https:\/\/schutzklick.de\/?page_id=1832","name":"Garantieverl\u00e4ngerung f\u00fcr deine Heizger\u00e4te | Schutzklick","isPartOf":{"@id":"https:\/\/schutzklick.de\/#website"},"datePublished":"2019-10-22T10:38:25+00:00","dateModified":"2020-11-03T11:29:08+00:00","description":"Garantieverl\u00e4ngerung - Schutz vor hohen Reparaturkosten bei Heizger\u00e4ten - schon ab 1,66 \u20ac je Monat. Wahlweise 36, 48 oder 60 Monate Schutz.","breadcrumb":{"@id":"https:\/\/schutzklick.de\/?page_id=1832#breadcrumb"},"inLanguage":"de-AT","potentialAction":[{"@type":"ReadAction","target":["https:\/\/schutzklick.de\/?page_id=1832"]}]},{"@type":"BreadcrumbList","@id":"https:\/\/schutzklick.de\/?page_id=1832#breadcrumb","itemListElement":[{"@type":"ListItem","position":1,"name":"Startseite","item":"https:\/\/schutzklick.de\/at\/"},{"@type":"ListItem","position":2,"name":"Garantieverl\u00e4ngerung-Heizger\u00e4te_SK"}]},{"@type":"WebSite","@id":"https:\/\/schutzklick.de\/#website","url":"https:\/\/schutzklick.de\/","name":"Schutzklick","description":"Versicherungen - Online","potentialAction":[{"@type":"SearchAction","target":{"@type":"EntryPoint","urlTemplate":"https:\/\/schutzklick.de\/?s={search_term_string}"},"query-input":{"@type":"PropertyValueSpecification","valueRequired":true,"valueName":"search_term_string"}}],"inLanguage":"de-AT"}]}},"_links":{"self":[{"href":"https:\/\/schutzklick.de\/at\/wp-json\/wp\/v2\/pages\/7075","targetHints":{"allow":["GET"]}}],"collection":[{"href":"https:\/\/schutzklick.de\/at\/wp-json\/wp\/v2\/pages"}],"about":[{"href":"https:\/\/schutzklick.de\/at\/wp-json\/wp\/v2\/types\/page"}],"author":[{"embeddable":true,"href":"https:\/\/schutzklick.de\/at\/wp-json\/wp\/v2\/users\/5"}],"replies":[{"embeddable":true,"href":"https:\/\/schutzklick.de\/at\/wp-json\/wp\/v2\/comments?post=7075"}],"version-history":[{"count":0,"href":"https:\/\/schutzklick.de\/at\/wp-json\/wp\/v2\/pages\/7075\/revisions"}],"wp:attachment":[{"href":"https:\/\/schutzklick.de\/at\/wp-json\/wp\/v2\/media?parent=7075"}],"curies":[{"name":"wp","href":"https:\/\/api.w.org\/{rel}","templated":true}]}}