{"id":7098,"date":"2019-12-18T11:09:29","date_gmt":"2019-12-18T11:09:29","guid":{"rendered":"https:\/\/www.simplesurance.se\/gartengeraete-versicherung\/"},"modified":"2024-11-11T17:26:53","modified_gmt":"2024-11-11T16:26:53","slug":"gartengeraete-versicherung","status":"publish","type":"page","link":"https:\/\/schutzklick.de\/at\/gartengeraete-versicherung\/","title":{"rendered":"Gartenger\u00e4te-Versicherung"},"content":{"rendered":"","protected":false},"excerpt":{"rendered":"","protected":false},"author":5,"featured_media":0,"parent":0,"menu_order":608,"comment_status":"closed","ping_status":"closed","template":"","meta":{"_acf_changed":false,"footnotes":""},"class_list":["post-7098","page","type-page","status-publish","hentry"],"acf":[],"yoast_head":"<!-- This site is optimized with the Yoast SEO plugin v27.2 - https:\/\/yoast.com\/product\/yoast-seo-wordpress\/ -->\n<title>Gartenger\u00e4te Versicherung ab nur \u20ac 5,50 je Monat<\/title>\n<meta name=\"description\" content=\"Die g\u00fcnstige Gartenger\u00e4te-Versicherung gegen Kurzschluss, Bruch- &amp; Sturzsch\u00e4den und mehr. Jetzt online abschlie\u00dfen und sparen!\" \/>\n<meta name=\"robots\" content=\"index, follow, max-snippet:-1, max-image-preview:large, max-video-preview:-1\" \/>\n<link rel=\"canonical\" href=\"https:\/\/schutzklick.de\/at\/gartengeraete-versicherung\/\" \/>\n<meta property=\"og:locale\" content=\"de_DE\" \/>\n<meta property=\"og:type\" content=\"article\" \/>\n<meta property=\"og:title\" content=\"Gartenger\u00e4te Versicherung ab nur \u20ac 5,50 je Monat\" \/>\n<meta property=\"og:description\" content=\"Die g\u00fcnstige Gartenger\u00e4te-Versicherung gegen Kurzschluss, Bruch- &amp; Sturzsch\u00e4den und mehr. Jetzt online abschlie\u00dfen und sparen!\" \/>\n<meta property=\"og:url\" content=\"https:\/\/schutzklick.de\/at\/gartengeraete-versicherung\/\" \/>\n<meta property=\"og:site_name\" content=\"Schutzklick\" \/>\n<meta property=\"article:modified_time\" content=\"2024-11-11T16:26:53+00:00\" \/>\n<meta name=\"twitter:card\" content=\"summary_large_image\" \/>\n<script type=\"application\/ld+json\" class=\"yoast-schema-graph\">{\"@context\":\"https:\/\/schema.org\",\"@graph\":[{\"@type\":\"WebPage\",\"@id\":\"https:\/\/schutzklick.de\/at\/gartengeraete-versicherung\/\",\"url\":\"https:\/\/schutzklick.de\/at\/gartengeraete-versicherung\/\",\"name\":\"Gartenger\u00e4te Versicherung ab nur \u20ac 5,50 je Monat\",\"isPartOf\":{\"@id\":\"https:\/\/schutzklick.de\/#website\"},\"datePublished\":\"2019-12-18T11:09:29+00:00\",\"dateModified\":\"2024-11-11T16:26:53+00:00\",\"description\":\"Die g\u00fcnstige Gartenger\u00e4te-Versicherung gegen Kurzschluss, Bruch- & Sturzsch\u00e4den und mehr. Jetzt online abschlie\u00dfen und sparen!\",\"breadcrumb\":{\"@id\":\"https:\/\/schutzklick.de\/at\/gartengeraete-versicherung\/#breadcrumb\"},\"inLanguage\":\"de-AT\",\"potentialAction\":[{\"@type\":\"ReadAction\",\"target\":[\"https:\/\/schutzklick.de\/at\/gartengeraete-versicherung\/\"]}]},{\"@type\":\"BreadcrumbList\",\"@id\":\"https:\/\/schutzklick.de\/at\/gartengeraete-versicherung\/#breadcrumb\",\"itemListElement\":[{\"@type\":\"ListItem\",\"position\":1,\"name\":\"Startseite\",\"item\":\"https:\/\/schutzklick.de\/at\/\"},{\"@type\":\"ListItem\",\"position\":2,\"name\":\"Gartenger\u00e4te-Versicherung\"}]},{\"@type\":\"WebSite\",\"@id\":\"https:\/\/schutzklick.de\/#website\",\"url\":\"https:\/\/schutzklick.de\/\",\"name\":\"Schutzklick\",\"description\":\"Versicherungen - Online\",\"potentialAction\":[{\"@type\":\"SearchAction\",\"target\":{\"@type\":\"EntryPoint\",\"urlTemplate\":\"https:\/\/schutzklick.de\/?s={search_term_string}\"},\"query-input\":{\"@type\":\"PropertyValueSpecification\",\"valueRequired\":true,\"valueName\":\"search_term_string\"}}],\"inLanguage\":\"de-AT\"}]}<\/script>\n<!-- \/ Yoast SEO plugin. -->","yoast_head_json":{"title":"Gartenger\u00e4te Versicherung ab nur \u20ac 5,50 je Monat","description":"Die g\u00fcnstige Gartenger\u00e4te-Versicherung gegen Kurzschluss, Bruch- & Sturzsch\u00e4den und mehr. Jetzt online abschlie\u00dfen und sparen!","robots":{"index":"index","follow":"follow","max-snippet":"max-snippet:-1","max-image-preview":"max-image-preview:large","max-video-preview":"max-video-preview:-1"},"canonical":"https:\/\/schutzklick.de\/at\/gartengeraete-versicherung\/","og_locale":"de_DE","og_type":"article","og_title":"Gartenger\u00e4te Versicherung ab nur \u20ac 5,50 je Monat","og_description":"Die g\u00fcnstige Gartenger\u00e4te-Versicherung gegen Kurzschluss, Bruch- & Sturzsch\u00e4den und mehr. Jetzt online abschlie\u00dfen und sparen!","og_url":"https:\/\/schutzklick.de\/at\/gartengeraete-versicherung\/","og_site_name":"Schutzklick","article_modified_time":"2024-11-11T16:26:53+00:00","twitter_card":"summary_large_image","schema":{"@context":"https:\/\/schema.org","@graph":[{"@type":"WebPage","@id":"https:\/\/schutzklick.de\/at\/gartengeraete-versicherung\/","url":"https:\/\/schutzklick.de\/at\/gartengeraete-versicherung\/","name":"Gartenger\u00e4te Versicherung ab nur \u20ac 5,50 je Monat","isPartOf":{"@id":"https:\/\/schutzklick.de\/#website"},"datePublished":"2019-12-18T11:09:29+00:00","dateModified":"2024-11-11T16:26:53+00:00","description":"Die g\u00fcnstige Gartenger\u00e4te-Versicherung gegen Kurzschluss, Bruch- & Sturzsch\u00e4den und mehr. Jetzt online abschlie\u00dfen und sparen!","breadcrumb":{"@id":"https:\/\/schutzklick.de\/at\/gartengeraete-versicherung\/#breadcrumb"},"inLanguage":"de-AT","potentialAction":[{"@type":"ReadAction","target":["https:\/\/schutzklick.de\/at\/gartengeraete-versicherung\/"]}]},{"@type":"BreadcrumbList","@id":"https:\/\/schutzklick.de\/at\/gartengeraete-versicherung\/#breadcrumb","itemListElement":[{"@type":"ListItem","position":1,"name":"Startseite","item":"https:\/\/schutzklick.de\/at\/"},{"@type":"ListItem","position":2,"name":"Gartenger\u00e4te-Versicherung"}]},{"@type":"WebSite","@id":"https:\/\/schutzklick.de\/#website","url":"https:\/\/schutzklick.de\/","name":"Schutzklick","description":"Versicherungen - Online","potentialAction":[{"@type":"SearchAction","target":{"@type":"EntryPoint","urlTemplate":"https:\/\/schutzklick.de\/?s={search_term_string}"},"query-input":{"@type":"PropertyValueSpecification","valueRequired":true,"valueName":"search_term_string"}}],"inLanguage":"de-AT"}]}},"_links":{"self":[{"href":"https:\/\/schutzklick.de\/at\/wp-json\/wp\/v2\/pages\/7098","targetHints":{"allow":["GET"]}}],"collection":[{"href":"https:\/\/schutzklick.de\/at\/wp-json\/wp\/v2\/pages"}],"about":[{"href":"https:\/\/schutzklick.de\/at\/wp-json\/wp\/v2\/types\/page"}],"author":[{"embeddable":true,"href":"https:\/\/schutzklick.de\/at\/wp-json\/wp\/v2\/users\/5"}],"replies":[{"embeddable":true,"href":"https:\/\/schutzklick.de\/at\/wp-json\/wp\/v2\/comments?post=7098"}],"version-history":[{"count":3,"href":"https:\/\/schutzklick.de\/at\/wp-json\/wp\/v2\/pages\/7098\/revisions"}],"predecessor-version":[{"id":12437,"href":"https:\/\/schutzklick.de\/at\/wp-json\/wp\/v2\/pages\/7098\/revisions\/12437"}],"wp:attachment":[{"href":"https:\/\/schutzklick.de\/at\/wp-json\/wp\/v2\/media?parent=7098"}],"curies":[{"name":"wp","href":"https:\/\/api.w.org\/{rel}","templated":true}]}}