{"id":4950,"date":"2019-10-09T14:40:59","date_gmt":"2019-10-09T13:40:59","guid":{"rendered":"https:\/\/simplesurance.wpengine.com\/tablet-forsakring\/"},"modified":"2024-10-07T09:46:14","modified_gmt":"2024-10-07T07:46:14","slug":"tablet-forsikring","status":"publish","type":"page","link":"https:\/\/schutzklick.de\/dk\/tablet-forsikring\/","title":{"rendered":"Tablet-Versicherung"},"content":{"rendered":"","protected":false},"excerpt":{"rendered":"","protected":false},"author":5,"featured_media":0,"parent":0,"menu_order":220,"comment_status":"closed","ping_status":"closed","template":"","meta":{"_acf_changed":false,"footnotes":""},"class_list":["post-4950","page","type-page","status-publish","hentry"],"acf":[],"yoast_head":"<!-- This site is optimized with the Yoast SEO plugin v27.2 - https:\/\/yoast.com\/product\/yoast-seo-wordpress\/ -->\n<title>Tablet forsikring fra 24,99 kr. mdn. + tyverisikring valgfri<\/title>\n<meta name=\"description\" content=\"Lav en forsikring til din tablet imod tyveri, displaybeskadigelse + andre skader, op til 3 m\u00e5neder efter k\u00f8bet. Fast kontrakt l\u00f8betid. Beskyt dig online nu!\" \/>\n<meta name=\"robots\" content=\"index, follow, max-snippet:-1, max-image-preview:large, max-video-preview:-1\" \/>\n<link rel=\"canonical\" href=\"https:\/\/schutzklick.de\/tablet-versicherung\/\" \/>\n<meta property=\"og:locale\" content=\"en_US\" \/>\n<meta property=\"og:type\" content=\"article\" \/>\n<meta property=\"og:title\" content=\"Tablet forsikring fra 24,99 kr. mdn. + tyverisikring valgfri\" \/>\n<meta property=\"og:description\" content=\"Lav en forsikring til din tablet imod tyveri, displaybeskadigelse + andre skader, op til 3 m\u00e5neder efter k\u00f8bet. Fast kontrakt l\u00f8betid. Beskyt dig online nu!\" \/>\n<meta property=\"og:url\" content=\"https:\/\/schutzklick.de\/tablet-versicherung\/\" \/>\n<meta property=\"og:site_name\" content=\"Schutzklick\" \/>\n<meta property=\"article:modified_time\" content=\"2024-10-07T07:46:14+00:00\" \/>\n<meta name=\"twitter:card\" content=\"summary_large_image\" \/>\n<script type=\"application\/ld+json\" class=\"yoast-schema-graph\">{\"@context\":\"https:\/\/schema.org\",\"@graph\":[{\"@type\":\"WebPage\",\"@id\":\"https:\/\/schutzklick.de\/tablet-versicherung\/\",\"url\":\"https:\/\/schutzklick.de\/tablet-versicherung\/\",\"name\":\"Tablet forsikring fra 24,99 kr. mdn. + tyverisikring valgfri\",\"isPartOf\":{\"@id\":\"https:\/\/schutzklick.de\/#website\"},\"datePublished\":\"2019-10-09T13:40:59+00:00\",\"dateModified\":\"2024-10-07T07:46:14+00:00\",\"description\":\"Lav en forsikring til din tablet imod tyveri, displaybeskadigelse + andre skader, op til 3 m\u00e5neder efter k\u00f8bet. Fast kontrakt l\u00f8betid. Beskyt dig online nu!\",\"breadcrumb\":{\"@id\":\"https:\/\/schutzklick.de\/tablet-versicherung\/#breadcrumb\"},\"inLanguage\":\"dk\",\"potentialAction\":[{\"@type\":\"ReadAction\",\"target\":[\"https:\/\/schutzklick.de\/tablet-versicherung\/\"]}]},{\"@type\":\"BreadcrumbList\",\"@id\":\"https:\/\/schutzklick.de\/tablet-versicherung\/#breadcrumb\",\"itemListElement\":[{\"@type\":\"ListItem\",\"position\":1,\"name\":\"Startseite\",\"item\":\"https:\/\/schutzklick.de\/dk\/\"},{\"@type\":\"ListItem\",\"position\":2,\"name\":\"Tablet-Versicherung\"}]},{\"@type\":\"WebSite\",\"@id\":\"https:\/\/schutzklick.de\/#website\",\"url\":\"https:\/\/schutzklick.de\/\",\"name\":\"Schutzklick\",\"description\":\"Forsikring - Online\",\"potentialAction\":[{\"@type\":\"SearchAction\",\"target\":{\"@type\":\"EntryPoint\",\"urlTemplate\":\"https:\/\/schutzklick.de\/?s={search_term_string}\"},\"query-input\":{\"@type\":\"PropertyValueSpecification\",\"valueRequired\":true,\"valueName\":\"search_term_string\"}}],\"inLanguage\":\"dk\"}]}<\/script>\n<!-- \/ Yoast SEO plugin. -->","yoast_head_json":{"title":"Tablet forsikring fra 24,99 kr. mdn. + tyverisikring valgfri","description":"Lav en forsikring til din tablet imod tyveri, displaybeskadigelse + andre skader, op til 3 m\u00e5neder efter k\u00f8bet. Fast kontrakt l\u00f8betid. Beskyt dig online nu!","robots":{"index":"index","follow":"follow","max-snippet":"max-snippet:-1","max-image-preview":"max-image-preview:large","max-video-preview":"max-video-preview:-1"},"canonical":"https:\/\/schutzklick.de\/tablet-versicherung\/","og_locale":"en_US","og_type":"article","og_title":"Tablet forsikring fra 24,99 kr. mdn. + tyverisikring valgfri","og_description":"Lav en forsikring til din tablet imod tyveri, displaybeskadigelse + andre skader, op til 3 m\u00e5neder efter k\u00f8bet. Fast kontrakt l\u00f8betid. Beskyt dig online nu!","og_url":"https:\/\/schutzklick.de\/tablet-versicherung\/","og_site_name":"Schutzklick","article_modified_time":"2024-10-07T07:46:14+00:00","twitter_card":"summary_large_image","schema":{"@context":"https:\/\/schema.org","@graph":[{"@type":"WebPage","@id":"https:\/\/schutzklick.de\/tablet-versicherung\/","url":"https:\/\/schutzklick.de\/tablet-versicherung\/","name":"Tablet forsikring fra 24,99 kr. mdn. + tyverisikring valgfri","isPartOf":{"@id":"https:\/\/schutzklick.de\/#website"},"datePublished":"2019-10-09T13:40:59+00:00","dateModified":"2024-10-07T07:46:14+00:00","description":"Lav en forsikring til din tablet imod tyveri, displaybeskadigelse + andre skader, op til 3 m\u00e5neder efter k\u00f8bet. Fast kontrakt l\u00f8betid. Beskyt dig online nu!","breadcrumb":{"@id":"https:\/\/schutzklick.de\/tablet-versicherung\/#breadcrumb"},"inLanguage":"dk","potentialAction":[{"@type":"ReadAction","target":["https:\/\/schutzklick.de\/tablet-versicherung\/"]}]},{"@type":"BreadcrumbList","@id":"https:\/\/schutzklick.de\/tablet-versicherung\/#breadcrumb","itemListElement":[{"@type":"ListItem","position":1,"name":"Startseite","item":"https:\/\/schutzklick.de\/dk\/"},{"@type":"ListItem","position":2,"name":"Tablet-Versicherung"}]},{"@type":"WebSite","@id":"https:\/\/schutzklick.de\/#website","url":"https:\/\/schutzklick.de\/","name":"Schutzklick","description":"Forsikring - Online","potentialAction":[{"@type":"SearchAction","target":{"@type":"EntryPoint","urlTemplate":"https:\/\/schutzklick.de\/?s={search_term_string}"},"query-input":{"@type":"PropertyValueSpecification","valueRequired":true,"valueName":"search_term_string"}}],"inLanguage":"dk"}]}},"_links":{"self":[{"href":"https:\/\/schutzklick.de\/dk\/wp-json\/wp\/v2\/pages\/4950","targetHints":{"allow":["GET"]}}],"collection":[{"href":"https:\/\/schutzklick.de\/dk\/wp-json\/wp\/v2\/pages"}],"about":[{"href":"https:\/\/schutzklick.de\/dk\/wp-json\/wp\/v2\/types\/page"}],"author":[{"embeddable":true,"href":"https:\/\/schutzklick.de\/dk\/wp-json\/wp\/v2\/users\/5"}],"replies":[{"embeddable":true,"href":"https:\/\/schutzklick.de\/dk\/wp-json\/wp\/v2\/comments?post=4950"}],"version-history":[{"count":3,"href":"https:\/\/schutzklick.de\/dk\/wp-json\/wp\/v2\/pages\/4950\/revisions"}],"predecessor-version":[{"id":11499,"href":"https:\/\/schutzklick.de\/dk\/wp-json\/wp\/v2\/pages\/4950\/revisions\/11499"}],"wp:attachment":[{"href":"https:\/\/schutzklick.de\/dk\/wp-json\/wp\/v2\/media?parent=4950"}],"curies":[{"name":"wp","href":"https:\/\/api.w.org\/{rel}","templated":true}]}}