{"id":4966,"date":"2019-10-15T08:46:00","date_gmt":"2019-10-15T07:46:00","guid":{"rendered":"https:\/\/simplesurance.wpengine.com\/elektronikversicherung\/"},"modified":"2024-10-11T15:25:03","modified_gmt":"2024-10-11T13:25:03","slug":"elektronikforsikring","status":"publish","type":"page","link":"https:\/\/schutzklick.de\/dk\/elektronikforsikring\/","title":{"rendered":"Elektronikversicherung"},"content":{"rendered":"","protected":false},"excerpt":{"rendered":"","protected":false},"author":5,"featured_media":0,"parent":0,"menu_order":200,"comment_status":"closed","ping_status":"closed","template":"","meta":{"_acf_changed":false,"footnotes":""},"class_list":["post-4966","page","type-page","status-publish","hentry"],"acf":[],"yoast_head":"<!-- This site is optimized with the Yoast SEO plugin v27.5 - https:\/\/yoast.com\/product\/yoast-seo-wordpress\/ -->\n<title>Elektronikforsikring fra 89,95 kr.\/\u00e5r. | Schutzklick<\/title>\n<meta name=\"description\" content=\"Din Elektronikforsikring fra Schutzklick | D\u00e6kker skader ved fald og ulykker | D\u00e6kker ved tyveri, indbrud og r\u00f8veri | Ingen abonnement | Fair pris\" \/>\n<meta name=\"robots\" content=\"index, follow, max-snippet:-1, max-image-preview:large, max-video-preview:-1\" \/>\n<link rel=\"canonical\" href=\"https:\/\/schutzklick.de\/dk\/elektronikforsikring\/\" \/>\n<meta property=\"og:locale\" content=\"en_US\" \/>\n<meta property=\"og:type\" content=\"article\" \/>\n<meta property=\"og:title\" content=\"Elektronikforsikring fra 89,95 kr.\/\u00e5r. | Schutzklick\" \/>\n<meta property=\"og:description\" content=\"Din Elektronikforsikring fra Schutzklick | D\u00e6kker skader ved fald og ulykker | D\u00e6kker ved tyveri, indbrud og r\u00f8veri | Ingen abonnement | Fair pris\" \/>\n<meta property=\"og:url\" content=\"https:\/\/schutzklick.de\/dk\/elektronikforsikring\/\" \/>\n<meta property=\"og:site_name\" content=\"Schutzklick\" \/>\n<meta property=\"article:modified_time\" content=\"2024-10-11T13:25:03+00:00\" \/>\n<meta name=\"twitter:card\" content=\"summary_large_image\" \/>\n<script type=\"application\/ld+json\" class=\"yoast-schema-graph\">{\"@context\":\"https:\\\/\\\/schema.org\",\"@graph\":[{\"@type\":\"WebPage\",\"@id\":\"https:\\\/\\\/schutzklick.de\\\/dk\\\/elektronikforsikring\\\/\",\"url\":\"https:\\\/\\\/schutzklick.de\\\/dk\\\/elektronikforsikring\\\/\",\"name\":\"Elektronikforsikring fra 89,95 kr.\\\/\u00e5r. | Schutzklick\",\"isPartOf\":{\"@id\":\"https:\\\/\\\/schutzklick.de\\\/#website\"},\"datePublished\":\"2019-10-15T07:46:00+00:00\",\"dateModified\":\"2024-10-11T13:25:03+00:00\",\"description\":\"Din Elektronikforsikring fra Schutzklick | D\u00e6kker skader ved fald og ulykker | D\u00e6kker ved tyveri, indbrud og r\u00f8veri | Ingen abonnement | Fair pris\",\"breadcrumb\":{\"@id\":\"https:\\\/\\\/schutzklick.de\\\/dk\\\/elektronikforsikring\\\/#breadcrumb\"},\"inLanguage\":\"dk\",\"potentialAction\":[{\"@type\":\"ReadAction\",\"target\":[\"https:\\\/\\\/schutzklick.de\\\/dk\\\/elektronikforsikring\\\/\"]}]},{\"@type\":\"BreadcrumbList\",\"@id\":\"https:\\\/\\\/schutzklick.de\\\/dk\\\/elektronikforsikring\\\/#breadcrumb\",\"itemListElement\":[{\"@type\":\"ListItem\",\"position\":1,\"name\":\"Startseite\",\"item\":\"https:\\\/\\\/schutzklick.de\\\/dk\\\/\"},{\"@type\":\"ListItem\",\"position\":2,\"name\":\"Elektronikversicherung\"}]},{\"@type\":\"WebSite\",\"@id\":\"https:\\\/\\\/schutzklick.de\\\/#website\",\"url\":\"https:\\\/\\\/schutzklick.de\\\/\",\"name\":\"Schutzklick\",\"description\":\"Forsikring - Online\",\"potentialAction\":[{\"@type\":\"SearchAction\",\"target\":{\"@type\":\"EntryPoint\",\"urlTemplate\":\"https:\\\/\\\/schutzklick.de\\\/?s={search_term_string}\"},\"query-input\":{\"@type\":\"PropertyValueSpecification\",\"valueRequired\":true,\"valueName\":\"search_term_string\"}}],\"inLanguage\":\"dk\"}]}<\/script>\n<!-- \/ Yoast SEO plugin. -->","yoast_head_json":{"title":"Elektronikforsikring fra 89,95 kr.\/\u00e5r. | Schutzklick","description":"Din Elektronikforsikring fra Schutzklick | D\u00e6kker skader ved fald og ulykker | D\u00e6kker ved tyveri, indbrud og r\u00f8veri | Ingen abonnement | Fair pris","robots":{"index":"index","follow":"follow","max-snippet":"max-snippet:-1","max-image-preview":"max-image-preview:large","max-video-preview":"max-video-preview:-1"},"canonical":"https:\/\/schutzklick.de\/dk\/elektronikforsikring\/","og_locale":"en_US","og_type":"article","og_title":"Elektronikforsikring fra 89,95 kr.\/\u00e5r. | Schutzklick","og_description":"Din Elektronikforsikring fra Schutzklick | D\u00e6kker skader ved fald og ulykker | D\u00e6kker ved tyveri, indbrud og r\u00f8veri | Ingen abonnement | Fair pris","og_url":"https:\/\/schutzklick.de\/dk\/elektronikforsikring\/","og_site_name":"Schutzklick","article_modified_time":"2024-10-11T13:25:03+00:00","twitter_card":"summary_large_image","schema":{"@context":"https:\/\/schema.org","@graph":[{"@type":"WebPage","@id":"https:\/\/schutzklick.de\/dk\/elektronikforsikring\/","url":"https:\/\/schutzklick.de\/dk\/elektronikforsikring\/","name":"Elektronikforsikring fra 89,95 kr.\/\u00e5r. | Schutzklick","isPartOf":{"@id":"https:\/\/schutzklick.de\/#website"},"datePublished":"2019-10-15T07:46:00+00:00","dateModified":"2024-10-11T13:25:03+00:00","description":"Din Elektronikforsikring fra Schutzklick | D\u00e6kker skader ved fald og ulykker | D\u00e6kker ved tyveri, indbrud og r\u00f8veri | Ingen abonnement | Fair pris","breadcrumb":{"@id":"https:\/\/schutzklick.de\/dk\/elektronikforsikring\/#breadcrumb"},"inLanguage":"dk","potentialAction":[{"@type":"ReadAction","target":["https:\/\/schutzklick.de\/dk\/elektronikforsikring\/"]}]},{"@type":"BreadcrumbList","@id":"https:\/\/schutzklick.de\/dk\/elektronikforsikring\/#breadcrumb","itemListElement":[{"@type":"ListItem","position":1,"name":"Startseite","item":"https:\/\/schutzklick.de\/dk\/"},{"@type":"ListItem","position":2,"name":"Elektronikversicherung"}]},{"@type":"WebSite","@id":"https:\/\/schutzklick.de\/#website","url":"https:\/\/schutzklick.de\/","name":"Schutzklick","description":"Forsikring - Online","potentialAction":[{"@type":"SearchAction","target":{"@type":"EntryPoint","urlTemplate":"https:\/\/schutzklick.de\/?s={search_term_string}"},"query-input":{"@type":"PropertyValueSpecification","valueRequired":true,"valueName":"search_term_string"}}],"inLanguage":"dk"}]}},"_links":{"self":[{"href":"https:\/\/schutzklick.de\/dk\/wp-json\/wp\/v2\/pages\/4966","targetHints":{"allow":["GET"]}}],"collection":[{"href":"https:\/\/schutzklick.de\/dk\/wp-json\/wp\/v2\/pages"}],"about":[{"href":"https:\/\/schutzklick.de\/dk\/wp-json\/wp\/v2\/types\/page"}],"author":[{"embeddable":true,"href":"https:\/\/schutzklick.de\/dk\/wp-json\/wp\/v2\/users\/5"}],"replies":[{"embeddable":true,"href":"https:\/\/schutzklick.de\/dk\/wp-json\/wp\/v2\/comments?post=4966"}],"version-history":[{"count":4,"href":"https:\/\/schutzklick.de\/dk\/wp-json\/wp\/v2\/pages\/4966\/revisions"}],"predecessor-version":[{"id":11925,"href":"https:\/\/schutzklick.de\/dk\/wp-json\/wp\/v2\/pages\/4966\/revisions\/11925"}],"wp:attachment":[{"href":"https:\/\/schutzklick.de\/dk\/wp-json\/wp\/v2\/media?parent=4966"}],"curies":[{"name":"wp","href":"https:\/\/api.w.org\/{rel}","templated":true}]}}