{"id":4968,"date":"2019-10-15T08:56:31","date_gmt":"2019-10-15T07:56:31","guid":{"rendered":"https:\/\/simplesurance.wpengine.com\/kameraforsakring\/"},"modified":"2024-10-06T18:21:36","modified_gmt":"2024-10-06T16:21:36","slug":"kamera-forsikring","status":"publish","type":"page","link":"https:\/\/schutzklick.de\/dk\/kamera-forsikring\/","title":{"rendered":"Kameraversicherung"},"content":{"rendered":"","protected":false},"excerpt":{"rendered":"","protected":false},"author":5,"featured_media":0,"parent":0,"menu_order":203,"comment_status":"closed","ping_status":"closed","template":"","meta":{"_acf_changed":false,"footnotes":""},"class_list":["post-4968","page","type-page","status-publish","hentry"],"acf":[],"yoast_head":"<!-- This site is optimized with the Yoast SEO plugin v27.2 - https:\/\/yoast.com\/product\/yoast-seo-wordpress\/ -->\n<title>Kamera forsikring - fra kun 24,99 kr. mdn. + tyverisikring<\/title>\n<meta name=\"description\" content=\"Kamera forsikring med valgfri tyverisikring. Fast kontrakt l\u00f8betid. Ingen abonnement d\u00e6kning. Lav en kamera forsikring nu, ogs\u00e5 3 m\u00e5neder efter k\u00f8bet.\" \/>\n<meta name=\"robots\" content=\"index, follow, max-snippet:-1, max-image-preview:large, max-video-preview:-1\" \/>\n<link rel=\"canonical\" href=\"https:\/\/schutzklick.de\/kameraversicherung\/\" \/>\n<meta property=\"og:locale\" content=\"en_US\" \/>\n<meta property=\"og:type\" content=\"article\" \/>\n<meta property=\"og:title\" content=\"Kamera forsikring - fra kun 24,99 kr. mdn. + tyverisikring\" \/>\n<meta property=\"og:description\" content=\"Kamera forsikring med valgfri tyverisikring. Fast kontrakt l\u00f8betid. Ingen abonnement d\u00e6kning. Lav en kamera forsikring nu, ogs\u00e5 3 m\u00e5neder efter k\u00f8bet.\" \/>\n<meta property=\"og:url\" content=\"https:\/\/schutzklick.de\/kameraversicherung\/\" \/>\n<meta property=\"og:site_name\" content=\"Schutzklick\" \/>\n<meta property=\"article:modified_time\" content=\"2024-10-06T16:21:36+00:00\" \/>\n<meta name=\"twitter:card\" content=\"summary_large_image\" \/>\n<script type=\"application\/ld+json\" class=\"yoast-schema-graph\">{\"@context\":\"https:\/\/schema.org\",\"@graph\":[{\"@type\":\"WebPage\",\"@id\":\"https:\/\/schutzklick.de\/kameraversicherung\/\",\"url\":\"https:\/\/schutzklick.de\/kameraversicherung\/\",\"name\":\"Kamera forsikring - fra kun 24,99 kr. mdn. + tyverisikring\",\"isPartOf\":{\"@id\":\"https:\/\/schutzklick.de\/#website\"},\"datePublished\":\"2019-10-15T07:56:31+00:00\",\"dateModified\":\"2024-10-06T16:21:36+00:00\",\"description\":\"Kamera forsikring med valgfri tyverisikring. Fast kontrakt l\u00f8betid. Ingen abonnement d\u00e6kning. Lav en kamera forsikring nu, ogs\u00e5 3 m\u00e5neder efter k\u00f8bet.\",\"breadcrumb\":{\"@id\":\"https:\/\/schutzklick.de\/kameraversicherung\/#breadcrumb\"},\"inLanguage\":\"dk\",\"potentialAction\":[{\"@type\":\"ReadAction\",\"target\":[\"https:\/\/schutzklick.de\/kameraversicherung\/\"]}]},{\"@type\":\"BreadcrumbList\",\"@id\":\"https:\/\/schutzklick.de\/kameraversicherung\/#breadcrumb\",\"itemListElement\":[{\"@type\":\"ListItem\",\"position\":1,\"name\":\"Startseite\",\"item\":\"https:\/\/schutzklick.de\/dk\/\"},{\"@type\":\"ListItem\",\"position\":2,\"name\":\"Kameraversicherung\"}]},{\"@type\":\"WebSite\",\"@id\":\"https:\/\/schutzklick.de\/#website\",\"url\":\"https:\/\/schutzklick.de\/\",\"name\":\"Schutzklick\",\"description\":\"Forsikring - Online\",\"potentialAction\":[{\"@type\":\"SearchAction\",\"target\":{\"@type\":\"EntryPoint\",\"urlTemplate\":\"https:\/\/schutzklick.de\/?s={search_term_string}\"},\"query-input\":{\"@type\":\"PropertyValueSpecification\",\"valueRequired\":true,\"valueName\":\"search_term_string\"}}],\"inLanguage\":\"dk\"}]}<\/script>\n<!-- \/ Yoast SEO plugin. -->","yoast_head_json":{"title":"Kamera forsikring - fra kun 24,99 kr. mdn. + tyverisikring","description":"Kamera forsikring med valgfri tyverisikring. Fast kontrakt l\u00f8betid. Ingen abonnement d\u00e6kning. Lav en kamera forsikring nu, ogs\u00e5 3 m\u00e5neder efter k\u00f8bet.","robots":{"index":"index","follow":"follow","max-snippet":"max-snippet:-1","max-image-preview":"max-image-preview:large","max-video-preview":"max-video-preview:-1"},"canonical":"https:\/\/schutzklick.de\/kameraversicherung\/","og_locale":"en_US","og_type":"article","og_title":"Kamera forsikring - fra kun 24,99 kr. mdn. + tyverisikring","og_description":"Kamera forsikring med valgfri tyverisikring. Fast kontrakt l\u00f8betid. Ingen abonnement d\u00e6kning. Lav en kamera forsikring nu, ogs\u00e5 3 m\u00e5neder efter k\u00f8bet.","og_url":"https:\/\/schutzklick.de\/kameraversicherung\/","og_site_name":"Schutzklick","article_modified_time":"2024-10-06T16:21:36+00:00","twitter_card":"summary_large_image","schema":{"@context":"https:\/\/schema.org","@graph":[{"@type":"WebPage","@id":"https:\/\/schutzklick.de\/kameraversicherung\/","url":"https:\/\/schutzklick.de\/kameraversicherung\/","name":"Kamera forsikring - fra kun 24,99 kr. mdn. + tyverisikring","isPartOf":{"@id":"https:\/\/schutzklick.de\/#website"},"datePublished":"2019-10-15T07:56:31+00:00","dateModified":"2024-10-06T16:21:36+00:00","description":"Kamera forsikring med valgfri tyverisikring. Fast kontrakt l\u00f8betid. Ingen abonnement d\u00e6kning. Lav en kamera forsikring nu, ogs\u00e5 3 m\u00e5neder efter k\u00f8bet.","breadcrumb":{"@id":"https:\/\/schutzklick.de\/kameraversicherung\/#breadcrumb"},"inLanguage":"dk","potentialAction":[{"@type":"ReadAction","target":["https:\/\/schutzklick.de\/kameraversicherung\/"]}]},{"@type":"BreadcrumbList","@id":"https:\/\/schutzklick.de\/kameraversicherung\/#breadcrumb","itemListElement":[{"@type":"ListItem","position":1,"name":"Startseite","item":"https:\/\/schutzklick.de\/dk\/"},{"@type":"ListItem","position":2,"name":"Kameraversicherung"}]},{"@type":"WebSite","@id":"https:\/\/schutzklick.de\/#website","url":"https:\/\/schutzklick.de\/","name":"Schutzklick","description":"Forsikring - Online","potentialAction":[{"@type":"SearchAction","target":{"@type":"EntryPoint","urlTemplate":"https:\/\/schutzklick.de\/?s={search_term_string}"},"query-input":{"@type":"PropertyValueSpecification","valueRequired":true,"valueName":"search_term_string"}}],"inLanguage":"dk"}]}},"_links":{"self":[{"href":"https:\/\/schutzklick.de\/dk\/wp-json\/wp\/v2\/pages\/4968","targetHints":{"allow":["GET"]}}],"collection":[{"href":"https:\/\/schutzklick.de\/dk\/wp-json\/wp\/v2\/pages"}],"about":[{"href":"https:\/\/schutzklick.de\/dk\/wp-json\/wp\/v2\/types\/page"}],"author":[{"embeddable":true,"href":"https:\/\/schutzklick.de\/dk\/wp-json\/wp\/v2\/users\/5"}],"replies":[{"embeddable":true,"href":"https:\/\/schutzklick.de\/dk\/wp-json\/wp\/v2\/comments?post=4968"}],"version-history":[{"count":3,"href":"https:\/\/schutzklick.de\/dk\/wp-json\/wp\/v2\/pages\/4968\/revisions"}],"predecessor-version":[{"id":11467,"href":"https:\/\/schutzklick.de\/dk\/wp-json\/wp\/v2\/pages\/4968\/revisions\/11467"}],"wp:attachment":[{"href":"https:\/\/schutzklick.de\/dk\/wp-json\/wp\/v2\/media?parent=4968"}],"curies":[{"name":"wp","href":"https:\/\/api.w.org\/{rel}","templated":true}]}}