{"id":7436,"date":"2019-10-07T13:37:44","date_gmt":"2019-10-07T11:37:44","guid":{"rendered":"https:\/\/www.simplesurance.se\/iphone-versicherung\/"},"modified":"2024-10-26T11:16:38","modified_gmt":"2024-10-26T09:16:38","slug":"assurance-iphone","status":"publish","type":"page","link":"https:\/\/schutzklick.de\/fr\/assurance-iphone\/","title":{"rendered":"iPhone-Versicherung"},"content":{"rendered":"","protected":false},"excerpt":{"rendered":"","protected":false},"author":5,"featured_media":0,"parent":0,"menu_order":100,"comment_status":"closed","ping_status":"closed","template":"","meta":{"_acf_changed":false,"footnotes":""},"class_list":["post-7436","page","type-page","status-publish","hentry"],"acf":[],"yoast_head":"<!-- This site is optimized with the Yoast SEO plugin v27.2 - https:\/\/yoast.com\/product\/yoast-seo-wordpress\/ -->\n<title>Assurance iPhone - \u00e0 partir de 3,33 \u20ac \/ mois<\/title>\n<meta name=\"description\" content=\"Assurance iPhone + Protection Contre le Vol. Assure l&#039;iPhone Contre les Bris d&#039;\u00c9cran &amp; d&#039;Autres Dommages Jusqu&#039;\u00e0 3 Mois Apr\u00e8s l&#039;Achat. Dur\u00e9e de Contrat Fixe\" \/>\n<meta name=\"robots\" content=\"index, follow, max-snippet:-1, max-image-preview:large, max-video-preview:-1\" \/>\n<link rel=\"canonical\" href=\"https:\/\/schutzklick.de\/fr\/assurance-iphone\/\" \/>\n<meta property=\"og:locale\" content=\"fr_FR\" \/>\n<meta property=\"og:type\" content=\"article\" \/>\n<meta property=\"og:title\" content=\"Assurance iPhone - \u00e0 partir de 3,33 \u20ac \/ mois\" \/>\n<meta property=\"og:description\" content=\"Assurance iPhone + Protection Contre le Vol. Assure l&#039;iPhone Contre les Bris d&#039;\u00c9cran &amp; d&#039;Autres Dommages Jusqu&#039;\u00e0 3 Mois Apr\u00e8s l&#039;Achat. Dur\u00e9e de Contrat Fixe\" \/>\n<meta property=\"og:url\" content=\"https:\/\/schutzklick.de\/fr\/assurance-iphone\/\" \/>\n<meta property=\"og:site_name\" content=\"Schutzklick\" \/>\n<meta property=\"article:modified_time\" content=\"2024-10-26T09:16:38+00:00\" \/>\n<meta name=\"twitter:card\" content=\"summary_large_image\" \/>\n<script type=\"application\/ld+json\" class=\"yoast-schema-graph\">{\"@context\":\"https:\/\/schema.org\",\"@graph\":[{\"@type\":\"WebPage\",\"@id\":\"https:\/\/schutzklick.de\/fr\/assurance-iphone\/\",\"url\":\"https:\/\/schutzklick.de\/fr\/assurance-iphone\/\",\"name\":\"Assurance iPhone - \u00e0 partir de 3,33 \u20ac \/ mois\",\"isPartOf\":{\"@id\":\"https:\/\/schutzklick.de\/#website\"},\"datePublished\":\"2019-10-07T11:37:44+00:00\",\"dateModified\":\"2024-10-26T09:16:38+00:00\",\"description\":\"Assurance iPhone + Protection Contre le Vol. Assure l'iPhone Contre les Bris d'\u00c9cran & d'Autres Dommages Jusqu'\u00e0 3 Mois Apr\u00e8s l'Achat. Dur\u00e9e de Contrat Fixe\",\"breadcrumb\":{\"@id\":\"https:\/\/schutzklick.de\/fr\/assurance-iphone\/#breadcrumb\"},\"inLanguage\":\"fr-FR\",\"potentialAction\":[{\"@type\":\"ReadAction\",\"target\":[\"https:\/\/schutzklick.de\/fr\/assurance-iphone\/\"]}]},{\"@type\":\"BreadcrumbList\",\"@id\":\"https:\/\/schutzklick.de\/fr\/assurance-iphone\/#breadcrumb\",\"itemListElement\":[{\"@type\":\"ListItem\",\"position\":1,\"name\":\"Startseite\",\"item\":\"https:\/\/schutzklick.de\/fr\/\"},{\"@type\":\"ListItem\",\"position\":2,\"name\":\"iPhone-Versicherung\"}]},{\"@type\":\"WebSite\",\"@id\":\"https:\/\/schutzklick.de\/#website\",\"url\":\"https:\/\/schutzklick.de\/\",\"name\":\"Schutzklick\",\"description\":\"Assurance - En ligne\",\"potentialAction\":[{\"@type\":\"SearchAction\",\"target\":{\"@type\":\"EntryPoint\",\"urlTemplate\":\"https:\/\/schutzklick.de\/?s={search_term_string}\"},\"query-input\":{\"@type\":\"PropertyValueSpecification\",\"valueRequired\":true,\"valueName\":\"search_term_string\"}}],\"inLanguage\":\"fr-FR\"}]}<\/script>\n<!-- \/ Yoast SEO plugin. -->","yoast_head_json":{"title":"Assurance iPhone - \u00e0 partir de 3,33 \u20ac \/ mois","description":"Assurance iPhone + Protection Contre le Vol. Assure l'iPhone Contre les Bris d'\u00c9cran & d'Autres Dommages Jusqu'\u00e0 3 Mois Apr\u00e8s l'Achat. Dur\u00e9e de Contrat Fixe","robots":{"index":"index","follow":"follow","max-snippet":"max-snippet:-1","max-image-preview":"max-image-preview:large","max-video-preview":"max-video-preview:-1"},"canonical":"https:\/\/schutzklick.de\/fr\/assurance-iphone\/","og_locale":"fr_FR","og_type":"article","og_title":"Assurance iPhone - \u00e0 partir de 3,33 \u20ac \/ mois","og_description":"Assurance iPhone + Protection Contre le Vol. Assure l'iPhone Contre les Bris d'\u00c9cran & d'Autres Dommages Jusqu'\u00e0 3 Mois Apr\u00e8s l'Achat. Dur\u00e9e de Contrat Fixe","og_url":"https:\/\/schutzklick.de\/fr\/assurance-iphone\/","og_site_name":"Schutzklick","article_modified_time":"2024-10-26T09:16:38+00:00","twitter_card":"summary_large_image","schema":{"@context":"https:\/\/schema.org","@graph":[{"@type":"WebPage","@id":"https:\/\/schutzklick.de\/fr\/assurance-iphone\/","url":"https:\/\/schutzklick.de\/fr\/assurance-iphone\/","name":"Assurance iPhone - \u00e0 partir de 3,33 \u20ac \/ mois","isPartOf":{"@id":"https:\/\/schutzklick.de\/#website"},"datePublished":"2019-10-07T11:37:44+00:00","dateModified":"2024-10-26T09:16:38+00:00","description":"Assurance iPhone + Protection Contre le Vol. Assure l'iPhone Contre les Bris d'\u00c9cran & d'Autres Dommages Jusqu'\u00e0 3 Mois Apr\u00e8s l'Achat. Dur\u00e9e de Contrat Fixe","breadcrumb":{"@id":"https:\/\/schutzklick.de\/fr\/assurance-iphone\/#breadcrumb"},"inLanguage":"fr-FR","potentialAction":[{"@type":"ReadAction","target":["https:\/\/schutzklick.de\/fr\/assurance-iphone\/"]}]},{"@type":"BreadcrumbList","@id":"https:\/\/schutzklick.de\/fr\/assurance-iphone\/#breadcrumb","itemListElement":[{"@type":"ListItem","position":1,"name":"Startseite","item":"https:\/\/schutzklick.de\/fr\/"},{"@type":"ListItem","position":2,"name":"iPhone-Versicherung"}]},{"@type":"WebSite","@id":"https:\/\/schutzklick.de\/#website","url":"https:\/\/schutzklick.de\/","name":"Schutzklick","description":"Assurance - En ligne","potentialAction":[{"@type":"SearchAction","target":{"@type":"EntryPoint","urlTemplate":"https:\/\/schutzklick.de\/?s={search_term_string}"},"query-input":{"@type":"PropertyValueSpecification","valueRequired":true,"valueName":"search_term_string"}}],"inLanguage":"fr-FR"}]}},"_links":{"self":[{"href":"https:\/\/schutzklick.de\/fr\/wp-json\/wp\/v2\/pages\/7436","targetHints":{"allow":["GET"]}}],"collection":[{"href":"https:\/\/schutzklick.de\/fr\/wp-json\/wp\/v2\/pages"}],"about":[{"href":"https:\/\/schutzklick.de\/fr\/wp-json\/wp\/v2\/types\/page"}],"author":[{"embeddable":true,"href":"https:\/\/schutzklick.de\/fr\/wp-json\/wp\/v2\/users\/5"}],"replies":[{"embeddable":true,"href":"https:\/\/schutzklick.de\/fr\/wp-json\/wp\/v2\/comments?post=7436"}],"version-history":[{"count":4,"href":"https:\/\/schutzklick.de\/fr\/wp-json\/wp\/v2\/pages\/7436\/revisions"}],"predecessor-version":[{"id":11989,"href":"https:\/\/schutzklick.de\/fr\/wp-json\/wp\/v2\/pages\/7436\/revisions\/11989"}],"wp:attachment":[{"href":"https:\/\/schutzklick.de\/fr\/wp-json\/wp\/v2\/media?parent=7436"}],"curies":[{"name":"wp","href":"https:\/\/api.w.org\/{rel}","templated":true}]}}