{"id":7442,"date":"2019-09-11T16:47:52","date_gmt":"2019-09-11T14:47:52","guid":{"rendered":"https:\/\/www.simplesurance.se\/handyversicherung\/diebstahl\/"},"modified":"2024-10-06T17:55:45","modified_gmt":"2024-10-06T15:55:45","slug":"vol","status":"publish","type":"page","link":"https:\/\/schutzklick.de\/fr\/assurance-mobile\/vol\/","title":{"rendered":"Handy Diebstahlschutz"},"content":{"rendered":"","protected":false},"excerpt":{"rendered":"","protected":false},"author":1,"featured_media":0,"parent":7441,"menu_order":1,"comment_status":"closed","ping_status":"closed","template":"","meta":{"_acf_changed":false,"footnotes":""},"class_list":["post-7442","page","type-page","status-publish","hentry"],"acf":[],"yoast_head":"<!-- This site is optimized with the Yoast SEO plugin v27.2 - https:\/\/yoast.com\/product\/yoast-seo-wordpress\/ -->\n<title>Assurance t\u00e9l\u00e9phone mobile \u00e0 partir de 3,33 \u20ac \/ mois | Schutzklick<\/title>\n<meta name=\"description\" content=\"Assurance mobile | 2,92\u20ac \/ mois \u2705 Assurance vol dans le monde entier \u2705 Protection en cas de chutes, bris d&#039;\u00e9cran &amp; accidents \u2705 Assurer en ligne maintenant!\" \/>\n<meta name=\"robots\" content=\"index, follow, max-snippet:-1, max-image-preview:large, max-video-preview:-1\" \/>\n<link rel=\"canonical\" href=\"https:\/\/schutzklick.de\/handyversicherung\/diebstahl\/\" \/>\n<meta property=\"og:locale\" content=\"fr_FR\" \/>\n<meta property=\"og:type\" content=\"article\" \/>\n<meta property=\"og:title\" content=\"Assurance t\u00e9l\u00e9phone mobile \u00e0 partir de 3,33 \u20ac \/ mois | Schutzklick\" \/>\n<meta property=\"og:description\" content=\"Assurance mobile | 2,92\u20ac \/ mois \u2705 Assurance vol dans le monde entier \u2705 Protection en cas de chutes, bris d&#039;\u00e9cran &amp; accidents \u2705 Assurer en ligne maintenant!\" \/>\n<meta property=\"og:url\" content=\"https:\/\/schutzklick.de\/handyversicherung\/diebstahl\/\" \/>\n<meta property=\"og:site_name\" content=\"Schutzklick\" \/>\n<meta property=\"article:modified_time\" content=\"2024-10-06T15:55:45+00:00\" \/>\n<meta name=\"twitter:card\" content=\"summary_large_image\" \/>\n<script type=\"application\/ld+json\" class=\"yoast-schema-graph\">{\"@context\":\"https:\/\/schema.org\",\"@graph\":[{\"@type\":\"WebPage\",\"@id\":\"https:\/\/schutzklick.de\/handyversicherung\/diebstahl\/\",\"url\":\"https:\/\/schutzklick.de\/handyversicherung\/diebstahl\/\",\"name\":\"Assurance t\u00e9l\u00e9phone mobile \u00e0 partir de 3,33 \u20ac \/ mois | Schutzklick\",\"isPartOf\":{\"@id\":\"https:\/\/schutzklick.de\/#website\"},\"datePublished\":\"2019-09-11T14:47:52+00:00\",\"dateModified\":\"2024-10-06T15:55:45+00:00\",\"description\":\"Assurance mobile | 2,92\u20ac \/ mois \u2705 Assurance vol dans le monde entier \u2705 Protection en cas de chutes, bris d'\u00e9cran & accidents \u2705 Assurer en ligne maintenant!\",\"breadcrumb\":{\"@id\":\"https:\/\/schutzklick.de\/handyversicherung\/diebstahl\/#breadcrumb\"},\"inLanguage\":\"fr-FR\",\"potentialAction\":[{\"@type\":\"ReadAction\",\"target\":[\"https:\/\/schutzklick.de\/handyversicherung\/diebstahl\/\"]}]},{\"@type\":\"BreadcrumbList\",\"@id\":\"https:\/\/schutzklick.de\/handyversicherung\/diebstahl\/#breadcrumb\",\"itemListElement\":[{\"@type\":\"ListItem\",\"position\":1,\"name\":\"Startseite\",\"item\":\"https:\/\/schutzklick.de\/fr\/\"},{\"@type\":\"ListItem\",\"position\":2,\"name\":\"Handyversicherung\",\"item\":\"https:\/\/schutzklick.de\/handyversicherung\/\"},{\"@type\":\"ListItem\",\"position\":3,\"name\":\"Handy Diebstahlschutz\"}]},{\"@type\":\"WebSite\",\"@id\":\"https:\/\/schutzklick.de\/#website\",\"url\":\"https:\/\/schutzklick.de\/\",\"name\":\"Schutzklick\",\"description\":\"Assurance - En ligne\",\"potentialAction\":[{\"@type\":\"SearchAction\",\"target\":{\"@type\":\"EntryPoint\",\"urlTemplate\":\"https:\/\/schutzklick.de\/?s={search_term_string}\"},\"query-input\":{\"@type\":\"PropertyValueSpecification\",\"valueRequired\":true,\"valueName\":\"search_term_string\"}}],\"inLanguage\":\"fr-FR\"}]}<\/script>\n<!-- \/ Yoast SEO plugin. -->","yoast_head_json":{"title":"Assurance t\u00e9l\u00e9phone mobile \u00e0 partir de 3,33 \u20ac \/ mois | Schutzklick","description":"Assurance mobile | 2,92\u20ac \/ mois \u2705 Assurance vol dans le monde entier \u2705 Protection en cas de chutes, bris d'\u00e9cran & accidents \u2705 Assurer en ligne maintenant!","robots":{"index":"index","follow":"follow","max-snippet":"max-snippet:-1","max-image-preview":"max-image-preview:large","max-video-preview":"max-video-preview:-1"},"canonical":"https:\/\/schutzklick.de\/handyversicherung\/diebstahl\/","og_locale":"fr_FR","og_type":"article","og_title":"Assurance t\u00e9l\u00e9phone mobile \u00e0 partir de 3,33 \u20ac \/ mois | Schutzklick","og_description":"Assurance mobile | 2,92\u20ac \/ mois \u2705 Assurance vol dans le monde entier \u2705 Protection en cas de chutes, bris d'\u00e9cran & accidents \u2705 Assurer en ligne maintenant!","og_url":"https:\/\/schutzklick.de\/handyversicherung\/diebstahl\/","og_site_name":"Schutzklick","article_modified_time":"2024-10-06T15:55:45+00:00","twitter_card":"summary_large_image","schema":{"@context":"https:\/\/schema.org","@graph":[{"@type":"WebPage","@id":"https:\/\/schutzklick.de\/handyversicherung\/diebstahl\/","url":"https:\/\/schutzklick.de\/handyversicherung\/diebstahl\/","name":"Assurance t\u00e9l\u00e9phone mobile \u00e0 partir de 3,33 \u20ac \/ mois | Schutzklick","isPartOf":{"@id":"https:\/\/schutzklick.de\/#website"},"datePublished":"2019-09-11T14:47:52+00:00","dateModified":"2024-10-06T15:55:45+00:00","description":"Assurance mobile | 2,92\u20ac \/ mois \u2705 Assurance vol dans le monde entier \u2705 Protection en cas de chutes, bris d'\u00e9cran & accidents \u2705 Assurer en ligne maintenant!","breadcrumb":{"@id":"https:\/\/schutzklick.de\/handyversicherung\/diebstahl\/#breadcrumb"},"inLanguage":"fr-FR","potentialAction":[{"@type":"ReadAction","target":["https:\/\/schutzklick.de\/handyversicherung\/diebstahl\/"]}]},{"@type":"BreadcrumbList","@id":"https:\/\/schutzklick.de\/handyversicherung\/diebstahl\/#breadcrumb","itemListElement":[{"@type":"ListItem","position":1,"name":"Startseite","item":"https:\/\/schutzklick.de\/fr\/"},{"@type":"ListItem","position":2,"name":"Handyversicherung","item":"https:\/\/schutzklick.de\/handyversicherung\/"},{"@type":"ListItem","position":3,"name":"Handy Diebstahlschutz"}]},{"@type":"WebSite","@id":"https:\/\/schutzklick.de\/#website","url":"https:\/\/schutzklick.de\/","name":"Schutzklick","description":"Assurance - En ligne","potentialAction":[{"@type":"SearchAction","target":{"@type":"EntryPoint","urlTemplate":"https:\/\/schutzklick.de\/?s={search_term_string}"},"query-input":{"@type":"PropertyValueSpecification","valueRequired":true,"valueName":"search_term_string"}}],"inLanguage":"fr-FR"}]}},"_links":{"self":[{"href":"https:\/\/schutzklick.de\/fr\/wp-json\/wp\/v2\/pages\/7442","targetHints":{"allow":["GET"]}}],"collection":[{"href":"https:\/\/schutzklick.de\/fr\/wp-json\/wp\/v2\/pages"}],"about":[{"href":"https:\/\/schutzklick.de\/fr\/wp-json\/wp\/v2\/types\/page"}],"author":[{"embeddable":true,"href":"https:\/\/schutzklick.de\/fr\/wp-json\/wp\/v2\/users\/1"}],"replies":[{"embeddable":true,"href":"https:\/\/schutzklick.de\/fr\/wp-json\/wp\/v2\/comments?post=7442"}],"version-history":[{"count":3,"href":"https:\/\/schutzklick.de\/fr\/wp-json\/wp\/v2\/pages\/7442\/revisions"}],"predecessor-version":[{"id":11453,"href":"https:\/\/schutzklick.de\/fr\/wp-json\/wp\/v2\/pages\/7442\/revisions\/11453"}],"up":[{"embeddable":true,"href":"https:\/\/schutzklick.de\/fr\/wp-json\/wp\/v2\/pages\/7441"}],"wp:attachment":[{"href":"https:\/\/schutzklick.de\/fr\/wp-json\/wp\/v2\/media?parent=7442"}],"curies":[{"name":"wp","href":"https:\/\/api.w.org\/{rel}","templated":true}]}}