{"id":7444,"date":"2019-10-11T14:49:11","date_gmt":"2019-10-11T12:49:11","guid":{"rendered":"https:\/\/www.simplesurance.se\/laptop-versicherung\/"},"modified":"2024-10-11T15:21:37","modified_gmt":"2024-10-11T13:21:37","slug":"assurance-ordinateur-portable","status":"publish","type":"page","link":"https:\/\/schutzklick.de\/fr\/assurance-ordinateur-portable\/","title":{"rendered":"Laptop-Versicherung"},"content":{"rendered":"","protected":false},"excerpt":{"rendered":"","protected":false},"author":5,"featured_media":0,"parent":0,"menu_order":200,"comment_status":"closed","ping_status":"closed","template":"","meta":{"_acf_changed":false,"footnotes":""},"class_list":["post-7444","page","type-page","status-publish","hentry"],"acf":[],"yoast_head":"<!-- This site is optimized with the Yoast SEO plugin v27.2 - https:\/\/yoast.com\/product\/yoast-seo-wordpress\/ -->\n<title>Assure ton ordinateur portable \u00e0 partir de 3,33 \u20ac \/ mois<\/title>\n<meta name=\"description\" content=\"Assurance PC portable avec dur\u00e9e de contrat fixe. Assure ton PC portable contre le vol et beaucoup d&#039;autres dommages, jusqu&#039;\u00e0 3 mois apr\u00e8s l&#039;achat.\" \/>\n<meta name=\"robots\" content=\"index, follow, max-snippet:-1, max-image-preview:large, max-video-preview:-1\" \/>\n<link rel=\"canonical\" href=\"https:\/\/schutzklick.de\/fr\/assurance-ordinateur-portable\/\" \/>\n<meta property=\"og:locale\" content=\"fr_FR\" \/>\n<meta property=\"og:type\" content=\"article\" \/>\n<meta property=\"og:title\" content=\"Assure ton ordinateur portable \u00e0 partir de 3,33 \u20ac \/ mois\" \/>\n<meta property=\"og:description\" content=\"Assurance PC portable avec dur\u00e9e de contrat fixe. Assure ton PC portable contre le vol et beaucoup d&#039;autres dommages, jusqu&#039;\u00e0 3 mois apr\u00e8s l&#039;achat.\" \/>\n<meta property=\"og:url\" content=\"https:\/\/schutzklick.de\/fr\/assurance-ordinateur-portable\/\" \/>\n<meta property=\"og:site_name\" content=\"Schutzklick\" \/>\n<meta property=\"article:modified_time\" content=\"2024-10-11T13:21:37+00:00\" \/>\n<meta name=\"twitter:card\" content=\"summary_large_image\" \/>\n<script type=\"application\/ld+json\" class=\"yoast-schema-graph\">{\"@context\":\"https:\/\/schema.org\",\"@graph\":[{\"@type\":\"WebPage\",\"@id\":\"https:\/\/schutzklick.de\/fr\/assurance-ordinateur-portable\/\",\"url\":\"https:\/\/schutzklick.de\/fr\/assurance-ordinateur-portable\/\",\"name\":\"Assure ton ordinateur portable \u00e0 partir de 3,33 \u20ac \/ mois\",\"isPartOf\":{\"@id\":\"https:\/\/schutzklick.de\/#website\"},\"datePublished\":\"2019-10-11T12:49:11+00:00\",\"dateModified\":\"2024-10-11T13:21:37+00:00\",\"description\":\"Assurance PC portable avec dur\u00e9e de contrat fixe. Assure ton PC portable contre le vol et beaucoup d'autres dommages, jusqu'\u00e0 3 mois apr\u00e8s l'achat.\",\"breadcrumb\":{\"@id\":\"https:\/\/schutzklick.de\/fr\/assurance-ordinateur-portable\/#breadcrumb\"},\"inLanguage\":\"fr-FR\",\"potentialAction\":[{\"@type\":\"ReadAction\",\"target\":[\"https:\/\/schutzklick.de\/fr\/assurance-ordinateur-portable\/\"]}]},{\"@type\":\"BreadcrumbList\",\"@id\":\"https:\/\/schutzklick.de\/fr\/assurance-ordinateur-portable\/#breadcrumb\",\"itemListElement\":[{\"@type\":\"ListItem\",\"position\":1,\"name\":\"Startseite\",\"item\":\"https:\/\/schutzklick.de\/fr\/\"},{\"@type\":\"ListItem\",\"position\":2,\"name\":\"Laptop-Versicherung\"}]},{\"@type\":\"WebSite\",\"@id\":\"https:\/\/schutzklick.de\/#website\",\"url\":\"https:\/\/schutzklick.de\/\",\"name\":\"Schutzklick\",\"description\":\"Assurance - En ligne\",\"potentialAction\":[{\"@type\":\"SearchAction\",\"target\":{\"@type\":\"EntryPoint\",\"urlTemplate\":\"https:\/\/schutzklick.de\/?s={search_term_string}\"},\"query-input\":{\"@type\":\"PropertyValueSpecification\",\"valueRequired\":true,\"valueName\":\"search_term_string\"}}],\"inLanguage\":\"fr-FR\"}]}<\/script>\n<!-- \/ Yoast SEO plugin. -->","yoast_head_json":{"title":"Assure ton ordinateur portable \u00e0 partir de 3,33 \u20ac \/ mois","description":"Assurance PC portable avec dur\u00e9e de contrat fixe. Assure ton PC portable contre le vol et beaucoup d'autres dommages, jusqu'\u00e0 3 mois apr\u00e8s l'achat.","robots":{"index":"index","follow":"follow","max-snippet":"max-snippet:-1","max-image-preview":"max-image-preview:large","max-video-preview":"max-video-preview:-1"},"canonical":"https:\/\/schutzklick.de\/fr\/assurance-ordinateur-portable\/","og_locale":"fr_FR","og_type":"article","og_title":"Assure ton ordinateur portable \u00e0 partir de 3,33 \u20ac \/ mois","og_description":"Assurance PC portable avec dur\u00e9e de contrat fixe. Assure ton PC portable contre le vol et beaucoup d'autres dommages, jusqu'\u00e0 3 mois apr\u00e8s l'achat.","og_url":"https:\/\/schutzklick.de\/fr\/assurance-ordinateur-portable\/","og_site_name":"Schutzklick","article_modified_time":"2024-10-11T13:21:37+00:00","twitter_card":"summary_large_image","schema":{"@context":"https:\/\/schema.org","@graph":[{"@type":"WebPage","@id":"https:\/\/schutzklick.de\/fr\/assurance-ordinateur-portable\/","url":"https:\/\/schutzklick.de\/fr\/assurance-ordinateur-portable\/","name":"Assure ton ordinateur portable \u00e0 partir de 3,33 \u20ac \/ mois","isPartOf":{"@id":"https:\/\/schutzklick.de\/#website"},"datePublished":"2019-10-11T12:49:11+00:00","dateModified":"2024-10-11T13:21:37+00:00","description":"Assurance PC portable avec dur\u00e9e de contrat fixe. Assure ton PC portable contre le vol et beaucoup d'autres dommages, jusqu'\u00e0 3 mois apr\u00e8s l'achat.","breadcrumb":{"@id":"https:\/\/schutzklick.de\/fr\/assurance-ordinateur-portable\/#breadcrumb"},"inLanguage":"fr-FR","potentialAction":[{"@type":"ReadAction","target":["https:\/\/schutzklick.de\/fr\/assurance-ordinateur-portable\/"]}]},{"@type":"BreadcrumbList","@id":"https:\/\/schutzklick.de\/fr\/assurance-ordinateur-portable\/#breadcrumb","itemListElement":[{"@type":"ListItem","position":1,"name":"Startseite","item":"https:\/\/schutzklick.de\/fr\/"},{"@type":"ListItem","position":2,"name":"Laptop-Versicherung"}]},{"@type":"WebSite","@id":"https:\/\/schutzklick.de\/#website","url":"https:\/\/schutzklick.de\/","name":"Schutzklick","description":"Assurance - En ligne","potentialAction":[{"@type":"SearchAction","target":{"@type":"EntryPoint","urlTemplate":"https:\/\/schutzklick.de\/?s={search_term_string}"},"query-input":{"@type":"PropertyValueSpecification","valueRequired":true,"valueName":"search_term_string"}}],"inLanguage":"fr-FR"}]}},"_links":{"self":[{"href":"https:\/\/schutzklick.de\/fr\/wp-json\/wp\/v2\/pages\/7444","targetHints":{"allow":["GET"]}}],"collection":[{"href":"https:\/\/schutzklick.de\/fr\/wp-json\/wp\/v2\/pages"}],"about":[{"href":"https:\/\/schutzklick.de\/fr\/wp-json\/wp\/v2\/types\/page"}],"author":[{"embeddable":true,"href":"https:\/\/schutzklick.de\/fr\/wp-json\/wp\/v2\/users\/5"}],"replies":[{"embeddable":true,"href":"https:\/\/schutzklick.de\/fr\/wp-json\/wp\/v2\/comments?post=7444"}],"version-history":[{"count":4,"href":"https:\/\/schutzklick.de\/fr\/wp-json\/wp\/v2\/pages\/7444\/revisions"}],"predecessor-version":[{"id":11921,"href":"https:\/\/schutzklick.de\/fr\/wp-json\/wp\/v2\/pages\/7444\/revisions\/11921"}],"wp:attachment":[{"href":"https:\/\/schutzklick.de\/fr\/wp-json\/wp\/v2\/media?parent=7444"}],"curies":[{"name":"wp","href":"https:\/\/api.w.org\/{rel}","templated":true}]}}