{"id":7464,"date":"2019-10-14T13:33:48","date_gmt":"2019-10-14T11:33:48","guid":{"rendered":"https:\/\/www.simplesurance.se\/ipad-versicherung\/"},"modified":"2024-10-07T09:52:01","modified_gmt":"2024-10-07T07:52:01","slug":"assurance-ipad","status":"publish","type":"page","link":"https:\/\/schutzklick.de\/fr\/assurance-ipad\/","title":{"rendered":"iPad-Versicherung"},"content":{"rendered":"","protected":false},"excerpt":{"rendered":"","protected":false},"author":5,"featured_media":0,"parent":0,"menu_order":230,"comment_status":"closed","ping_status":"closed","template":"","meta":{"_acf_changed":false,"footnotes":""},"class_list":["post-7464","page","type-page","status-publish","hentry"],"acf":[],"yoast_head":"<!-- This site is optimized with the Yoast SEO plugin v27.2 - https:\/\/yoast.com\/product\/yoast-seo-wordpress\/ -->\n<title>Assurance iPad + protection contre le vol<\/title>\n<meta name=\"description\" content=\"Assurance iPad \u00e0 partir de 3,33 \u20ac\/mois. Assure ton iPad jusqu&#039;\u00e0 3 mois apr\u00e8s l&#039;achat. Pas d&#039;abonnement. Protection contre le vol, bris d&#039;\u00e9cran &amp; plus.\" \/>\n<meta name=\"robots\" content=\"index, follow, max-snippet:-1, max-image-preview:large, max-video-preview:-1\" \/>\n<link rel=\"canonical\" href=\"https:\/\/schutzklick.de\/ipad-versicherung\/\" \/>\n<meta property=\"og:locale\" content=\"fr_FR\" \/>\n<meta property=\"og:type\" content=\"article\" \/>\n<meta property=\"og:title\" content=\"Assurance iPad + protection contre le vol\" \/>\n<meta property=\"og:description\" content=\"Assurance iPad \u00e0 partir de 3,33 \u20ac\/mois. Assure ton iPad jusqu&#039;\u00e0 3 mois apr\u00e8s l&#039;achat. Pas d&#039;abonnement. Protection contre le vol, bris d&#039;\u00e9cran &amp; plus.\" \/>\n<meta property=\"og:url\" content=\"https:\/\/schutzklick.de\/ipad-versicherung\/\" \/>\n<meta property=\"og:site_name\" content=\"Schutzklick\" \/>\n<meta property=\"article:modified_time\" content=\"2024-10-07T07:52:01+00:00\" \/>\n<meta name=\"twitter:card\" content=\"summary_large_image\" \/>\n<script type=\"application\/ld+json\" class=\"yoast-schema-graph\">{\"@context\":\"https:\/\/schema.org\",\"@graph\":[{\"@type\":\"WebPage\",\"@id\":\"https:\/\/schutzklick.de\/ipad-versicherung\/\",\"url\":\"https:\/\/schutzklick.de\/ipad-versicherung\/\",\"name\":\"Assurance iPad + protection contre le vol\",\"isPartOf\":{\"@id\":\"https:\/\/schutzklick.de\/#website\"},\"datePublished\":\"2019-10-14T11:33:48+00:00\",\"dateModified\":\"2024-10-07T07:52:01+00:00\",\"description\":\"Assurance iPad \u00e0 partir de 3,33 \u20ac\/mois. Assure ton iPad jusqu'\u00e0 3 mois apr\u00e8s l'achat. Pas d'abonnement. Protection contre le vol, bris d'\u00e9cran & plus.\",\"breadcrumb\":{\"@id\":\"https:\/\/schutzklick.de\/ipad-versicherung\/#breadcrumb\"},\"inLanguage\":\"fr-FR\",\"potentialAction\":[{\"@type\":\"ReadAction\",\"target\":[\"https:\/\/schutzklick.de\/ipad-versicherung\/\"]}]},{\"@type\":\"BreadcrumbList\",\"@id\":\"https:\/\/schutzklick.de\/ipad-versicherung\/#breadcrumb\",\"itemListElement\":[{\"@type\":\"ListItem\",\"position\":1,\"name\":\"Startseite\",\"item\":\"https:\/\/schutzklick.de\/fr\/\"},{\"@type\":\"ListItem\",\"position\":2,\"name\":\"iPad-Versicherung\"}]},{\"@type\":\"WebSite\",\"@id\":\"https:\/\/schutzklick.de\/#website\",\"url\":\"https:\/\/schutzklick.de\/\",\"name\":\"Schutzklick\",\"description\":\"Assurance - En ligne\",\"potentialAction\":[{\"@type\":\"SearchAction\",\"target\":{\"@type\":\"EntryPoint\",\"urlTemplate\":\"https:\/\/schutzklick.de\/?s={search_term_string}\"},\"query-input\":{\"@type\":\"PropertyValueSpecification\",\"valueRequired\":true,\"valueName\":\"search_term_string\"}}],\"inLanguage\":\"fr-FR\"}]}<\/script>\n<!-- \/ Yoast SEO plugin. -->","yoast_head_json":{"title":"Assurance iPad + protection contre le vol","description":"Assurance iPad \u00e0 partir de 3,33 \u20ac\/mois. Assure ton iPad jusqu'\u00e0 3 mois apr\u00e8s l'achat. Pas d'abonnement. Protection contre le vol, bris d'\u00e9cran & plus.","robots":{"index":"index","follow":"follow","max-snippet":"max-snippet:-1","max-image-preview":"max-image-preview:large","max-video-preview":"max-video-preview:-1"},"canonical":"https:\/\/schutzklick.de\/ipad-versicherung\/","og_locale":"fr_FR","og_type":"article","og_title":"Assurance iPad + protection contre le vol","og_description":"Assurance iPad \u00e0 partir de 3,33 \u20ac\/mois. Assure ton iPad jusqu'\u00e0 3 mois apr\u00e8s l'achat. Pas d'abonnement. Protection contre le vol, bris d'\u00e9cran & plus.","og_url":"https:\/\/schutzklick.de\/ipad-versicherung\/","og_site_name":"Schutzklick","article_modified_time":"2024-10-07T07:52:01+00:00","twitter_card":"summary_large_image","schema":{"@context":"https:\/\/schema.org","@graph":[{"@type":"WebPage","@id":"https:\/\/schutzklick.de\/ipad-versicherung\/","url":"https:\/\/schutzklick.de\/ipad-versicherung\/","name":"Assurance iPad + protection contre le vol","isPartOf":{"@id":"https:\/\/schutzklick.de\/#website"},"datePublished":"2019-10-14T11:33:48+00:00","dateModified":"2024-10-07T07:52:01+00:00","description":"Assurance iPad \u00e0 partir de 3,33 \u20ac\/mois. Assure ton iPad jusqu'\u00e0 3 mois apr\u00e8s l'achat. Pas d'abonnement. Protection contre le vol, bris d'\u00e9cran & plus.","breadcrumb":{"@id":"https:\/\/schutzklick.de\/ipad-versicherung\/#breadcrumb"},"inLanguage":"fr-FR","potentialAction":[{"@type":"ReadAction","target":["https:\/\/schutzklick.de\/ipad-versicherung\/"]}]},{"@type":"BreadcrumbList","@id":"https:\/\/schutzklick.de\/ipad-versicherung\/#breadcrumb","itemListElement":[{"@type":"ListItem","position":1,"name":"Startseite","item":"https:\/\/schutzklick.de\/fr\/"},{"@type":"ListItem","position":2,"name":"iPad-Versicherung"}]},{"@type":"WebSite","@id":"https:\/\/schutzklick.de\/#website","url":"https:\/\/schutzklick.de\/","name":"Schutzklick","description":"Assurance - En ligne","potentialAction":[{"@type":"SearchAction","target":{"@type":"EntryPoint","urlTemplate":"https:\/\/schutzklick.de\/?s={search_term_string}"},"query-input":{"@type":"PropertyValueSpecification","valueRequired":true,"valueName":"search_term_string"}}],"inLanguage":"fr-FR"}]}},"_links":{"self":[{"href":"https:\/\/schutzklick.de\/fr\/wp-json\/wp\/v2\/pages\/7464","targetHints":{"allow":["GET"]}}],"collection":[{"href":"https:\/\/schutzklick.de\/fr\/wp-json\/wp\/v2\/pages"}],"about":[{"href":"https:\/\/schutzklick.de\/fr\/wp-json\/wp\/v2\/types\/page"}],"author":[{"embeddable":true,"href":"https:\/\/schutzklick.de\/fr\/wp-json\/wp\/v2\/users\/5"}],"replies":[{"embeddable":true,"href":"https:\/\/schutzklick.de\/fr\/wp-json\/wp\/v2\/comments?post=7464"}],"version-history":[{"count":2,"href":"https:\/\/schutzklick.de\/fr\/wp-json\/wp\/v2\/pages\/7464\/revisions"}],"predecessor-version":[{"id":11100,"href":"https:\/\/schutzklick.de\/fr\/wp-json\/wp\/v2\/pages\/7464\/revisions\/11100"}],"wp:attachment":[{"href":"https:\/\/schutzklick.de\/fr\/wp-json\/wp\/v2\/media?parent=7464"}],"curies":[{"name":"wp","href":"https:\/\/api.w.org\/{rel}","templated":true}]}}