{"id":7488,"date":"2019-11-01T13:35:17","date_gmt":"2019-11-01T12:35:17","guid":{"rendered":"https:\/\/www.simplesurance.se\/garantieverlaengerung-waschmaschine\/"},"modified":"2023-08-30T14:43:21","modified_gmt":"2023-08-30T12:43:21","slug":"garantie-lave-linge","status":"publish","type":"page","link":"https:\/\/schutzklick.de\/fr\/garantie-lave-linge\/","title":{"rendered":"Garantieverl\u00e4ngerung-Trockner, Wasch- &#038; Sp\u00fclmaschinen_SK"},"content":{"rendered":"","protected":false},"excerpt":{"rendered":"","protected":false},"author":5,"featured_media":0,"parent":0,"menu_order":607,"comment_status":"closed","ping_status":"closed","template":"","meta":{"_acf_changed":false,"footnotes":""},"class_list":["post-7488","page","type-page","status-publish","hentry"],"acf":[],"yoast_head":"<!-- This site is optimized with the Yoast SEO plugin v27.2 - https:\/\/yoast.com\/product\/yoast-seo-wordpress\/ -->\n<title>Extension de garantie pour lave-linges d\u00e8s 1,25 \u20ac \/ mois<\/title>\n<meta name=\"description\" content=\"Extension de garantie: Protection contre les frais de r\u00e9paration \u00e9lev\u00e9s pour lave-linges - d\u00e8s 1,66\u20ac \/ mois. Extension sur 36, 48 ou 60 mois au choix.\" \/>\n<meta name=\"robots\" content=\"index, follow, max-snippet:-1, max-image-preview:large, max-video-preview:-1\" \/>\n<link rel=\"canonical\" href=\"https:\/\/schutzklick.de\/?page_id=2330\" \/>\n<meta property=\"og:locale\" content=\"fr_FR\" \/>\n<meta property=\"og:type\" content=\"article\" \/>\n<meta property=\"og:title\" content=\"Extension de garantie pour lave-linges d\u00e8s 1,25 \u20ac \/ mois\" \/>\n<meta property=\"og:description\" content=\"Extension de garantie: Protection contre les frais de r\u00e9paration \u00e9lev\u00e9s pour lave-linges - d\u00e8s 1,66\u20ac \/ mois. Extension sur 36, 48 ou 60 mois au choix.\" \/>\n<meta property=\"og:url\" content=\"https:\/\/schutzklick.de\/?page_id=2330\" \/>\n<meta property=\"og:site_name\" content=\"Schutzklick\" \/>\n<meta property=\"article:modified_time\" content=\"2023-08-30T12:43:21+00:00\" \/>\n<meta name=\"twitter:card\" content=\"summary_large_image\" \/>\n<script type=\"application\/ld+json\" class=\"yoast-schema-graph\">{\"@context\":\"https:\/\/schema.org\",\"@graph\":[{\"@type\":\"WebPage\",\"@id\":\"https:\/\/schutzklick.de\/?page_id=2330\",\"url\":\"https:\/\/schutzklick.de\/?page_id=2330\",\"name\":\"Extension de garantie pour lave-linges d\u00e8s 1,25 \u20ac \/ mois\",\"isPartOf\":{\"@id\":\"https:\/\/schutzklick.de\/#website\"},\"datePublished\":\"2019-11-01T12:35:17+00:00\",\"dateModified\":\"2023-08-30T12:43:21+00:00\",\"description\":\"Extension de garantie: Protection contre les frais de r\u00e9paration \u00e9lev\u00e9s pour lave-linges - d\u00e8s 1,66\u20ac \/ mois. Extension sur 36, 48 ou 60 mois au choix.\",\"breadcrumb\":{\"@id\":\"https:\/\/schutzklick.de\/?page_id=2330#breadcrumb\"},\"inLanguage\":\"fr-FR\",\"potentialAction\":[{\"@type\":\"ReadAction\",\"target\":[\"https:\/\/schutzklick.de\/?page_id=2330\"]}]},{\"@type\":\"BreadcrumbList\",\"@id\":\"https:\/\/schutzklick.de\/?page_id=2330#breadcrumb\",\"itemListElement\":[{\"@type\":\"ListItem\",\"position\":1,\"name\":\"Startseite\",\"item\":\"https:\/\/schutzklick.de\/fr\/\"},{\"@type\":\"ListItem\",\"position\":2,\"name\":\"Garantieverl\u00e4ngerung-Trockner, Wasch- &#038; Sp\u00fclmaschinen_SK\"}]},{\"@type\":\"WebSite\",\"@id\":\"https:\/\/schutzklick.de\/#website\",\"url\":\"https:\/\/schutzklick.de\/\",\"name\":\"Schutzklick\",\"description\":\"Assurance - En ligne\",\"potentialAction\":[{\"@type\":\"SearchAction\",\"target\":{\"@type\":\"EntryPoint\",\"urlTemplate\":\"https:\/\/schutzklick.de\/?s={search_term_string}\"},\"query-input\":{\"@type\":\"PropertyValueSpecification\",\"valueRequired\":true,\"valueName\":\"search_term_string\"}}],\"inLanguage\":\"fr-FR\"}]}<\/script>\n<!-- \/ Yoast SEO plugin. -->","yoast_head_json":{"title":"Extension de garantie pour lave-linges d\u00e8s 1,25 \u20ac \/ mois","description":"Extension de garantie: Protection contre les frais de r\u00e9paration \u00e9lev\u00e9s pour lave-linges - d\u00e8s 1,66\u20ac \/ mois. Extension sur 36, 48 ou 60 mois au choix.","robots":{"index":"index","follow":"follow","max-snippet":"max-snippet:-1","max-image-preview":"max-image-preview:large","max-video-preview":"max-video-preview:-1"},"canonical":"https:\/\/schutzklick.de\/?page_id=2330","og_locale":"fr_FR","og_type":"article","og_title":"Extension de garantie pour lave-linges d\u00e8s 1,25 \u20ac \/ mois","og_description":"Extension de garantie: Protection contre les frais de r\u00e9paration \u00e9lev\u00e9s pour lave-linges - d\u00e8s 1,66\u20ac \/ mois. Extension sur 36, 48 ou 60 mois au choix.","og_url":"https:\/\/schutzklick.de\/?page_id=2330","og_site_name":"Schutzklick","article_modified_time":"2023-08-30T12:43:21+00:00","twitter_card":"summary_large_image","schema":{"@context":"https:\/\/schema.org","@graph":[{"@type":"WebPage","@id":"https:\/\/schutzklick.de\/?page_id=2330","url":"https:\/\/schutzklick.de\/?page_id=2330","name":"Extension de garantie pour lave-linges d\u00e8s 1,25 \u20ac \/ mois","isPartOf":{"@id":"https:\/\/schutzklick.de\/#website"},"datePublished":"2019-11-01T12:35:17+00:00","dateModified":"2023-08-30T12:43:21+00:00","description":"Extension de garantie: Protection contre les frais de r\u00e9paration \u00e9lev\u00e9s pour lave-linges - d\u00e8s 1,66\u20ac \/ mois. Extension sur 36, 48 ou 60 mois au choix.","breadcrumb":{"@id":"https:\/\/schutzklick.de\/?page_id=2330#breadcrumb"},"inLanguage":"fr-FR","potentialAction":[{"@type":"ReadAction","target":["https:\/\/schutzklick.de\/?page_id=2330"]}]},{"@type":"BreadcrumbList","@id":"https:\/\/schutzklick.de\/?page_id=2330#breadcrumb","itemListElement":[{"@type":"ListItem","position":1,"name":"Startseite","item":"https:\/\/schutzklick.de\/fr\/"},{"@type":"ListItem","position":2,"name":"Garantieverl\u00e4ngerung-Trockner, Wasch- &#038; Sp\u00fclmaschinen_SK"}]},{"@type":"WebSite","@id":"https:\/\/schutzklick.de\/#website","url":"https:\/\/schutzklick.de\/","name":"Schutzklick","description":"Assurance - En ligne","potentialAction":[{"@type":"SearchAction","target":{"@type":"EntryPoint","urlTemplate":"https:\/\/schutzklick.de\/?s={search_term_string}"},"query-input":{"@type":"PropertyValueSpecification","valueRequired":true,"valueName":"search_term_string"}}],"inLanguage":"fr-FR"}]}},"_links":{"self":[{"href":"https:\/\/schutzklick.de\/fr\/wp-json\/wp\/v2\/pages\/7488","targetHints":{"allow":["GET"]}}],"collection":[{"href":"https:\/\/schutzklick.de\/fr\/wp-json\/wp\/v2\/pages"}],"about":[{"href":"https:\/\/schutzklick.de\/fr\/wp-json\/wp\/v2\/types\/page"}],"author":[{"embeddable":true,"href":"https:\/\/schutzklick.de\/fr\/wp-json\/wp\/v2\/users\/5"}],"replies":[{"embeddable":true,"href":"https:\/\/schutzklick.de\/fr\/wp-json\/wp\/v2\/comments?post=7488"}],"version-history":[{"count":0,"href":"https:\/\/schutzklick.de\/fr\/wp-json\/wp\/v2\/pages\/7488\/revisions"}],"wp:attachment":[{"href":"https:\/\/schutzklick.de\/fr\/wp-json\/wp\/v2\/media?parent=7488"}],"curies":[{"name":"wp","href":"https:\/\/api.w.org\/{rel}","templated":true}]}}