{"id":7509,"date":"2019-10-17T13:56:46","date_gmt":"2019-10-17T11:56:46","guid":{"rendered":"https:\/\/www.simplesurance.se\/garantieverlaengerung-macbook\/"},"modified":"2021-08-20T13:19:52","modified_gmt":"2021-08-20T11:19:52","slug":"garantie-macbook","status":"publish","type":"page","link":"https:\/\/schutzklick.de\/fr\/garantie-macbook\/","title":{"rendered":"Garantieverl\u00e4ngerung-MacBook_SK"},"content":{"rendered":"","protected":false},"excerpt":{"rendered":"","protected":false},"author":5,"featured_media":0,"parent":0,"menu_order":620,"comment_status":"closed","ping_status":"closed","template":"","meta":{"_acf_changed":false,"footnotes":""},"class_list":["post-7509","page","type-page","status-publish","hentry"],"acf":[],"yoast_head":"<!-- This site is optimized with the Yoast SEO plugin v27.2 - https:\/\/yoast.com\/product\/yoast-seo-wordpress\/ -->\n<title>Extension de Garantie MacBook | schutzklick<\/title>\n<meta name=\"description\" content=\"Extension de garantie: Prot\u00e9gez votre MacBook et \u00e9vit\u00e9 des frais de R\u00e9paration inutiles d\u00e8s 1,66\u20ac \/ mois. Etendez sa Garantie sur 36, 48, 60 mois au choix.\" \/>\n<meta name=\"robots\" content=\"index, follow, max-snippet:-1, max-image-preview:large, max-video-preview:-1\" \/>\n<link rel=\"canonical\" href=\"https:\/\/schutzklick.de\/?page_id=1610\" \/>\n<meta property=\"og:locale\" content=\"fr_FR\" \/>\n<meta property=\"og:type\" content=\"article\" \/>\n<meta property=\"og:title\" content=\"Extension de Garantie MacBook | schutzklick\" \/>\n<meta property=\"og:description\" content=\"Extension de garantie: Prot\u00e9gez votre MacBook et \u00e9vit\u00e9 des frais de R\u00e9paration inutiles d\u00e8s 1,66\u20ac \/ mois. Etendez sa Garantie sur 36, 48, 60 mois au choix.\" \/>\n<meta property=\"og:url\" content=\"https:\/\/schutzklick.de\/?page_id=1610\" \/>\n<meta property=\"og:site_name\" content=\"Schutzklick\" \/>\n<meta property=\"article:modified_time\" content=\"2021-08-20T11:19:52+00:00\" \/>\n<meta name=\"twitter:card\" content=\"summary_large_image\" \/>\n<script type=\"application\/ld+json\" class=\"yoast-schema-graph\">{\"@context\":\"https:\/\/schema.org\",\"@graph\":[{\"@type\":\"WebPage\",\"@id\":\"https:\/\/schutzklick.de\/?page_id=1610\",\"url\":\"https:\/\/schutzklick.de\/?page_id=1610\",\"name\":\"Extension de Garantie MacBook | schutzklick\",\"isPartOf\":{\"@id\":\"https:\/\/schutzklick.de\/#website\"},\"datePublished\":\"2019-10-17T11:56:46+00:00\",\"dateModified\":\"2021-08-20T11:19:52+00:00\",\"description\":\"Extension de garantie: Prot\u00e9gez votre MacBook et \u00e9vit\u00e9 des frais de R\u00e9paration inutiles d\u00e8s 1,66\u20ac \/ mois. Etendez sa Garantie sur 36, 48, 60 mois au choix.\",\"breadcrumb\":{\"@id\":\"https:\/\/schutzklick.de\/?page_id=1610#breadcrumb\"},\"inLanguage\":\"fr-FR\",\"potentialAction\":[{\"@type\":\"ReadAction\",\"target\":[\"https:\/\/schutzklick.de\/?page_id=1610\"]}]},{\"@type\":\"BreadcrumbList\",\"@id\":\"https:\/\/schutzklick.de\/?page_id=1610#breadcrumb\",\"itemListElement\":[{\"@type\":\"ListItem\",\"position\":1,\"name\":\"Startseite\",\"item\":\"https:\/\/schutzklick.de\/fr\/\"},{\"@type\":\"ListItem\",\"position\":2,\"name\":\"Garantieverl\u00e4ngerung-MacBook_SK\"}]},{\"@type\":\"WebSite\",\"@id\":\"https:\/\/schutzklick.de\/#website\",\"url\":\"https:\/\/schutzklick.de\/\",\"name\":\"Schutzklick\",\"description\":\"Assurance - En ligne\",\"potentialAction\":[{\"@type\":\"SearchAction\",\"target\":{\"@type\":\"EntryPoint\",\"urlTemplate\":\"https:\/\/schutzklick.de\/?s={search_term_string}\"},\"query-input\":{\"@type\":\"PropertyValueSpecification\",\"valueRequired\":true,\"valueName\":\"search_term_string\"}}],\"inLanguage\":\"fr-FR\"}]}<\/script>\n<!-- \/ Yoast SEO plugin. -->","yoast_head_json":{"title":"Extension de Garantie MacBook | schutzklick","description":"Extension de garantie: Prot\u00e9gez votre MacBook et \u00e9vit\u00e9 des frais de R\u00e9paration inutiles d\u00e8s 1,66\u20ac \/ mois. Etendez sa Garantie sur 36, 48, 60 mois au choix.","robots":{"index":"index","follow":"follow","max-snippet":"max-snippet:-1","max-image-preview":"max-image-preview:large","max-video-preview":"max-video-preview:-1"},"canonical":"https:\/\/schutzklick.de\/?page_id=1610","og_locale":"fr_FR","og_type":"article","og_title":"Extension de Garantie MacBook | schutzklick","og_description":"Extension de garantie: Prot\u00e9gez votre MacBook et \u00e9vit\u00e9 des frais de R\u00e9paration inutiles d\u00e8s 1,66\u20ac \/ mois. Etendez sa Garantie sur 36, 48, 60 mois au choix.","og_url":"https:\/\/schutzklick.de\/?page_id=1610","og_site_name":"Schutzklick","article_modified_time":"2021-08-20T11:19:52+00:00","twitter_card":"summary_large_image","schema":{"@context":"https:\/\/schema.org","@graph":[{"@type":"WebPage","@id":"https:\/\/schutzklick.de\/?page_id=1610","url":"https:\/\/schutzklick.de\/?page_id=1610","name":"Extension de Garantie MacBook | schutzklick","isPartOf":{"@id":"https:\/\/schutzklick.de\/#website"},"datePublished":"2019-10-17T11:56:46+00:00","dateModified":"2021-08-20T11:19:52+00:00","description":"Extension de garantie: Prot\u00e9gez votre MacBook et \u00e9vit\u00e9 des frais de R\u00e9paration inutiles d\u00e8s 1,66\u20ac \/ mois. Etendez sa Garantie sur 36, 48, 60 mois au choix.","breadcrumb":{"@id":"https:\/\/schutzklick.de\/?page_id=1610#breadcrumb"},"inLanguage":"fr-FR","potentialAction":[{"@type":"ReadAction","target":["https:\/\/schutzklick.de\/?page_id=1610"]}]},{"@type":"BreadcrumbList","@id":"https:\/\/schutzklick.de\/?page_id=1610#breadcrumb","itemListElement":[{"@type":"ListItem","position":1,"name":"Startseite","item":"https:\/\/schutzklick.de\/fr\/"},{"@type":"ListItem","position":2,"name":"Garantieverl\u00e4ngerung-MacBook_SK"}]},{"@type":"WebSite","@id":"https:\/\/schutzklick.de\/#website","url":"https:\/\/schutzklick.de\/","name":"Schutzklick","description":"Assurance - En ligne","potentialAction":[{"@type":"SearchAction","target":{"@type":"EntryPoint","urlTemplate":"https:\/\/schutzklick.de\/?s={search_term_string}"},"query-input":{"@type":"PropertyValueSpecification","valueRequired":true,"valueName":"search_term_string"}}],"inLanguage":"fr-FR"}]}},"_links":{"self":[{"href":"https:\/\/schutzklick.de\/fr\/wp-json\/wp\/v2\/pages\/7509","targetHints":{"allow":["GET"]}}],"collection":[{"href":"https:\/\/schutzklick.de\/fr\/wp-json\/wp\/v2\/pages"}],"about":[{"href":"https:\/\/schutzklick.de\/fr\/wp-json\/wp\/v2\/types\/page"}],"author":[{"embeddable":true,"href":"https:\/\/schutzklick.de\/fr\/wp-json\/wp\/v2\/users\/5"}],"replies":[{"embeddable":true,"href":"https:\/\/schutzklick.de\/fr\/wp-json\/wp\/v2\/comments?post=7509"}],"version-history":[{"count":0,"href":"https:\/\/schutzklick.de\/fr\/wp-json\/wp\/v2\/pages\/7509\/revisions"}],"wp:attachment":[{"href":"https:\/\/schutzklick.de\/fr\/wp-json\/wp\/v2\/media?parent=7509"}],"curies":[{"name":"wp","href":"https:\/\/api.w.org\/{rel}","templated":true}]}}