{"id":7282,"date":"2019-10-15T11:07:08","date_gmt":"2019-10-15T10:07:08","guid":{"rendered":"https:\/\/www.simplesurance.se\/samsung-galaxy-handyversicherung\/"},"modified":"2024-10-26T11:31:02","modified_gmt":"2024-10-26T09:31:02","slug":"ubezpieczenie-telefonu-komorkowego-samsung-galaxy","status":"publish","type":"page","link":"https:\/\/schutzklick.de\/pl\/ubezpieczenie-telefonu-komorkowego-samsung-galaxy\/","title":{"rendered":"Samsung-Galaxy-Versicherung"},"content":{"rendered":"","protected":false},"excerpt":{"rendered":"","protected":false},"author":5,"featured_media":0,"parent":0,"menu_order":110,"comment_status":"closed","ping_status":"closed","template":"","meta":{"_acf_changed":false,"footnotes":""},"class_list":["post-7282","page","type-page","status-publish","hentry"],"acf":[],"yoast_head":"<!-- This site is optimized with the Yoast SEO plugin v27.2 - https:\/\/yoast.com\/product\/yoast-seo-wordpress\/ -->\n<title>Ubezpieczenie Samsung Galaxy od 14,58 z\u0142\/mies. | Schutzklick<\/title>\n<meta name=\"description\" content=\"Ubezpieczenie Samsung Galaxy. Ubezpiecz sw\u00f3j Galaxy Note 10, S10 lub S9 na wypadek kradzie\u017cy, p\u0119kni\u0119cia wy\u015bwietlacza i zalania. Sta\u0142y okres obowi\u0105zywania umowy.\" \/>\n<meta name=\"robots\" content=\"index, follow, max-snippet:-1, max-image-preview:large, max-video-preview:-1\" \/>\n<link rel=\"canonical\" href=\"https:\/\/schutzklick.de\/pl\/ubezpieczenie-telefonu-komorkowego-samsung-galaxy\/\" \/>\n<meta property=\"og:locale\" content=\"pl_PL\" \/>\n<meta property=\"og:type\" content=\"article\" \/>\n<meta property=\"og:title\" content=\"Ubezpieczenie Samsung Galaxy od 14,58 z\u0142\/mies. | Schutzklick\" \/>\n<meta property=\"og:description\" content=\"Ubezpieczenie Samsung Galaxy. Ubezpiecz sw\u00f3j Galaxy Note 10, S10 lub S9 na wypadek kradzie\u017cy, p\u0119kni\u0119cia wy\u015bwietlacza i zalania. Sta\u0142y okres obowi\u0105zywania umowy.\" \/>\n<meta property=\"og:url\" content=\"https:\/\/schutzklick.de\/pl\/ubezpieczenie-telefonu-komorkowego-samsung-galaxy\/\" \/>\n<meta property=\"og:site_name\" content=\"Schutzklick\" \/>\n<meta property=\"article:modified_time\" content=\"2024-10-26T09:31:02+00:00\" \/>\n<meta name=\"twitter:card\" content=\"summary_large_image\" \/>\n<script type=\"application\/ld+json\" class=\"yoast-schema-graph\">{\"@context\":\"https:\/\/schema.org\",\"@graph\":[{\"@type\":\"WebPage\",\"@id\":\"https:\/\/schutzklick.de\/pl\/ubezpieczenie-telefonu-komorkowego-samsung-galaxy\/\",\"url\":\"https:\/\/schutzklick.de\/pl\/ubezpieczenie-telefonu-komorkowego-samsung-galaxy\/\",\"name\":\"Ubezpieczenie Samsung Galaxy od 14,58 z\u0142\/mies. | Schutzklick\",\"isPartOf\":{\"@id\":\"https:\/\/schutzklick.de\/#website\"},\"datePublished\":\"2019-10-15T10:07:08+00:00\",\"dateModified\":\"2024-10-26T09:31:02+00:00\",\"description\":\"Ubezpieczenie Samsung Galaxy. Ubezpiecz sw\u00f3j Galaxy Note 10, S10 lub S9 na wypadek kradzie\u017cy, p\u0119kni\u0119cia wy\u015bwietlacza i zalania. Sta\u0142y okres obowi\u0105zywania umowy.\",\"breadcrumb\":{\"@id\":\"https:\/\/schutzklick.de\/pl\/ubezpieczenie-telefonu-komorkowego-samsung-galaxy\/#breadcrumb\"},\"inLanguage\":\"pl-PL\",\"potentialAction\":[{\"@type\":\"ReadAction\",\"target\":[\"https:\/\/schutzklick.de\/pl\/ubezpieczenie-telefonu-komorkowego-samsung-galaxy\/\"]}]},{\"@type\":\"BreadcrumbList\",\"@id\":\"https:\/\/schutzklick.de\/pl\/ubezpieczenie-telefonu-komorkowego-samsung-galaxy\/#breadcrumb\",\"itemListElement\":[{\"@type\":\"ListItem\",\"position\":1,\"name\":\"Startseite\",\"item\":\"https:\/\/schutzklick.de\/pl\/\"},{\"@type\":\"ListItem\",\"position\":2,\"name\":\"Samsung-Galaxy-Versicherung\"}]},{\"@type\":\"WebSite\",\"@id\":\"https:\/\/schutzklick.de\/#website\",\"url\":\"https:\/\/schutzklick.de\/\",\"name\":\"Schutzklick\",\"description\":\"Ubezpieczenie \u2013 on-line\",\"potentialAction\":[{\"@type\":\"SearchAction\",\"target\":{\"@type\":\"EntryPoint\",\"urlTemplate\":\"https:\/\/schutzklick.de\/?s={search_term_string}\"},\"query-input\":{\"@type\":\"PropertyValueSpecification\",\"valueRequired\":true,\"valueName\":\"search_term_string\"}}],\"inLanguage\":\"pl-PL\"}]}<\/script>\n<!-- \/ Yoast SEO plugin. -->","yoast_head_json":{"title":"Ubezpieczenie Samsung Galaxy od 14,58 z\u0142\/mies. | Schutzklick","description":"Ubezpieczenie Samsung Galaxy. Ubezpiecz sw\u00f3j Galaxy Note 10, S10 lub S9 na wypadek kradzie\u017cy, p\u0119kni\u0119cia wy\u015bwietlacza i zalania. Sta\u0142y okres obowi\u0105zywania umowy.","robots":{"index":"index","follow":"follow","max-snippet":"max-snippet:-1","max-image-preview":"max-image-preview:large","max-video-preview":"max-video-preview:-1"},"canonical":"https:\/\/schutzklick.de\/pl\/ubezpieczenie-telefonu-komorkowego-samsung-galaxy\/","og_locale":"pl_PL","og_type":"article","og_title":"Ubezpieczenie Samsung Galaxy od 14,58 z\u0142\/mies. | Schutzklick","og_description":"Ubezpieczenie Samsung Galaxy. Ubezpiecz sw\u00f3j Galaxy Note 10, S10 lub S9 na wypadek kradzie\u017cy, p\u0119kni\u0119cia wy\u015bwietlacza i zalania. Sta\u0142y okres obowi\u0105zywania umowy.","og_url":"https:\/\/schutzklick.de\/pl\/ubezpieczenie-telefonu-komorkowego-samsung-galaxy\/","og_site_name":"Schutzklick","article_modified_time":"2024-10-26T09:31:02+00:00","twitter_card":"summary_large_image","schema":{"@context":"https:\/\/schema.org","@graph":[{"@type":"WebPage","@id":"https:\/\/schutzklick.de\/pl\/ubezpieczenie-telefonu-komorkowego-samsung-galaxy\/","url":"https:\/\/schutzklick.de\/pl\/ubezpieczenie-telefonu-komorkowego-samsung-galaxy\/","name":"Ubezpieczenie Samsung Galaxy od 14,58 z\u0142\/mies. | Schutzklick","isPartOf":{"@id":"https:\/\/schutzklick.de\/#website"},"datePublished":"2019-10-15T10:07:08+00:00","dateModified":"2024-10-26T09:31:02+00:00","description":"Ubezpieczenie Samsung Galaxy. Ubezpiecz sw\u00f3j Galaxy Note 10, S10 lub S9 na wypadek kradzie\u017cy, p\u0119kni\u0119cia wy\u015bwietlacza i zalania. Sta\u0142y okres obowi\u0105zywania umowy.","breadcrumb":{"@id":"https:\/\/schutzklick.de\/pl\/ubezpieczenie-telefonu-komorkowego-samsung-galaxy\/#breadcrumb"},"inLanguage":"pl-PL","potentialAction":[{"@type":"ReadAction","target":["https:\/\/schutzklick.de\/pl\/ubezpieczenie-telefonu-komorkowego-samsung-galaxy\/"]}]},{"@type":"BreadcrumbList","@id":"https:\/\/schutzklick.de\/pl\/ubezpieczenie-telefonu-komorkowego-samsung-galaxy\/#breadcrumb","itemListElement":[{"@type":"ListItem","position":1,"name":"Startseite","item":"https:\/\/schutzklick.de\/pl\/"},{"@type":"ListItem","position":2,"name":"Samsung-Galaxy-Versicherung"}]},{"@type":"WebSite","@id":"https:\/\/schutzklick.de\/#website","url":"https:\/\/schutzklick.de\/","name":"Schutzklick","description":"Ubezpieczenie \u2013 on-line","potentialAction":[{"@type":"SearchAction","target":{"@type":"EntryPoint","urlTemplate":"https:\/\/schutzklick.de\/?s={search_term_string}"},"query-input":{"@type":"PropertyValueSpecification","valueRequired":true,"valueName":"search_term_string"}}],"inLanguage":"pl-PL"}]}},"_links":{"self":[{"href":"https:\/\/schutzklick.de\/pl\/wp-json\/wp\/v2\/pages\/7282","targetHints":{"allow":["GET"]}}],"collection":[{"href":"https:\/\/schutzklick.de\/pl\/wp-json\/wp\/v2\/pages"}],"about":[{"href":"https:\/\/schutzklick.de\/pl\/wp-json\/wp\/v2\/types\/page"}],"author":[{"embeddable":true,"href":"https:\/\/schutzklick.de\/pl\/wp-json\/wp\/v2\/users\/5"}],"replies":[{"embeddable":true,"href":"https:\/\/schutzklick.de\/pl\/wp-json\/wp\/v2\/comments?post=7282"}],"version-history":[{"count":4,"href":"https:\/\/schutzklick.de\/pl\/wp-json\/wp\/v2\/pages\/7282\/revisions"}],"predecessor-version":[{"id":12000,"href":"https:\/\/schutzklick.de\/pl\/wp-json\/wp\/v2\/pages\/7282\/revisions\/12000"}],"wp:attachment":[{"href":"https:\/\/schutzklick.de\/pl\/wp-json\/wp\/v2\/media?parent=7282"}],"curies":[{"name":"wp","href":"https:\/\/api.w.org\/{rel}","templated":true}]}}