{"id":7283,"date":"2019-10-15T16:03:33","date_gmt":"2019-10-15T15:03:33","guid":{"rendered":"https:\/\/www.simplesurance.se\/huawei-handyversicherung\/"},"modified":"2024-10-06T17:40:34","modified_gmt":"2024-10-06T15:40:34","slug":"ubezpieczenie-telefonu-komorkowego-huawei","status":"publish","type":"page","link":"https:\/\/schutzklick.de\/pl\/ubezpieczenie-telefonu-komorkowego-huawei\/","title":{"rendered":"Huawei-Versicherung"},"content":{"rendered":"","protected":false},"excerpt":{"rendered":"","protected":false},"author":5,"featured_media":0,"parent":0,"menu_order":120,"comment_status":"closed","ping_status":"closed","template":"","meta":{"_acf_changed":false,"footnotes":""},"class_list":["post-7283","page","type-page","status-publish","hentry"],"acf":[],"yoast_head":"<!-- This site is optimized with the Yoast SEO plugin v27.2 - https:\/\/yoast.com\/product\/yoast-seo-wordpress\/ -->\n<title>Ubezpieczenie telefonu Huawei od 14,58 z\u0142\/mies.<\/title>\n<meta name=\"description\" content=\"Ubezpieczenie Huawei przed kradzie\u017c\u0105, p\u0119kni\u0119ciem wy\u015bwietlacza czy zalaniem. Do 3 miesi\u0119cy po zakupie. Sta\u0142y okres obowi\u0105zywania umowy. Ubezpiecz ju\u017c teraz!\" \/>\n<meta name=\"robots\" content=\"index, follow, max-snippet:-1, max-image-preview:large, max-video-preview:-1\" \/>\n<link rel=\"canonical\" href=\"https:\/\/schutzklick.de\/huawei-handyversicherung\/\" \/>\n<meta property=\"og:locale\" content=\"pl_PL\" \/>\n<meta property=\"og:type\" content=\"article\" \/>\n<meta property=\"og:title\" content=\"Ubezpieczenie telefonu Huawei od 14,58 z\u0142\/mies.\" \/>\n<meta property=\"og:description\" content=\"Ubezpieczenie Huawei przed kradzie\u017c\u0105, p\u0119kni\u0119ciem wy\u015bwietlacza czy zalaniem. Do 3 miesi\u0119cy po zakupie. Sta\u0142y okres obowi\u0105zywania umowy. Ubezpiecz ju\u017c teraz!\" \/>\n<meta property=\"og:url\" content=\"https:\/\/schutzklick.de\/huawei-handyversicherung\/\" \/>\n<meta property=\"og:site_name\" content=\"Schutzklick\" \/>\n<meta property=\"article:modified_time\" content=\"2024-10-06T15:40:34+00:00\" \/>\n<meta name=\"twitter:card\" content=\"summary_large_image\" \/>\n<script type=\"application\/ld+json\" class=\"yoast-schema-graph\">{\"@context\":\"https:\/\/schema.org\",\"@graph\":[{\"@type\":\"WebPage\",\"@id\":\"https:\/\/schutzklick.de\/huawei-handyversicherung\/\",\"url\":\"https:\/\/schutzklick.de\/huawei-handyversicherung\/\",\"name\":\"Ubezpieczenie telefonu Huawei od 14,58 z\u0142\/mies.\",\"isPartOf\":{\"@id\":\"https:\/\/schutzklick.de\/#website\"},\"datePublished\":\"2019-10-15T15:03:33+00:00\",\"dateModified\":\"2024-10-06T15:40:34+00:00\",\"description\":\"Ubezpieczenie Huawei przed kradzie\u017c\u0105, p\u0119kni\u0119ciem wy\u015bwietlacza czy zalaniem. Do 3 miesi\u0119cy po zakupie. Sta\u0142y okres obowi\u0105zywania umowy. Ubezpiecz ju\u017c teraz!\",\"breadcrumb\":{\"@id\":\"https:\/\/schutzklick.de\/huawei-handyversicherung\/#breadcrumb\"},\"inLanguage\":\"pl-PL\",\"potentialAction\":[{\"@type\":\"ReadAction\",\"target\":[\"https:\/\/schutzklick.de\/huawei-handyversicherung\/\"]}]},{\"@type\":\"BreadcrumbList\",\"@id\":\"https:\/\/schutzklick.de\/huawei-handyversicherung\/#breadcrumb\",\"itemListElement\":[{\"@type\":\"ListItem\",\"position\":1,\"name\":\"Startseite\",\"item\":\"https:\/\/schutzklick.de\/pl\/\"},{\"@type\":\"ListItem\",\"position\":2,\"name\":\"Huawei-Versicherung\"}]},{\"@type\":\"WebSite\",\"@id\":\"https:\/\/schutzklick.de\/#website\",\"url\":\"https:\/\/schutzklick.de\/\",\"name\":\"Schutzklick\",\"description\":\"Ubezpieczenie \u2013 on-line\",\"potentialAction\":[{\"@type\":\"SearchAction\",\"target\":{\"@type\":\"EntryPoint\",\"urlTemplate\":\"https:\/\/schutzklick.de\/?s={search_term_string}\"},\"query-input\":{\"@type\":\"PropertyValueSpecification\",\"valueRequired\":true,\"valueName\":\"search_term_string\"}}],\"inLanguage\":\"pl-PL\"}]}<\/script>\n<!-- \/ Yoast SEO plugin. -->","yoast_head_json":{"title":"Ubezpieczenie telefonu Huawei od 14,58 z\u0142\/mies.","description":"Ubezpieczenie Huawei przed kradzie\u017c\u0105, p\u0119kni\u0119ciem wy\u015bwietlacza czy zalaniem. Do 3 miesi\u0119cy po zakupie. Sta\u0142y okres obowi\u0105zywania umowy. Ubezpiecz ju\u017c teraz!","robots":{"index":"index","follow":"follow","max-snippet":"max-snippet:-1","max-image-preview":"max-image-preview:large","max-video-preview":"max-video-preview:-1"},"canonical":"https:\/\/schutzklick.de\/huawei-handyversicherung\/","og_locale":"pl_PL","og_type":"article","og_title":"Ubezpieczenie telefonu Huawei od 14,58 z\u0142\/mies.","og_description":"Ubezpieczenie Huawei przed kradzie\u017c\u0105, p\u0119kni\u0119ciem wy\u015bwietlacza czy zalaniem. Do 3 miesi\u0119cy po zakupie. Sta\u0142y okres obowi\u0105zywania umowy. Ubezpiecz ju\u017c teraz!","og_url":"https:\/\/schutzklick.de\/huawei-handyversicherung\/","og_site_name":"Schutzklick","article_modified_time":"2024-10-06T15:40:34+00:00","twitter_card":"summary_large_image","schema":{"@context":"https:\/\/schema.org","@graph":[{"@type":"WebPage","@id":"https:\/\/schutzklick.de\/huawei-handyversicherung\/","url":"https:\/\/schutzklick.de\/huawei-handyversicherung\/","name":"Ubezpieczenie telefonu Huawei od 14,58 z\u0142\/mies.","isPartOf":{"@id":"https:\/\/schutzklick.de\/#website"},"datePublished":"2019-10-15T15:03:33+00:00","dateModified":"2024-10-06T15:40:34+00:00","description":"Ubezpieczenie Huawei przed kradzie\u017c\u0105, p\u0119kni\u0119ciem wy\u015bwietlacza czy zalaniem. Do 3 miesi\u0119cy po zakupie. Sta\u0142y okres obowi\u0105zywania umowy. Ubezpiecz ju\u017c teraz!","breadcrumb":{"@id":"https:\/\/schutzklick.de\/huawei-handyversicherung\/#breadcrumb"},"inLanguage":"pl-PL","potentialAction":[{"@type":"ReadAction","target":["https:\/\/schutzklick.de\/huawei-handyversicherung\/"]}]},{"@type":"BreadcrumbList","@id":"https:\/\/schutzklick.de\/huawei-handyversicherung\/#breadcrumb","itemListElement":[{"@type":"ListItem","position":1,"name":"Startseite","item":"https:\/\/schutzklick.de\/pl\/"},{"@type":"ListItem","position":2,"name":"Huawei-Versicherung"}]},{"@type":"WebSite","@id":"https:\/\/schutzklick.de\/#website","url":"https:\/\/schutzklick.de\/","name":"Schutzklick","description":"Ubezpieczenie \u2013 on-line","potentialAction":[{"@type":"SearchAction","target":{"@type":"EntryPoint","urlTemplate":"https:\/\/schutzklick.de\/?s={search_term_string}"},"query-input":{"@type":"PropertyValueSpecification","valueRequired":true,"valueName":"search_term_string"}}],"inLanguage":"pl-PL"}]}},"_links":{"self":[{"href":"https:\/\/schutzklick.de\/pl\/wp-json\/wp\/v2\/pages\/7283","targetHints":{"allow":["GET"]}}],"collection":[{"href":"https:\/\/schutzklick.de\/pl\/wp-json\/wp\/v2\/pages"}],"about":[{"href":"https:\/\/schutzklick.de\/pl\/wp-json\/wp\/v2\/types\/page"}],"author":[{"embeddable":true,"href":"https:\/\/schutzklick.de\/pl\/wp-json\/wp\/v2\/users\/5"}],"replies":[{"embeddable":true,"href":"https:\/\/schutzklick.de\/pl\/wp-json\/wp\/v2\/comments?post=7283"}],"version-history":[{"count":2,"href":"https:\/\/schutzklick.de\/pl\/wp-json\/wp\/v2\/pages\/7283\/revisions"}],"predecessor-version":[{"id":11442,"href":"https:\/\/schutzklick.de\/pl\/wp-json\/wp\/v2\/pages\/7283\/revisions\/11442"}],"wp:attachment":[{"href":"https:\/\/schutzklick.de\/pl\/wp-json\/wp\/v2\/media?parent=7283"}],"curies":[{"name":"wp","href":"https:\/\/api.w.org\/{rel}","templated":true}]}}