{"id":7286,"date":"2019-09-11T16:47:52","date_gmt":"2019-09-11T14:47:52","guid":{"rendered":"https:\/\/www.simplesurance.se\/handyversicherung\/diebstahl\/"},"modified":"2024-10-06T17:57:22","modified_gmt":"2024-10-06T15:57:22","slug":"kradziez","status":"publish","type":"page","link":"https:\/\/schutzklick.de\/pl\/ubezpieczenie-telefonu-komorkowego\/kradziez\/","title":{"rendered":"Handy Diebstahlschutz"},"content":{"rendered":"","protected":false},"excerpt":{"rendered":"","protected":false},"author":1,"featured_media":0,"parent":7285,"menu_order":1,"comment_status":"closed","ping_status":"closed","template":"","meta":{"_acf_changed":false,"footnotes":""},"class_list":["post-7286","page","type-page","status-publish","hentry"],"acf":[],"yoast_head":"<!-- This site is optimized with the Yoast SEO plugin v27.2 - https:\/\/yoast.com\/product\/yoast-seo-wordpress\/ -->\n<title>Telefon ubezpieczenie od kradzie\u017cy | Schutzklick<\/title>\n<meta name=\"description\" content=\"Ubezpieczenie telefonu kom\u00f3rkowego na wypadek kradzie\u017cy. Do 3 miesi\u0119cy od zakupu. Bez abonamentu. Przejrzyste warunki umowy. Ubezpiecz telefon ju\u017c teraz!\" \/>\n<meta name=\"robots\" content=\"index, follow, max-snippet:-1, max-image-preview:large, max-video-preview:-1\" \/>\n<link rel=\"canonical\" href=\"https:\/\/schutzklick.de\/handyversicherung\/diebstahl\/\" \/>\n<meta property=\"og:locale\" content=\"pl_PL\" \/>\n<meta property=\"og:type\" content=\"article\" \/>\n<meta property=\"og:title\" content=\"Telefon ubezpieczenie od kradzie\u017cy | Schutzklick\" \/>\n<meta property=\"og:description\" content=\"Ubezpieczenie telefonu kom\u00f3rkowego na wypadek kradzie\u017cy. Do 3 miesi\u0119cy od zakupu. Bez abonamentu. Przejrzyste warunki umowy. Ubezpiecz telefon ju\u017c teraz!\" \/>\n<meta property=\"og:url\" content=\"https:\/\/schutzklick.de\/handyversicherung\/diebstahl\/\" \/>\n<meta property=\"og:site_name\" content=\"Schutzklick\" \/>\n<meta property=\"article:modified_time\" content=\"2024-10-06T15:57:22+00:00\" \/>\n<meta name=\"twitter:card\" content=\"summary_large_image\" \/>\n<script type=\"application\/ld+json\" class=\"yoast-schema-graph\">{\"@context\":\"https:\/\/schema.org\",\"@graph\":[{\"@type\":\"WebPage\",\"@id\":\"https:\/\/schutzklick.de\/handyversicherung\/diebstahl\/\",\"url\":\"https:\/\/schutzklick.de\/handyversicherung\/diebstahl\/\",\"name\":\"Telefon ubezpieczenie od kradzie\u017cy | Schutzklick\",\"isPartOf\":{\"@id\":\"https:\/\/schutzklick.de\/#website\"},\"datePublished\":\"2019-09-11T14:47:52+00:00\",\"dateModified\":\"2024-10-06T15:57:22+00:00\",\"description\":\"Ubezpieczenie telefonu kom\u00f3rkowego na wypadek kradzie\u017cy. Do 3 miesi\u0119cy od zakupu. Bez abonamentu. Przejrzyste warunki umowy. Ubezpiecz telefon ju\u017c teraz!\",\"breadcrumb\":{\"@id\":\"https:\/\/schutzklick.de\/handyversicherung\/diebstahl\/#breadcrumb\"},\"inLanguage\":\"pl-PL\",\"potentialAction\":[{\"@type\":\"ReadAction\",\"target\":[\"https:\/\/schutzklick.de\/handyversicherung\/diebstahl\/\"]}]},{\"@type\":\"BreadcrumbList\",\"@id\":\"https:\/\/schutzklick.de\/handyversicherung\/diebstahl\/#breadcrumb\",\"itemListElement\":[{\"@type\":\"ListItem\",\"position\":1,\"name\":\"Startseite\",\"item\":\"https:\/\/schutzklick.de\/pl\/\"},{\"@type\":\"ListItem\",\"position\":2,\"name\":\"Handyversicherung\",\"item\":\"https:\/\/schutzklick.de\/handyversicherung\/\"},{\"@type\":\"ListItem\",\"position\":3,\"name\":\"Handy Diebstahlschutz\"}]},{\"@type\":\"WebSite\",\"@id\":\"https:\/\/schutzklick.de\/#website\",\"url\":\"https:\/\/schutzklick.de\/\",\"name\":\"Schutzklick\",\"description\":\"Ubezpieczenie \u2013 on-line\",\"potentialAction\":[{\"@type\":\"SearchAction\",\"target\":{\"@type\":\"EntryPoint\",\"urlTemplate\":\"https:\/\/schutzklick.de\/?s={search_term_string}\"},\"query-input\":{\"@type\":\"PropertyValueSpecification\",\"valueRequired\":true,\"valueName\":\"search_term_string\"}}],\"inLanguage\":\"pl-PL\"}]}<\/script>\n<!-- \/ Yoast SEO plugin. -->","yoast_head_json":{"title":"Telefon ubezpieczenie od kradzie\u017cy | Schutzklick","description":"Ubezpieczenie telefonu kom\u00f3rkowego na wypadek kradzie\u017cy. Do 3 miesi\u0119cy od zakupu. Bez abonamentu. Przejrzyste warunki umowy. Ubezpiecz telefon ju\u017c teraz!","robots":{"index":"index","follow":"follow","max-snippet":"max-snippet:-1","max-image-preview":"max-image-preview:large","max-video-preview":"max-video-preview:-1"},"canonical":"https:\/\/schutzklick.de\/handyversicherung\/diebstahl\/","og_locale":"pl_PL","og_type":"article","og_title":"Telefon ubezpieczenie od kradzie\u017cy | Schutzklick","og_description":"Ubezpieczenie telefonu kom\u00f3rkowego na wypadek kradzie\u017cy. Do 3 miesi\u0119cy od zakupu. Bez abonamentu. Przejrzyste warunki umowy. Ubezpiecz telefon ju\u017c teraz!","og_url":"https:\/\/schutzklick.de\/handyversicherung\/diebstahl\/","og_site_name":"Schutzklick","article_modified_time":"2024-10-06T15:57:22+00:00","twitter_card":"summary_large_image","schema":{"@context":"https:\/\/schema.org","@graph":[{"@type":"WebPage","@id":"https:\/\/schutzklick.de\/handyversicherung\/diebstahl\/","url":"https:\/\/schutzklick.de\/handyversicherung\/diebstahl\/","name":"Telefon ubezpieczenie od kradzie\u017cy | Schutzklick","isPartOf":{"@id":"https:\/\/schutzklick.de\/#website"},"datePublished":"2019-09-11T14:47:52+00:00","dateModified":"2024-10-06T15:57:22+00:00","description":"Ubezpieczenie telefonu kom\u00f3rkowego na wypadek kradzie\u017cy. Do 3 miesi\u0119cy od zakupu. Bez abonamentu. Przejrzyste warunki umowy. Ubezpiecz telefon ju\u017c teraz!","breadcrumb":{"@id":"https:\/\/schutzklick.de\/handyversicherung\/diebstahl\/#breadcrumb"},"inLanguage":"pl-PL","potentialAction":[{"@type":"ReadAction","target":["https:\/\/schutzklick.de\/handyversicherung\/diebstahl\/"]}]},{"@type":"BreadcrumbList","@id":"https:\/\/schutzklick.de\/handyversicherung\/diebstahl\/#breadcrumb","itemListElement":[{"@type":"ListItem","position":1,"name":"Startseite","item":"https:\/\/schutzklick.de\/pl\/"},{"@type":"ListItem","position":2,"name":"Handyversicherung","item":"https:\/\/schutzklick.de\/handyversicherung\/"},{"@type":"ListItem","position":3,"name":"Handy Diebstahlschutz"}]},{"@type":"WebSite","@id":"https:\/\/schutzklick.de\/#website","url":"https:\/\/schutzklick.de\/","name":"Schutzklick","description":"Ubezpieczenie \u2013 on-line","potentialAction":[{"@type":"SearchAction","target":{"@type":"EntryPoint","urlTemplate":"https:\/\/schutzklick.de\/?s={search_term_string}"},"query-input":{"@type":"PropertyValueSpecification","valueRequired":true,"valueName":"search_term_string"}}],"inLanguage":"pl-PL"}]}},"_links":{"self":[{"href":"https:\/\/schutzklick.de\/pl\/wp-json\/wp\/v2\/pages\/7286","targetHints":{"allow":["GET"]}}],"collection":[{"href":"https:\/\/schutzklick.de\/pl\/wp-json\/wp\/v2\/pages"}],"about":[{"href":"https:\/\/schutzklick.de\/pl\/wp-json\/wp\/v2\/types\/page"}],"author":[{"embeddable":true,"href":"https:\/\/schutzklick.de\/pl\/wp-json\/wp\/v2\/users\/1"}],"replies":[{"embeddable":true,"href":"https:\/\/schutzklick.de\/pl\/wp-json\/wp\/v2\/comments?post=7286"}],"version-history":[{"count":3,"href":"https:\/\/schutzklick.de\/pl\/wp-json\/wp\/v2\/pages\/7286\/revisions"}],"predecessor-version":[{"id":11455,"href":"https:\/\/schutzklick.de\/pl\/wp-json\/wp\/v2\/pages\/7286\/revisions\/11455"}],"up":[{"embeddable":true,"href":"https:\/\/schutzklick.de\/pl\/wp-json\/wp\/v2\/pages\/7285"}],"wp:attachment":[{"href":"https:\/\/schutzklick.de\/pl\/wp-json\/wp\/v2\/media?parent=7286"}],"curies":[{"name":"wp","href":"https:\/\/api.w.org\/{rel}","templated":true}]}}