{"id":7289,"date":"2019-10-15T08:56:31","date_gmt":"2019-10-15T06:56:31","guid":{"rendered":"https:\/\/www.simplesurance.se\/kameraversicherung\/"},"modified":"2024-10-06T18:24:28","modified_gmt":"2024-10-06T16:24:28","slug":"ubezpieczenie-aparatu-fotograficznego","status":"publish","type":"page","link":"https:\/\/schutzklick.de\/pl\/ubezpieczenie-aparatu-fotograficznego\/","title":{"rendered":"Kameraversicherung"},"content":{"rendered":"","protected":false},"excerpt":{"rendered":"","protected":false},"author":5,"featured_media":0,"parent":0,"menu_order":203,"comment_status":"closed","ping_status":"closed","template":"","meta":{"_acf_changed":false,"footnotes":""},"class_list":["post-7289","page","type-page","status-publish","hentry"],"acf":[],"yoast_head":"<!-- This site is optimized with the Yoast SEO plugin v27.2 - https:\/\/yoast.com\/product\/yoast-seo-wordpress\/ -->\n<title>Ubezpieczenie aparatu fotograficznego od 14,58 z\u0142\/mies.<\/title>\n<meta name=\"description\" content=\"Ubezpieczenie aparatu fotograficznego od kradzie\u017cy, uszkodzenia czy zalania. Sta\u0142y okres obowi\u0105zywania umowy. Do 3 miesi\u0119cy po zakupie. Bez abonamentu.\" \/>\n<meta name=\"robots\" content=\"index, follow, max-snippet:-1, max-image-preview:large, max-video-preview:-1\" \/>\n<link rel=\"canonical\" href=\"https:\/\/schutzklick.de\/kameraversicherung\/\" \/>\n<meta property=\"og:locale\" content=\"pl_PL\" \/>\n<meta property=\"og:type\" content=\"article\" \/>\n<meta property=\"og:title\" content=\"Ubezpieczenie aparatu fotograficznego od 14,58 z\u0142\/mies.\" \/>\n<meta property=\"og:description\" content=\"Ubezpieczenie aparatu fotograficznego od kradzie\u017cy, uszkodzenia czy zalania. Sta\u0142y okres obowi\u0105zywania umowy. Do 3 miesi\u0119cy po zakupie. Bez abonamentu.\" \/>\n<meta property=\"og:url\" content=\"https:\/\/schutzklick.de\/kameraversicherung\/\" \/>\n<meta property=\"og:site_name\" content=\"Schutzklick\" \/>\n<meta property=\"article:modified_time\" content=\"2024-10-06T16:24:28+00:00\" \/>\n<meta name=\"twitter:card\" content=\"summary_large_image\" \/>\n<script type=\"application\/ld+json\" class=\"yoast-schema-graph\">{\"@context\":\"https:\/\/schema.org\",\"@graph\":[{\"@type\":\"WebPage\",\"@id\":\"https:\/\/schutzklick.de\/kameraversicherung\/\",\"url\":\"https:\/\/schutzklick.de\/kameraversicherung\/\",\"name\":\"Ubezpieczenie aparatu fotograficznego od 14,58 z\u0142\/mies.\",\"isPartOf\":{\"@id\":\"https:\/\/schutzklick.de\/#website\"},\"datePublished\":\"2019-10-15T06:56:31+00:00\",\"dateModified\":\"2024-10-06T16:24:28+00:00\",\"description\":\"Ubezpieczenie aparatu fotograficznego od kradzie\u017cy, uszkodzenia czy zalania. Sta\u0142y okres obowi\u0105zywania umowy. Do 3 miesi\u0119cy po zakupie. Bez abonamentu.\",\"breadcrumb\":{\"@id\":\"https:\/\/schutzklick.de\/kameraversicherung\/#breadcrumb\"},\"inLanguage\":\"pl-PL\",\"potentialAction\":[{\"@type\":\"ReadAction\",\"target\":[\"https:\/\/schutzklick.de\/kameraversicherung\/\"]}]},{\"@type\":\"BreadcrumbList\",\"@id\":\"https:\/\/schutzklick.de\/kameraversicherung\/#breadcrumb\",\"itemListElement\":[{\"@type\":\"ListItem\",\"position\":1,\"name\":\"Startseite\",\"item\":\"https:\/\/schutzklick.de\/pl\/\"},{\"@type\":\"ListItem\",\"position\":2,\"name\":\"Kameraversicherung\"}]},{\"@type\":\"WebSite\",\"@id\":\"https:\/\/schutzklick.de\/#website\",\"url\":\"https:\/\/schutzklick.de\/\",\"name\":\"Schutzklick\",\"description\":\"Ubezpieczenie \u2013 on-line\",\"potentialAction\":[{\"@type\":\"SearchAction\",\"target\":{\"@type\":\"EntryPoint\",\"urlTemplate\":\"https:\/\/schutzklick.de\/?s={search_term_string}\"},\"query-input\":{\"@type\":\"PropertyValueSpecification\",\"valueRequired\":true,\"valueName\":\"search_term_string\"}}],\"inLanguage\":\"pl-PL\"}]}<\/script>\n<!-- \/ Yoast SEO plugin. -->","yoast_head_json":{"title":"Ubezpieczenie aparatu fotograficznego od 14,58 z\u0142\/mies.","description":"Ubezpieczenie aparatu fotograficznego od kradzie\u017cy, uszkodzenia czy zalania. Sta\u0142y okres obowi\u0105zywania umowy. Do 3 miesi\u0119cy po zakupie. Bez abonamentu.","robots":{"index":"index","follow":"follow","max-snippet":"max-snippet:-1","max-image-preview":"max-image-preview:large","max-video-preview":"max-video-preview:-1"},"canonical":"https:\/\/schutzklick.de\/kameraversicherung\/","og_locale":"pl_PL","og_type":"article","og_title":"Ubezpieczenie aparatu fotograficznego od 14,58 z\u0142\/mies.","og_description":"Ubezpieczenie aparatu fotograficznego od kradzie\u017cy, uszkodzenia czy zalania. Sta\u0142y okres obowi\u0105zywania umowy. Do 3 miesi\u0119cy po zakupie. Bez abonamentu.","og_url":"https:\/\/schutzklick.de\/kameraversicherung\/","og_site_name":"Schutzklick","article_modified_time":"2024-10-06T16:24:28+00:00","twitter_card":"summary_large_image","schema":{"@context":"https:\/\/schema.org","@graph":[{"@type":"WebPage","@id":"https:\/\/schutzklick.de\/kameraversicherung\/","url":"https:\/\/schutzklick.de\/kameraversicherung\/","name":"Ubezpieczenie aparatu fotograficznego od 14,58 z\u0142\/mies.","isPartOf":{"@id":"https:\/\/schutzklick.de\/#website"},"datePublished":"2019-10-15T06:56:31+00:00","dateModified":"2024-10-06T16:24:28+00:00","description":"Ubezpieczenie aparatu fotograficznego od kradzie\u017cy, uszkodzenia czy zalania. Sta\u0142y okres obowi\u0105zywania umowy. Do 3 miesi\u0119cy po zakupie. Bez abonamentu.","breadcrumb":{"@id":"https:\/\/schutzklick.de\/kameraversicherung\/#breadcrumb"},"inLanguage":"pl-PL","potentialAction":[{"@type":"ReadAction","target":["https:\/\/schutzklick.de\/kameraversicherung\/"]}]},{"@type":"BreadcrumbList","@id":"https:\/\/schutzklick.de\/kameraversicherung\/#breadcrumb","itemListElement":[{"@type":"ListItem","position":1,"name":"Startseite","item":"https:\/\/schutzklick.de\/pl\/"},{"@type":"ListItem","position":2,"name":"Kameraversicherung"}]},{"@type":"WebSite","@id":"https:\/\/schutzklick.de\/#website","url":"https:\/\/schutzklick.de\/","name":"Schutzklick","description":"Ubezpieczenie \u2013 on-line","potentialAction":[{"@type":"SearchAction","target":{"@type":"EntryPoint","urlTemplate":"https:\/\/schutzklick.de\/?s={search_term_string}"},"query-input":{"@type":"PropertyValueSpecification","valueRequired":true,"valueName":"search_term_string"}}],"inLanguage":"pl-PL"}]}},"_links":{"self":[{"href":"https:\/\/schutzklick.de\/pl\/wp-json\/wp\/v2\/pages\/7289","targetHints":{"allow":["GET"]}}],"collection":[{"href":"https:\/\/schutzklick.de\/pl\/wp-json\/wp\/v2\/pages"}],"about":[{"href":"https:\/\/schutzklick.de\/pl\/wp-json\/wp\/v2\/types\/page"}],"author":[{"embeddable":true,"href":"https:\/\/schutzklick.de\/pl\/wp-json\/wp\/v2\/users\/5"}],"replies":[{"embeddable":true,"href":"https:\/\/schutzklick.de\/pl\/wp-json\/wp\/v2\/comments?post=7289"}],"version-history":[{"count":3,"href":"https:\/\/schutzklick.de\/pl\/wp-json\/wp\/v2\/pages\/7289\/revisions"}],"predecessor-version":[{"id":11470,"href":"https:\/\/schutzklick.de\/pl\/wp-json\/wp\/v2\/pages\/7289\/revisions\/11470"}],"wp:attachment":[{"href":"https:\/\/schutzklick.de\/pl\/wp-json\/wp\/v2\/media?parent=7289"}],"curies":[{"name":"wp","href":"https:\/\/api.w.org\/{rel}","templated":true}]}}