{"id":7321,"date":"2019-10-17T14:03:42","date_gmt":"2019-10-17T12:03:42","guid":{"rendered":"https:\/\/www.simplesurance.se\/e-bike-versicherung\/"},"modified":"2024-10-07T10:16:28","modified_gmt":"2024-10-07T08:16:28","slug":"ubezpieczenie-roweru-elektrycznego","status":"publish","type":"page","link":"https:\/\/schutzklick.de\/pl\/ubezpieczenie-roweru-elektrycznego\/","title":{"rendered":"E-Bike-Versicherung"},"content":{"rendered":"","protected":false},"excerpt":{"rendered":"","protected":false},"author":5,"featured_media":0,"parent":0,"menu_order":302,"comment_status":"closed","ping_status":"closed","template":"","meta":{"_acf_changed":false,"footnotes":""},"class_list":["post-7321","page","type-page","status-publish","hentry"],"acf":[],"yoast_head":"<!-- This site is optimized with the Yoast SEO plugin v27.2 - https:\/\/yoast.com\/product\/yoast-seo-wordpress\/ -->\n<title>Ubezpieczenie roweru elektrycznego | Schutzklick<\/title>\n<meta name=\"description\" content=\"Ubezpieczenie roweru elektrycznego. Ubezpiecz teraz sw\u00f3j rower od kradzie\u017cy, rabunku i wandalizmu. Sta\u0142y okres obowi\u0105zywania umowy i bez abonamentu.\" \/>\n<meta name=\"robots\" content=\"index, follow, max-snippet:-1, max-image-preview:large, max-video-preview:-1\" \/>\n<link rel=\"canonical\" href=\"https:\/\/schutzklick.de\/e-bike-versicherung\/\" \/>\n<meta property=\"og:locale\" content=\"pl_PL\" \/>\n<meta property=\"og:type\" content=\"article\" \/>\n<meta property=\"og:title\" content=\"Ubezpieczenie roweru elektrycznego | Schutzklick\" \/>\n<meta property=\"og:description\" content=\"Ubezpieczenie roweru elektrycznego. Ubezpiecz teraz sw\u00f3j rower od kradzie\u017cy, rabunku i wandalizmu. Sta\u0142y okres obowi\u0105zywania umowy i bez abonamentu.\" \/>\n<meta property=\"og:url\" content=\"https:\/\/schutzklick.de\/e-bike-versicherung\/\" \/>\n<meta property=\"og:site_name\" content=\"Schutzklick\" \/>\n<meta property=\"article:modified_time\" content=\"2024-10-07T08:16:28+00:00\" \/>\n<meta name=\"twitter:card\" content=\"summary_large_image\" \/>\n<script type=\"application\/ld+json\" class=\"yoast-schema-graph\">{\"@context\":\"https:\/\/schema.org\",\"@graph\":[{\"@type\":\"WebPage\",\"@id\":\"https:\/\/schutzklick.de\/e-bike-versicherung\/\",\"url\":\"https:\/\/schutzklick.de\/e-bike-versicherung\/\",\"name\":\"Ubezpieczenie roweru elektrycznego | Schutzklick\",\"isPartOf\":{\"@id\":\"https:\/\/schutzklick.de\/#website\"},\"datePublished\":\"2019-10-17T12:03:42+00:00\",\"dateModified\":\"2024-10-07T08:16:28+00:00\",\"description\":\"Ubezpieczenie roweru elektrycznego. Ubezpiecz teraz sw\u00f3j rower od kradzie\u017cy, rabunku i wandalizmu. Sta\u0142y okres obowi\u0105zywania umowy i bez abonamentu.\",\"breadcrumb\":{\"@id\":\"https:\/\/schutzklick.de\/e-bike-versicherung\/#breadcrumb\"},\"inLanguage\":\"pl-PL\",\"potentialAction\":[{\"@type\":\"ReadAction\",\"target\":[\"https:\/\/schutzklick.de\/e-bike-versicherung\/\"]}]},{\"@type\":\"BreadcrumbList\",\"@id\":\"https:\/\/schutzklick.de\/e-bike-versicherung\/#breadcrumb\",\"itemListElement\":[{\"@type\":\"ListItem\",\"position\":1,\"name\":\"Startseite\",\"item\":\"https:\/\/schutzklick.de\/pl\/\"},{\"@type\":\"ListItem\",\"position\":2,\"name\":\"E-Bike-Versicherung\"}]},{\"@type\":\"WebSite\",\"@id\":\"https:\/\/schutzklick.de\/#website\",\"url\":\"https:\/\/schutzklick.de\/\",\"name\":\"Schutzklick\",\"description\":\"Ubezpieczenie \u2013 on-line\",\"potentialAction\":[{\"@type\":\"SearchAction\",\"target\":{\"@type\":\"EntryPoint\",\"urlTemplate\":\"https:\/\/schutzklick.de\/?s={search_term_string}\"},\"query-input\":{\"@type\":\"PropertyValueSpecification\",\"valueRequired\":true,\"valueName\":\"search_term_string\"}}],\"inLanguage\":\"pl-PL\"}]}<\/script>\n<!-- \/ Yoast SEO plugin. -->","yoast_head_json":{"title":"Ubezpieczenie roweru elektrycznego | Schutzklick","description":"Ubezpieczenie roweru elektrycznego. Ubezpiecz teraz sw\u00f3j rower od kradzie\u017cy, rabunku i wandalizmu. Sta\u0142y okres obowi\u0105zywania umowy i bez abonamentu.","robots":{"index":"index","follow":"follow","max-snippet":"max-snippet:-1","max-image-preview":"max-image-preview:large","max-video-preview":"max-video-preview:-1"},"canonical":"https:\/\/schutzklick.de\/e-bike-versicherung\/","og_locale":"pl_PL","og_type":"article","og_title":"Ubezpieczenie roweru elektrycznego | Schutzklick","og_description":"Ubezpieczenie roweru elektrycznego. Ubezpiecz teraz sw\u00f3j rower od kradzie\u017cy, rabunku i wandalizmu. Sta\u0142y okres obowi\u0105zywania umowy i bez abonamentu.","og_url":"https:\/\/schutzklick.de\/e-bike-versicherung\/","og_site_name":"Schutzklick","article_modified_time":"2024-10-07T08:16:28+00:00","twitter_card":"summary_large_image","schema":{"@context":"https:\/\/schema.org","@graph":[{"@type":"WebPage","@id":"https:\/\/schutzklick.de\/e-bike-versicherung\/","url":"https:\/\/schutzklick.de\/e-bike-versicherung\/","name":"Ubezpieczenie roweru elektrycznego | Schutzklick","isPartOf":{"@id":"https:\/\/schutzklick.de\/#website"},"datePublished":"2019-10-17T12:03:42+00:00","dateModified":"2024-10-07T08:16:28+00:00","description":"Ubezpieczenie roweru elektrycznego. Ubezpiecz teraz sw\u00f3j rower od kradzie\u017cy, rabunku i wandalizmu. Sta\u0142y okres obowi\u0105zywania umowy i bez abonamentu.","breadcrumb":{"@id":"https:\/\/schutzklick.de\/e-bike-versicherung\/#breadcrumb"},"inLanguage":"pl-PL","potentialAction":[{"@type":"ReadAction","target":["https:\/\/schutzklick.de\/e-bike-versicherung\/"]}]},{"@type":"BreadcrumbList","@id":"https:\/\/schutzklick.de\/e-bike-versicherung\/#breadcrumb","itemListElement":[{"@type":"ListItem","position":1,"name":"Startseite","item":"https:\/\/schutzklick.de\/pl\/"},{"@type":"ListItem","position":2,"name":"E-Bike-Versicherung"}]},{"@type":"WebSite","@id":"https:\/\/schutzklick.de\/#website","url":"https:\/\/schutzklick.de\/","name":"Schutzklick","description":"Ubezpieczenie \u2013 on-line","potentialAction":[{"@type":"SearchAction","target":{"@type":"EntryPoint","urlTemplate":"https:\/\/schutzklick.de\/?s={search_term_string}"},"query-input":{"@type":"PropertyValueSpecification","valueRequired":true,"valueName":"search_term_string"}}],"inLanguage":"pl-PL"}]}},"_links":{"self":[{"href":"https:\/\/schutzklick.de\/pl\/wp-json\/wp\/v2\/pages\/7321","targetHints":{"allow":["GET"]}}],"collection":[{"href":"https:\/\/schutzklick.de\/pl\/wp-json\/wp\/v2\/pages"}],"about":[{"href":"https:\/\/schutzklick.de\/pl\/wp-json\/wp\/v2\/types\/page"}],"author":[{"embeddable":true,"href":"https:\/\/schutzklick.de\/pl\/wp-json\/wp\/v2\/users\/5"}],"replies":[{"embeddable":true,"href":"https:\/\/schutzklick.de\/pl\/wp-json\/wp\/v2\/comments?post=7321"}],"version-history":[{"count":3,"href":"https:\/\/schutzklick.de\/pl\/wp-json\/wp\/v2\/pages\/7321\/revisions"}],"predecessor-version":[{"id":11532,"href":"https:\/\/schutzklick.de\/pl\/wp-json\/wp\/v2\/pages\/7321\/revisions\/11532"}],"wp:attachment":[{"href":"https:\/\/schutzklick.de\/pl\/wp-json\/wp\/v2\/media?parent=7321"}],"curies":[{"name":"wp","href":"https:\/\/api.w.org\/{rel}","templated":true}]}}