{"id":7323,"date":"2019-10-23T15:10:15","date_gmt":"2019-10-23T13:10:15","guid":{"rendered":"https:\/\/www.simplesurance.se\/garantieverlaengerung-mobile-elektronik\/"},"modified":"2023-09-18T10:13:46","modified_gmt":"2023-09-18T08:13:46","slug":"przedluzenie-gwarancji-elektronika-mobilna","status":"publish","type":"page","link":"https:\/\/schutzklick.de\/pl\/przedluzenie-gwarancji-elektronika-mobilna\/","title":{"rendered":"Garantieverl\u00e4ngerung-Mobile-Elektronik_SK"},"content":{"rendered":"","protected":false},"excerpt":{"rendered":"","protected":false},"author":5,"featured_media":0,"parent":0,"menu_order":601,"comment_status":"closed","ping_status":"closed","template":"","meta":{"_acf_changed":false,"footnotes":""},"class_list":["post-7323","page","type-page","status-publish","hentry"],"acf":[],"yoast_head":"<!-- This site is optimized with the Yoast SEO plugin v27.2 - https:\/\/yoast.com\/product\/yoast-seo-wordpress\/ -->\n<title>Przed\u0142u\u017cenie gwarancji elektronika mobilna | schutzklick<\/title>\n<meta name=\"description\" content=\"Przed\u0142u\u017c gwarancj\u0119 dla swojego smartfona, tabletu i innych gad\u017cet\u00f3w. Kompleksowa ochrona od uszkodzenia i wysokich koszt\u00f3w naprawy. Bez udzia\u0142u w\u0142asnego.\" \/>\n<meta name=\"robots\" content=\"index, follow, max-snippet:-1, max-image-preview:large, max-video-preview:-1\" \/>\n<link rel=\"canonical\" href=\"https:\/\/schutzklick.de\/?page_id=1905\" \/>\n<meta property=\"og:locale\" content=\"pl_PL\" \/>\n<meta property=\"og:type\" content=\"article\" \/>\n<meta property=\"og:title\" content=\"Przed\u0142u\u017cenie gwarancji elektronika mobilna | schutzklick\" \/>\n<meta property=\"og:description\" content=\"Przed\u0142u\u017c gwarancj\u0119 dla swojego smartfona, tabletu i innych gad\u017cet\u00f3w. Kompleksowa ochrona od uszkodzenia i wysokich koszt\u00f3w naprawy. Bez udzia\u0142u w\u0142asnego.\" \/>\n<meta property=\"og:url\" content=\"https:\/\/schutzklick.de\/?page_id=1905\" \/>\n<meta property=\"og:site_name\" content=\"Schutzklick\" \/>\n<meta property=\"article:modified_time\" content=\"2023-09-18T08:13:46+00:00\" \/>\n<meta name=\"twitter:card\" content=\"summary_large_image\" \/>\n<script type=\"application\/ld+json\" class=\"yoast-schema-graph\">{\"@context\":\"https:\/\/schema.org\",\"@graph\":[{\"@type\":\"WebPage\",\"@id\":\"https:\/\/schutzklick.de\/?page_id=1905\",\"url\":\"https:\/\/schutzklick.de\/?page_id=1905\",\"name\":\"Przed\u0142u\u017cenie gwarancji elektronika mobilna | schutzklick\",\"isPartOf\":{\"@id\":\"https:\/\/schutzklick.de\/#website\"},\"datePublished\":\"2019-10-23T13:10:15+00:00\",\"dateModified\":\"2023-09-18T08:13:46+00:00\",\"description\":\"Przed\u0142u\u017c gwarancj\u0119 dla swojego smartfona, tabletu i innych gad\u017cet\u00f3w. Kompleksowa ochrona od uszkodzenia i wysokich koszt\u00f3w naprawy. Bez udzia\u0142u w\u0142asnego.\",\"breadcrumb\":{\"@id\":\"https:\/\/schutzklick.de\/?page_id=1905#breadcrumb\"},\"inLanguage\":\"pl-PL\",\"potentialAction\":[{\"@type\":\"ReadAction\",\"target\":[\"https:\/\/schutzklick.de\/?page_id=1905\"]}]},{\"@type\":\"BreadcrumbList\",\"@id\":\"https:\/\/schutzklick.de\/?page_id=1905#breadcrumb\",\"itemListElement\":[{\"@type\":\"ListItem\",\"position\":1,\"name\":\"Startseite\",\"item\":\"https:\/\/schutzklick.de\/pl\/\"},{\"@type\":\"ListItem\",\"position\":2,\"name\":\"Garantieverl\u00e4ngerung-Mobile-Elektronik_SK\"}]},{\"@type\":\"WebSite\",\"@id\":\"https:\/\/schutzklick.de\/#website\",\"url\":\"https:\/\/schutzklick.de\/\",\"name\":\"Schutzklick\",\"description\":\"Ubezpieczenie \u2013 on-line\",\"potentialAction\":[{\"@type\":\"SearchAction\",\"target\":{\"@type\":\"EntryPoint\",\"urlTemplate\":\"https:\/\/schutzklick.de\/?s={search_term_string}\"},\"query-input\":{\"@type\":\"PropertyValueSpecification\",\"valueRequired\":true,\"valueName\":\"search_term_string\"}}],\"inLanguage\":\"pl-PL\"}]}<\/script>\n<!-- \/ Yoast SEO plugin. -->","yoast_head_json":{"title":"Przed\u0142u\u017cenie gwarancji elektronika mobilna | schutzklick","description":"Przed\u0142u\u017c gwarancj\u0119 dla swojego smartfona, tabletu i innych gad\u017cet\u00f3w. Kompleksowa ochrona od uszkodzenia i wysokich koszt\u00f3w naprawy. Bez udzia\u0142u w\u0142asnego.","robots":{"index":"index","follow":"follow","max-snippet":"max-snippet:-1","max-image-preview":"max-image-preview:large","max-video-preview":"max-video-preview:-1"},"canonical":"https:\/\/schutzklick.de\/?page_id=1905","og_locale":"pl_PL","og_type":"article","og_title":"Przed\u0142u\u017cenie gwarancji elektronika mobilna | schutzklick","og_description":"Przed\u0142u\u017c gwarancj\u0119 dla swojego smartfona, tabletu i innych gad\u017cet\u00f3w. Kompleksowa ochrona od uszkodzenia i wysokich koszt\u00f3w naprawy. Bez udzia\u0142u w\u0142asnego.","og_url":"https:\/\/schutzklick.de\/?page_id=1905","og_site_name":"Schutzklick","article_modified_time":"2023-09-18T08:13:46+00:00","twitter_card":"summary_large_image","schema":{"@context":"https:\/\/schema.org","@graph":[{"@type":"WebPage","@id":"https:\/\/schutzklick.de\/?page_id=1905","url":"https:\/\/schutzklick.de\/?page_id=1905","name":"Przed\u0142u\u017cenie gwarancji elektronika mobilna | schutzklick","isPartOf":{"@id":"https:\/\/schutzklick.de\/#website"},"datePublished":"2019-10-23T13:10:15+00:00","dateModified":"2023-09-18T08:13:46+00:00","description":"Przed\u0142u\u017c gwarancj\u0119 dla swojego smartfona, tabletu i innych gad\u017cet\u00f3w. Kompleksowa ochrona od uszkodzenia i wysokich koszt\u00f3w naprawy. Bez udzia\u0142u w\u0142asnego.","breadcrumb":{"@id":"https:\/\/schutzklick.de\/?page_id=1905#breadcrumb"},"inLanguage":"pl-PL","potentialAction":[{"@type":"ReadAction","target":["https:\/\/schutzklick.de\/?page_id=1905"]}]},{"@type":"BreadcrumbList","@id":"https:\/\/schutzklick.de\/?page_id=1905#breadcrumb","itemListElement":[{"@type":"ListItem","position":1,"name":"Startseite","item":"https:\/\/schutzklick.de\/pl\/"},{"@type":"ListItem","position":2,"name":"Garantieverl\u00e4ngerung-Mobile-Elektronik_SK"}]},{"@type":"WebSite","@id":"https:\/\/schutzklick.de\/#website","url":"https:\/\/schutzklick.de\/","name":"Schutzklick","description":"Ubezpieczenie \u2013 on-line","potentialAction":[{"@type":"SearchAction","target":{"@type":"EntryPoint","urlTemplate":"https:\/\/schutzklick.de\/?s={search_term_string}"},"query-input":{"@type":"PropertyValueSpecification","valueRequired":true,"valueName":"search_term_string"}}],"inLanguage":"pl-PL"}]}},"_links":{"self":[{"href":"https:\/\/schutzklick.de\/pl\/wp-json\/wp\/v2\/pages\/7323","targetHints":{"allow":["GET"]}}],"collection":[{"href":"https:\/\/schutzklick.de\/pl\/wp-json\/wp\/v2\/pages"}],"about":[{"href":"https:\/\/schutzklick.de\/pl\/wp-json\/wp\/v2\/types\/page"}],"author":[{"embeddable":true,"href":"https:\/\/schutzklick.de\/pl\/wp-json\/wp\/v2\/users\/5"}],"replies":[{"embeddable":true,"href":"https:\/\/schutzklick.de\/pl\/wp-json\/wp\/v2\/comments?post=7323"}],"version-history":[{"count":0,"href":"https:\/\/schutzklick.de\/pl\/wp-json\/wp\/v2\/pages\/7323\/revisions"}],"wp:attachment":[{"href":"https:\/\/schutzklick.de\/pl\/wp-json\/wp\/v2\/media?parent=7323"}],"curies":[{"name":"wp","href":"https:\/\/api.w.org\/{rel}","templated":true}]}}