{"id":7329,"date":"2019-10-23T11:29:34","date_gmt":"2019-10-23T09:29:34","guid":{"rendered":"https:\/\/www.simplesurance.se\/heizgeraete-versicherung\/"},"modified":"2024-10-26T15:11:54","modified_gmt":"2024-10-26T13:11:54","slug":"ubezpieczenie-urzadzen-grzewczych","status":"publish","type":"page","link":"https:\/\/schutzklick.de\/pl\/ubezpieczenie-urzadzen-grzewczych\/","title":{"rendered":"Heizger\u00e4te-Versicherung_UM"},"content":{"rendered":"","protected":false},"excerpt":{"rendered":"","protected":false},"author":5,"featured_media":0,"parent":0,"menu_order":606,"comment_status":"closed","ping_status":"closed","template":"","meta":{"_acf_changed":false,"footnotes":""},"class_list":["post-7329","page","type-page","status-publish","hentry"],"acf":[],"yoast_head":"<!-- This site is optimized with the Yoast SEO plugin v27.2 - https:\/\/yoast.com\/product\/yoast-seo-wordpress\/ -->\n<title>Ubezpieczenie urz\u0105dze\u0144 grzewczych | schutzklick<\/title>\n<meta name=\"description\" content=\"Ubezpieczenie urz\u0105dze\u0144 grzewczych ju\u017c od 7,33 z\u0142\/mies. Od kradzie\u017cy, uszkodzenia czy zalania. Szybko, bez ryzyka, w korzystnej cenie. Ubezpiecz ju\u017c teraz!\" \/>\n<meta name=\"robots\" content=\"index, follow, max-snippet:-1, max-image-preview:large, max-video-preview:-1\" \/>\n<link rel=\"canonical\" href=\"https:\/\/schutzklick.de\/pl\/ubezpieczenie-urzadzen-grzewczych\/\" \/>\n<meta property=\"og:locale\" content=\"pl_PL\" \/>\n<meta property=\"og:type\" content=\"article\" \/>\n<meta property=\"og:title\" content=\"Ubezpieczenie urz\u0105dze\u0144 grzewczych | schutzklick\" \/>\n<meta property=\"og:description\" content=\"Ubezpieczenie urz\u0105dze\u0144 grzewczych ju\u017c od 7,33 z\u0142\/mies. Od kradzie\u017cy, uszkodzenia czy zalania. Szybko, bez ryzyka, w korzystnej cenie. Ubezpiecz ju\u017c teraz!\" \/>\n<meta property=\"og:url\" content=\"https:\/\/schutzklick.de\/pl\/ubezpieczenie-urzadzen-grzewczych\/\" \/>\n<meta property=\"og:site_name\" content=\"Schutzklick\" \/>\n<meta property=\"article:modified_time\" content=\"2024-10-26T13:11:54+00:00\" \/>\n<meta name=\"twitter:card\" content=\"summary_large_image\" \/>\n<script type=\"application\/ld+json\" class=\"yoast-schema-graph\">{\"@context\":\"https:\/\/schema.org\",\"@graph\":[{\"@type\":\"WebPage\",\"@id\":\"https:\/\/schutzklick.de\/pl\/ubezpieczenie-urzadzen-grzewczych\/\",\"url\":\"https:\/\/schutzklick.de\/pl\/ubezpieczenie-urzadzen-grzewczych\/\",\"name\":\"Ubezpieczenie urz\u0105dze\u0144 grzewczych | schutzklick\",\"isPartOf\":{\"@id\":\"https:\/\/schutzklick.de\/#website\"},\"datePublished\":\"2019-10-23T09:29:34+00:00\",\"dateModified\":\"2024-10-26T13:11:54+00:00\",\"description\":\"Ubezpieczenie urz\u0105dze\u0144 grzewczych ju\u017c od 7,33 z\u0142\/mies. Od kradzie\u017cy, uszkodzenia czy zalania. Szybko, bez ryzyka, w korzystnej cenie. Ubezpiecz ju\u017c teraz!\",\"breadcrumb\":{\"@id\":\"https:\/\/schutzklick.de\/pl\/ubezpieczenie-urzadzen-grzewczych\/#breadcrumb\"},\"inLanguage\":\"pl-PL\",\"potentialAction\":[{\"@type\":\"ReadAction\",\"target\":[\"https:\/\/schutzklick.de\/pl\/ubezpieczenie-urzadzen-grzewczych\/\"]}]},{\"@type\":\"BreadcrumbList\",\"@id\":\"https:\/\/schutzklick.de\/pl\/ubezpieczenie-urzadzen-grzewczych\/#breadcrumb\",\"itemListElement\":[{\"@type\":\"ListItem\",\"position\":1,\"name\":\"Startseite\",\"item\":\"https:\/\/schutzklick.de\/pl\/\"},{\"@type\":\"ListItem\",\"position\":2,\"name\":\"Heizger\u00e4te-Versicherung_UM\"}]},{\"@type\":\"WebSite\",\"@id\":\"https:\/\/schutzklick.de\/#website\",\"url\":\"https:\/\/schutzklick.de\/\",\"name\":\"Schutzklick\",\"description\":\"Ubezpieczenie \u2013 on-line\",\"potentialAction\":[{\"@type\":\"SearchAction\",\"target\":{\"@type\":\"EntryPoint\",\"urlTemplate\":\"https:\/\/schutzklick.de\/?s={search_term_string}\"},\"query-input\":{\"@type\":\"PropertyValueSpecification\",\"valueRequired\":true,\"valueName\":\"search_term_string\"}}],\"inLanguage\":\"pl-PL\"}]}<\/script>\n<!-- \/ Yoast SEO plugin. -->","yoast_head_json":{"title":"Ubezpieczenie urz\u0105dze\u0144 grzewczych | schutzklick","description":"Ubezpieczenie urz\u0105dze\u0144 grzewczych ju\u017c od 7,33 z\u0142\/mies. Od kradzie\u017cy, uszkodzenia czy zalania. Szybko, bez ryzyka, w korzystnej cenie. Ubezpiecz ju\u017c teraz!","robots":{"index":"index","follow":"follow","max-snippet":"max-snippet:-1","max-image-preview":"max-image-preview:large","max-video-preview":"max-video-preview:-1"},"canonical":"https:\/\/schutzklick.de\/pl\/ubezpieczenie-urzadzen-grzewczych\/","og_locale":"pl_PL","og_type":"article","og_title":"Ubezpieczenie urz\u0105dze\u0144 grzewczych | schutzklick","og_description":"Ubezpieczenie urz\u0105dze\u0144 grzewczych ju\u017c od 7,33 z\u0142\/mies. Od kradzie\u017cy, uszkodzenia czy zalania. Szybko, bez ryzyka, w korzystnej cenie. Ubezpiecz ju\u017c teraz!","og_url":"https:\/\/schutzklick.de\/pl\/ubezpieczenie-urzadzen-grzewczych\/","og_site_name":"Schutzklick","article_modified_time":"2024-10-26T13:11:54+00:00","twitter_card":"summary_large_image","schema":{"@context":"https:\/\/schema.org","@graph":[{"@type":"WebPage","@id":"https:\/\/schutzklick.de\/pl\/ubezpieczenie-urzadzen-grzewczych\/","url":"https:\/\/schutzklick.de\/pl\/ubezpieczenie-urzadzen-grzewczych\/","name":"Ubezpieczenie urz\u0105dze\u0144 grzewczych | schutzklick","isPartOf":{"@id":"https:\/\/schutzklick.de\/#website"},"datePublished":"2019-10-23T09:29:34+00:00","dateModified":"2024-10-26T13:11:54+00:00","description":"Ubezpieczenie urz\u0105dze\u0144 grzewczych ju\u017c od 7,33 z\u0142\/mies. Od kradzie\u017cy, uszkodzenia czy zalania. Szybko, bez ryzyka, w korzystnej cenie. Ubezpiecz ju\u017c teraz!","breadcrumb":{"@id":"https:\/\/schutzklick.de\/pl\/ubezpieczenie-urzadzen-grzewczych\/#breadcrumb"},"inLanguage":"pl-PL","potentialAction":[{"@type":"ReadAction","target":["https:\/\/schutzklick.de\/pl\/ubezpieczenie-urzadzen-grzewczych\/"]}]},{"@type":"BreadcrumbList","@id":"https:\/\/schutzklick.de\/pl\/ubezpieczenie-urzadzen-grzewczych\/#breadcrumb","itemListElement":[{"@type":"ListItem","position":1,"name":"Startseite","item":"https:\/\/schutzklick.de\/pl\/"},{"@type":"ListItem","position":2,"name":"Heizger\u00e4te-Versicherung_UM"}]},{"@type":"WebSite","@id":"https:\/\/schutzklick.de\/#website","url":"https:\/\/schutzklick.de\/","name":"Schutzklick","description":"Ubezpieczenie \u2013 on-line","potentialAction":[{"@type":"SearchAction","target":{"@type":"EntryPoint","urlTemplate":"https:\/\/schutzklick.de\/?s={search_term_string}"},"query-input":{"@type":"PropertyValueSpecification","valueRequired":true,"valueName":"search_term_string"}}],"inLanguage":"pl-PL"}]}},"_links":{"self":[{"href":"https:\/\/schutzklick.de\/pl\/wp-json\/wp\/v2\/pages\/7329","targetHints":{"allow":["GET"]}}],"collection":[{"href":"https:\/\/schutzklick.de\/pl\/wp-json\/wp\/v2\/pages"}],"about":[{"href":"https:\/\/schutzklick.de\/pl\/wp-json\/wp\/v2\/types\/page"}],"author":[{"embeddable":true,"href":"https:\/\/schutzklick.de\/pl\/wp-json\/wp\/v2\/users\/5"}],"replies":[{"embeddable":true,"href":"https:\/\/schutzklick.de\/pl\/wp-json\/wp\/v2\/comments?post=7329"}],"version-history":[{"count":2,"href":"https:\/\/schutzklick.de\/pl\/wp-json\/wp\/v2\/pages\/7329\/revisions"}],"predecessor-version":[{"id":12024,"href":"https:\/\/schutzklick.de\/pl\/wp-json\/wp\/v2\/pages\/7329\/revisions\/12024"}],"wp:attachment":[{"href":"https:\/\/schutzklick.de\/pl\/wp-json\/wp\/v2\/media?parent=7329"}],"curies":[{"name":"wp","href":"https:\/\/api.w.org\/{rel}","templated":true}]}}