{"id":7348,"date":"2019-10-22T11:18:09","date_gmt":"2019-10-22T09:18:09","guid":{"rendered":"https:\/\/www.simplesurance.se\/garantieverlaengerung-gartengeraete\/"},"modified":"2023-09-18T10:16:31","modified_gmt":"2023-09-18T08:16:31","slug":"przedluzenie-gwarancji-dla-urzadzen-ogrodniczych","status":"publish","type":"page","link":"https:\/\/schutzklick.de\/pl\/przedluzenie-gwarancji-dla-urzadzen-ogrodniczych\/","title":{"rendered":"Garantieverl\u00e4ngerung-Haus- &#038; Gartenger\u00e4te_SK"},"content":{"rendered":"","protected":false},"excerpt":{"rendered":"","protected":false},"author":5,"featured_media":0,"parent":0,"menu_order":608,"comment_status":"closed","ping_status":"closed","template":"","meta":{"_acf_changed":false,"footnotes":""},"class_list":["post-7348","page","type-page","status-publish","hentry"],"acf":[],"yoast_head":"<!-- This site is optimized with the Yoast SEO plugin v27.2 - https:\/\/yoast.com\/product\/yoast-seo-wordpress\/ -->\n<title>Przed\u0142u\u017cenie gwarancji dla urz\u0105dze\u0144 ogrodniczych<\/title>\n<meta name=\"description\" content=\"Przed\u0142u\u017cenie gwarancji dla Twoich urz\u0105dze\u0144 ogrodniczych - od 7,33 z\u0142\/mies. Szybko, bez ryzyka, w korzystnej cenie. Bez udzia\u0142u w\u0142asnego. Skorzystaj teraz!\" \/>\n<meta name=\"robots\" content=\"index, follow, max-snippet:-1, max-image-preview:large, max-video-preview:-1\" \/>\n<link rel=\"canonical\" href=\"https:\/\/schutzklick.de\/?page_id=1776\" \/>\n<meta property=\"og:locale\" content=\"pl_PL\" \/>\n<meta property=\"og:type\" content=\"article\" \/>\n<meta property=\"og:title\" content=\"Przed\u0142u\u017cenie gwarancji dla urz\u0105dze\u0144 ogrodniczych\" \/>\n<meta property=\"og:description\" content=\"Przed\u0142u\u017cenie gwarancji dla Twoich urz\u0105dze\u0144 ogrodniczych - od 7,33 z\u0142\/mies. Szybko, bez ryzyka, w korzystnej cenie. Bez udzia\u0142u w\u0142asnego. Skorzystaj teraz!\" \/>\n<meta property=\"og:url\" content=\"https:\/\/schutzklick.de\/?page_id=1776\" \/>\n<meta property=\"og:site_name\" content=\"Schutzklick\" \/>\n<meta property=\"article:modified_time\" content=\"2023-09-18T08:16:31+00:00\" \/>\n<meta name=\"twitter:card\" content=\"summary_large_image\" \/>\n<script type=\"application\/ld+json\" class=\"yoast-schema-graph\">{\"@context\":\"https:\/\/schema.org\",\"@graph\":[{\"@type\":\"WebPage\",\"@id\":\"https:\/\/schutzklick.de\/?page_id=1776\",\"url\":\"https:\/\/schutzklick.de\/?page_id=1776\",\"name\":\"Przed\u0142u\u017cenie gwarancji dla urz\u0105dze\u0144 ogrodniczych\",\"isPartOf\":{\"@id\":\"https:\/\/schutzklick.de\/#website\"},\"datePublished\":\"2019-10-22T09:18:09+00:00\",\"dateModified\":\"2023-09-18T08:16:31+00:00\",\"description\":\"Przed\u0142u\u017cenie gwarancji dla Twoich urz\u0105dze\u0144 ogrodniczych - od 7,33 z\u0142\/mies. Szybko, bez ryzyka, w korzystnej cenie. Bez udzia\u0142u w\u0142asnego. Skorzystaj teraz!\",\"breadcrumb\":{\"@id\":\"https:\/\/schutzklick.de\/?page_id=1776#breadcrumb\"},\"inLanguage\":\"pl-PL\",\"potentialAction\":[{\"@type\":\"ReadAction\",\"target\":[\"https:\/\/schutzklick.de\/?page_id=1776\"]}]},{\"@type\":\"BreadcrumbList\",\"@id\":\"https:\/\/schutzklick.de\/?page_id=1776#breadcrumb\",\"itemListElement\":[{\"@type\":\"ListItem\",\"position\":1,\"name\":\"Startseite\",\"item\":\"https:\/\/schutzklick.de\/pl\/\"},{\"@type\":\"ListItem\",\"position\":2,\"name\":\"Garantieverl\u00e4ngerung-Haus- &#038; Gartenger\u00e4te_SK\"}]},{\"@type\":\"WebSite\",\"@id\":\"https:\/\/schutzklick.de\/#website\",\"url\":\"https:\/\/schutzklick.de\/\",\"name\":\"Schutzklick\",\"description\":\"Ubezpieczenie \u2013 on-line\",\"potentialAction\":[{\"@type\":\"SearchAction\",\"target\":{\"@type\":\"EntryPoint\",\"urlTemplate\":\"https:\/\/schutzklick.de\/?s={search_term_string}\"},\"query-input\":{\"@type\":\"PropertyValueSpecification\",\"valueRequired\":true,\"valueName\":\"search_term_string\"}}],\"inLanguage\":\"pl-PL\"}]}<\/script>\n<!-- \/ Yoast SEO plugin. -->","yoast_head_json":{"title":"Przed\u0142u\u017cenie gwarancji dla urz\u0105dze\u0144 ogrodniczych","description":"Przed\u0142u\u017cenie gwarancji dla Twoich urz\u0105dze\u0144 ogrodniczych - od 7,33 z\u0142\/mies. Szybko, bez ryzyka, w korzystnej cenie. Bez udzia\u0142u w\u0142asnego. Skorzystaj teraz!","robots":{"index":"index","follow":"follow","max-snippet":"max-snippet:-1","max-image-preview":"max-image-preview:large","max-video-preview":"max-video-preview:-1"},"canonical":"https:\/\/schutzklick.de\/?page_id=1776","og_locale":"pl_PL","og_type":"article","og_title":"Przed\u0142u\u017cenie gwarancji dla urz\u0105dze\u0144 ogrodniczych","og_description":"Przed\u0142u\u017cenie gwarancji dla Twoich urz\u0105dze\u0144 ogrodniczych - od 7,33 z\u0142\/mies. Szybko, bez ryzyka, w korzystnej cenie. Bez udzia\u0142u w\u0142asnego. Skorzystaj teraz!","og_url":"https:\/\/schutzklick.de\/?page_id=1776","og_site_name":"Schutzklick","article_modified_time":"2023-09-18T08:16:31+00:00","twitter_card":"summary_large_image","schema":{"@context":"https:\/\/schema.org","@graph":[{"@type":"WebPage","@id":"https:\/\/schutzklick.de\/?page_id=1776","url":"https:\/\/schutzklick.de\/?page_id=1776","name":"Przed\u0142u\u017cenie gwarancji dla urz\u0105dze\u0144 ogrodniczych","isPartOf":{"@id":"https:\/\/schutzklick.de\/#website"},"datePublished":"2019-10-22T09:18:09+00:00","dateModified":"2023-09-18T08:16:31+00:00","description":"Przed\u0142u\u017cenie gwarancji dla Twoich urz\u0105dze\u0144 ogrodniczych - od 7,33 z\u0142\/mies. Szybko, bez ryzyka, w korzystnej cenie. Bez udzia\u0142u w\u0142asnego. Skorzystaj teraz!","breadcrumb":{"@id":"https:\/\/schutzklick.de\/?page_id=1776#breadcrumb"},"inLanguage":"pl-PL","potentialAction":[{"@type":"ReadAction","target":["https:\/\/schutzklick.de\/?page_id=1776"]}]},{"@type":"BreadcrumbList","@id":"https:\/\/schutzklick.de\/?page_id=1776#breadcrumb","itemListElement":[{"@type":"ListItem","position":1,"name":"Startseite","item":"https:\/\/schutzklick.de\/pl\/"},{"@type":"ListItem","position":2,"name":"Garantieverl\u00e4ngerung-Haus- &#038; Gartenger\u00e4te_SK"}]},{"@type":"WebSite","@id":"https:\/\/schutzklick.de\/#website","url":"https:\/\/schutzklick.de\/","name":"Schutzklick","description":"Ubezpieczenie \u2013 on-line","potentialAction":[{"@type":"SearchAction","target":{"@type":"EntryPoint","urlTemplate":"https:\/\/schutzklick.de\/?s={search_term_string}"},"query-input":{"@type":"PropertyValueSpecification","valueRequired":true,"valueName":"search_term_string"}}],"inLanguage":"pl-PL"}]}},"_links":{"self":[{"href":"https:\/\/schutzklick.de\/pl\/wp-json\/wp\/v2\/pages\/7348","targetHints":{"allow":["GET"]}}],"collection":[{"href":"https:\/\/schutzklick.de\/pl\/wp-json\/wp\/v2\/pages"}],"about":[{"href":"https:\/\/schutzklick.de\/pl\/wp-json\/wp\/v2\/types\/page"}],"author":[{"embeddable":true,"href":"https:\/\/schutzklick.de\/pl\/wp-json\/wp\/v2\/users\/5"}],"replies":[{"embeddable":true,"href":"https:\/\/schutzklick.de\/pl\/wp-json\/wp\/v2\/comments?post=7348"}],"version-history":[{"count":0,"href":"https:\/\/schutzklick.de\/pl\/wp-json\/wp\/v2\/pages\/7348\/revisions"}],"wp:attachment":[{"href":"https:\/\/schutzklick.de\/pl\/wp-json\/wp\/v2\/media?parent=7348"}],"curies":[{"name":"wp","href":"https:\/\/api.w.org\/{rel}","templated":true}]}}