{"id":7356,"date":"2019-11-11T14:16:23","date_gmt":"2019-11-11T13:16:23","guid":{"rendered":"https:\/\/www.simplesurance.se\/avb\/"},"modified":"2024-10-10T11:41:53","modified_gmt":"2024-10-10T09:41:53","slug":"owu","status":"publish","type":"page","link":"https:\/\/schutzklick.de\/pl\/owu\/","title":{"rendered":"AVB"},"content":{"rendered":"","protected":false},"excerpt":{"rendered":"","protected":false},"author":5,"featured_media":0,"parent":0,"menu_order":1010,"comment_status":"closed","ping_status":"closed","template":"","meta":{"_acf_changed":false,"footnotes":""},"class_list":["post-7356","page","type-page","status-publish","hentry"],"acf":[],"yoast_head":"<!-- This site is optimized with the Yoast SEO plugin v27.2 - https:\/\/yoast.com\/product\/yoast-seo-wordpress\/ -->\n<title>Og\u00f3lne Warunki Ubezpieczenia | Schutzklick<\/title>\n<meta name=\"description\" content=\"Schutzklick - Og\u00f3lne warunki ubezpieczenia i informacje o produktach obj\u0119tych ubezpieczeniem. Pobierz warunki ubezpieczenia i karty informacyjne produkt\u00f3w.\" \/>\n<meta name=\"robots\" content=\"index, follow, max-snippet:-1, max-image-preview:large, max-video-preview:-1\" \/>\n<link rel=\"canonical\" href=\"https:\/\/schutzklick.de\/pl\/owu\/\" \/>\n<meta property=\"og:locale\" content=\"pl_PL\" \/>\n<meta property=\"og:type\" content=\"article\" \/>\n<meta property=\"og:title\" content=\"Og\u00f3lne Warunki Ubezpieczenia | Schutzklick\" \/>\n<meta property=\"og:description\" content=\"Schutzklick - Og\u00f3lne warunki ubezpieczenia i informacje o produktach obj\u0119tych ubezpieczeniem. Pobierz warunki ubezpieczenia i karty informacyjne produkt\u00f3w.\" \/>\n<meta property=\"og:url\" content=\"https:\/\/schutzklick.de\/pl\/owu\/\" \/>\n<meta property=\"og:site_name\" content=\"Schutzklick\" \/>\n<meta property=\"article:modified_time\" content=\"2024-10-10T09:41:53+00:00\" \/>\n<meta name=\"twitter:card\" content=\"summary_large_image\" \/>\n<script type=\"application\/ld+json\" class=\"yoast-schema-graph\">{\"@context\":\"https:\/\/schema.org\",\"@graph\":[{\"@type\":\"WebPage\",\"@id\":\"https:\/\/schutzklick.de\/pl\/owu\/\",\"url\":\"https:\/\/schutzklick.de\/pl\/owu\/\",\"name\":\"Og\u00f3lne Warunki Ubezpieczenia | Schutzklick\",\"isPartOf\":{\"@id\":\"https:\/\/schutzklick.de\/#website\"},\"datePublished\":\"2019-11-11T13:16:23+00:00\",\"dateModified\":\"2024-10-10T09:41:53+00:00\",\"description\":\"Schutzklick - Og\u00f3lne warunki ubezpieczenia i informacje o produktach obj\u0119tych ubezpieczeniem. Pobierz warunki ubezpieczenia i karty informacyjne produkt\u00f3w.\",\"breadcrumb\":{\"@id\":\"https:\/\/schutzklick.de\/pl\/owu\/#breadcrumb\"},\"inLanguage\":\"pl-PL\",\"potentialAction\":[{\"@type\":\"ReadAction\",\"target\":[\"https:\/\/schutzklick.de\/pl\/owu\/\"]}]},{\"@type\":\"BreadcrumbList\",\"@id\":\"https:\/\/schutzklick.de\/pl\/owu\/#breadcrumb\",\"itemListElement\":[{\"@type\":\"ListItem\",\"position\":1,\"name\":\"Startseite\",\"item\":\"https:\/\/schutzklick.de\/pl\/\"},{\"@type\":\"ListItem\",\"position\":2,\"name\":\"AVB\"}]},{\"@type\":\"WebSite\",\"@id\":\"https:\/\/schutzklick.de\/#website\",\"url\":\"https:\/\/schutzklick.de\/\",\"name\":\"Schutzklick\",\"description\":\"Ubezpieczenie \u2013 on-line\",\"potentialAction\":[{\"@type\":\"SearchAction\",\"target\":{\"@type\":\"EntryPoint\",\"urlTemplate\":\"https:\/\/schutzklick.de\/?s={search_term_string}\"},\"query-input\":{\"@type\":\"PropertyValueSpecification\",\"valueRequired\":true,\"valueName\":\"search_term_string\"}}],\"inLanguage\":\"pl-PL\"}]}<\/script>\n<!-- \/ Yoast SEO plugin. -->","yoast_head_json":{"title":"Og\u00f3lne Warunki Ubezpieczenia | Schutzklick","description":"Schutzklick - Og\u00f3lne warunki ubezpieczenia i informacje o produktach obj\u0119tych ubezpieczeniem. Pobierz warunki ubezpieczenia i karty informacyjne produkt\u00f3w.","robots":{"index":"index","follow":"follow","max-snippet":"max-snippet:-1","max-image-preview":"max-image-preview:large","max-video-preview":"max-video-preview:-1"},"canonical":"https:\/\/schutzklick.de\/pl\/owu\/","og_locale":"pl_PL","og_type":"article","og_title":"Og\u00f3lne Warunki Ubezpieczenia | Schutzklick","og_description":"Schutzklick - Og\u00f3lne warunki ubezpieczenia i informacje o produktach obj\u0119tych ubezpieczeniem. Pobierz warunki ubezpieczenia i karty informacyjne produkt\u00f3w.","og_url":"https:\/\/schutzklick.de\/pl\/owu\/","og_site_name":"Schutzklick","article_modified_time":"2024-10-10T09:41:53+00:00","twitter_card":"summary_large_image","schema":{"@context":"https:\/\/schema.org","@graph":[{"@type":"WebPage","@id":"https:\/\/schutzklick.de\/pl\/owu\/","url":"https:\/\/schutzklick.de\/pl\/owu\/","name":"Og\u00f3lne Warunki Ubezpieczenia | Schutzklick","isPartOf":{"@id":"https:\/\/schutzklick.de\/#website"},"datePublished":"2019-11-11T13:16:23+00:00","dateModified":"2024-10-10T09:41:53+00:00","description":"Schutzklick - Og\u00f3lne warunki ubezpieczenia i informacje o produktach obj\u0119tych ubezpieczeniem. Pobierz warunki ubezpieczenia i karty informacyjne produkt\u00f3w.","breadcrumb":{"@id":"https:\/\/schutzklick.de\/pl\/owu\/#breadcrumb"},"inLanguage":"pl-PL","potentialAction":[{"@type":"ReadAction","target":["https:\/\/schutzklick.de\/pl\/owu\/"]}]},{"@type":"BreadcrumbList","@id":"https:\/\/schutzklick.de\/pl\/owu\/#breadcrumb","itemListElement":[{"@type":"ListItem","position":1,"name":"Startseite","item":"https:\/\/schutzklick.de\/pl\/"},{"@type":"ListItem","position":2,"name":"AVB"}]},{"@type":"WebSite","@id":"https:\/\/schutzklick.de\/#website","url":"https:\/\/schutzklick.de\/","name":"Schutzklick","description":"Ubezpieczenie \u2013 on-line","potentialAction":[{"@type":"SearchAction","target":{"@type":"EntryPoint","urlTemplate":"https:\/\/schutzklick.de\/?s={search_term_string}"},"query-input":{"@type":"PropertyValueSpecification","valueRequired":true,"valueName":"search_term_string"}}],"inLanguage":"pl-PL"}]}},"_links":{"self":[{"href":"https:\/\/schutzklick.de\/pl\/wp-json\/wp\/v2\/pages\/7356","targetHints":{"allow":["GET"]}}],"collection":[{"href":"https:\/\/schutzklick.de\/pl\/wp-json\/wp\/v2\/pages"}],"about":[{"href":"https:\/\/schutzklick.de\/pl\/wp-json\/wp\/v2\/types\/page"}],"author":[{"embeddable":true,"href":"https:\/\/schutzklick.de\/pl\/wp-json\/wp\/v2\/users\/5"}],"replies":[{"embeddable":true,"href":"https:\/\/schutzklick.de\/pl\/wp-json\/wp\/v2\/comments?post=7356"}],"version-history":[{"count":3,"href":"https:\/\/schutzklick.de\/pl\/wp-json\/wp\/v2\/pages\/7356\/revisions"}],"predecessor-version":[{"id":11870,"href":"https:\/\/schutzklick.de\/pl\/wp-json\/wp\/v2\/pages\/7356\/revisions\/11870"}],"wp:attachment":[{"href":"https:\/\/schutzklick.de\/pl\/wp-json\/wp\/v2\/media?parent=7356"}],"curies":[{"name":"wp","href":"https:\/\/api.w.org\/{rel}","templated":true}]}}