{"id":4505,"date":"2019-10-10T14:33:46","date_gmt":"2019-10-10T13:33:46","guid":{"rendered":"https:\/\/simplesurance.wpengine.com\/iphone-versicherung\/diebstahl\/"},"modified":"2024-10-06T17:32:33","modified_gmt":"2024-10-06T15:32:33","slug":"stold","status":"publish","type":"page","link":"https:\/\/schutzklick.de\/sv\/iphone-forsakring\/stold\/","title":{"rendered":"iPhone Diebstahlschutz"},"content":{"rendered":"","protected":false},"excerpt":{"rendered":"","protected":false},"author":5,"featured_media":0,"parent":4490,"menu_order":1,"comment_status":"closed","ping_status":"closed","template":"","meta":{"_acf_changed":false,"footnotes":""},"class_list":["post-4505","page","type-page","status-publish","hentry"],"acf":[],"yoast_head":"<!-- This site is optimized with the Yoast SEO plugin v27.2 - https:\/\/yoast.com\/product\/yoast-seo-wordpress\/ -->\n<title>iPhone st\u00f6ldf\u00f6rs\u00e4kring fr\u00e5n 37,49 kr varje m\u00e5n. | Schutzklick<\/title>\n<meta name=\"description\" content=\"St\u00f6ldskyddsf\u00f6rs\u00e4kring f\u00f6r iPhone fr\u00e5n Simplesurance. Den b\u00e4sta st\u00f6ldskyddsf\u00f6rs\u00e4kringen f\u00f6r iPhone som f\u00f6rs\u00e4krar dig mot ytterligare skador.\" \/>\n<meta name=\"robots\" content=\"index, follow, max-snippet:-1, max-image-preview:large, max-video-preview:-1\" \/>\n<link rel=\"canonical\" href=\"https:\/\/schutzklick.de\/sv\/iphone-forsakring\/stold\/\" \/>\n<meta property=\"og:locale\" content=\"sv_SE\" \/>\n<meta property=\"og:type\" content=\"article\" \/>\n<meta property=\"og:title\" content=\"iPhone st\u00f6ldf\u00f6rs\u00e4kring fr\u00e5n 37,49 kr varje m\u00e5n. | Schutzklick\" \/>\n<meta property=\"og:description\" content=\"St\u00f6ldskyddsf\u00f6rs\u00e4kring f\u00f6r iPhone fr\u00e5n Simplesurance. Den b\u00e4sta st\u00f6ldskyddsf\u00f6rs\u00e4kringen f\u00f6r iPhone som f\u00f6rs\u00e4krar dig mot ytterligare skador.\" \/>\n<meta property=\"og:url\" content=\"https:\/\/schutzklick.de\/sv\/iphone-forsakring\/stold\/\" \/>\n<meta property=\"og:site_name\" content=\"Schutzklick\" \/>\n<meta property=\"article:modified_time\" content=\"2024-10-06T15:32:33+00:00\" \/>\n<meta name=\"twitter:card\" content=\"summary_large_image\" \/>\n<script type=\"application\/ld+json\" class=\"yoast-schema-graph\">{\"@context\":\"https:\/\/schema.org\",\"@graph\":[{\"@type\":\"WebPage\",\"@id\":\"https:\/\/schutzklick.de\/sv\/iphone-forsakring\/stold\/\",\"url\":\"https:\/\/schutzklick.de\/sv\/iphone-forsakring\/stold\/\",\"name\":\"iPhone st\u00f6ldf\u00f6rs\u00e4kring fr\u00e5n 37,49 kr varje m\u00e5n. | Schutzklick\",\"isPartOf\":{\"@id\":\"https:\/\/schutzklick.de\/#website\"},\"datePublished\":\"2019-10-10T13:33:46+00:00\",\"dateModified\":\"2024-10-06T15:32:33+00:00\",\"description\":\"St\u00f6ldskyddsf\u00f6rs\u00e4kring f\u00f6r iPhone fr\u00e5n Simplesurance. Den b\u00e4sta st\u00f6ldskyddsf\u00f6rs\u00e4kringen f\u00f6r iPhone som f\u00f6rs\u00e4krar dig mot ytterligare skador.\",\"breadcrumb\":{\"@id\":\"https:\/\/schutzklick.de\/sv\/iphone-forsakring\/stold\/#breadcrumb\"},\"inLanguage\":\"sv-SE\",\"potentialAction\":[{\"@type\":\"ReadAction\",\"target\":[\"https:\/\/schutzklick.de\/sv\/iphone-forsakring\/stold\/\"]}]},{\"@type\":\"BreadcrumbList\",\"@id\":\"https:\/\/schutzklick.de\/sv\/iphone-forsakring\/stold\/#breadcrumb\",\"itemListElement\":[{\"@type\":\"ListItem\",\"position\":1,\"name\":\"Startseite\",\"item\":\"https:\/\/schutzklick.de\/sv\/\"},{\"@type\":\"ListItem\",\"position\":2,\"name\":\"iPhone-Versicherung\",\"item\":\"https:\/\/schutzklick.de\/sv\/iphone-forsakring\/\"},{\"@type\":\"ListItem\",\"position\":3,\"name\":\"iPhone Diebstahlschutz\"}]},{\"@type\":\"WebSite\",\"@id\":\"https:\/\/schutzklick.de\/#website\",\"url\":\"https:\/\/schutzklick.de\/\",\"name\":\"Schutzklick\",\"description\":\"F\u00f6rs\u00e4kring - Online\",\"potentialAction\":[{\"@type\":\"SearchAction\",\"target\":{\"@type\":\"EntryPoint\",\"urlTemplate\":\"https:\/\/schutzklick.de\/?s={search_term_string}\"},\"query-input\":{\"@type\":\"PropertyValueSpecification\",\"valueRequired\":true,\"valueName\":\"search_term_string\"}}],\"inLanguage\":\"sv-SE\"}]}<\/script>\n<!-- \/ Yoast SEO plugin. -->","yoast_head_json":{"title":"iPhone st\u00f6ldf\u00f6rs\u00e4kring fr\u00e5n 37,49 kr varje m\u00e5n. | Schutzklick","description":"St\u00f6ldskyddsf\u00f6rs\u00e4kring f\u00f6r iPhone fr\u00e5n Simplesurance. Den b\u00e4sta st\u00f6ldskyddsf\u00f6rs\u00e4kringen f\u00f6r iPhone som f\u00f6rs\u00e4krar dig mot ytterligare skador.","robots":{"index":"index","follow":"follow","max-snippet":"max-snippet:-1","max-image-preview":"max-image-preview:large","max-video-preview":"max-video-preview:-1"},"canonical":"https:\/\/schutzklick.de\/sv\/iphone-forsakring\/stold\/","og_locale":"sv_SE","og_type":"article","og_title":"iPhone st\u00f6ldf\u00f6rs\u00e4kring fr\u00e5n 37,49 kr varje m\u00e5n. | Schutzklick","og_description":"St\u00f6ldskyddsf\u00f6rs\u00e4kring f\u00f6r iPhone fr\u00e5n Simplesurance. Den b\u00e4sta st\u00f6ldskyddsf\u00f6rs\u00e4kringen f\u00f6r iPhone som f\u00f6rs\u00e4krar dig mot ytterligare skador.","og_url":"https:\/\/schutzklick.de\/sv\/iphone-forsakring\/stold\/","og_site_name":"Schutzklick","article_modified_time":"2024-10-06T15:32:33+00:00","twitter_card":"summary_large_image","schema":{"@context":"https:\/\/schema.org","@graph":[{"@type":"WebPage","@id":"https:\/\/schutzklick.de\/sv\/iphone-forsakring\/stold\/","url":"https:\/\/schutzklick.de\/sv\/iphone-forsakring\/stold\/","name":"iPhone st\u00f6ldf\u00f6rs\u00e4kring fr\u00e5n 37,49 kr varje m\u00e5n. | Schutzklick","isPartOf":{"@id":"https:\/\/schutzklick.de\/#website"},"datePublished":"2019-10-10T13:33:46+00:00","dateModified":"2024-10-06T15:32:33+00:00","description":"St\u00f6ldskyddsf\u00f6rs\u00e4kring f\u00f6r iPhone fr\u00e5n Simplesurance. Den b\u00e4sta st\u00f6ldskyddsf\u00f6rs\u00e4kringen f\u00f6r iPhone som f\u00f6rs\u00e4krar dig mot ytterligare skador.","breadcrumb":{"@id":"https:\/\/schutzklick.de\/sv\/iphone-forsakring\/stold\/#breadcrumb"},"inLanguage":"sv-SE","potentialAction":[{"@type":"ReadAction","target":["https:\/\/schutzklick.de\/sv\/iphone-forsakring\/stold\/"]}]},{"@type":"BreadcrumbList","@id":"https:\/\/schutzklick.de\/sv\/iphone-forsakring\/stold\/#breadcrumb","itemListElement":[{"@type":"ListItem","position":1,"name":"Startseite","item":"https:\/\/schutzklick.de\/sv\/"},{"@type":"ListItem","position":2,"name":"iPhone-Versicherung","item":"https:\/\/schutzklick.de\/sv\/iphone-forsakring\/"},{"@type":"ListItem","position":3,"name":"iPhone Diebstahlschutz"}]},{"@type":"WebSite","@id":"https:\/\/schutzklick.de\/#website","url":"https:\/\/schutzklick.de\/","name":"Schutzklick","description":"F\u00f6rs\u00e4kring - Online","potentialAction":[{"@type":"SearchAction","target":{"@type":"EntryPoint","urlTemplate":"https:\/\/schutzklick.de\/?s={search_term_string}"},"query-input":{"@type":"PropertyValueSpecification","valueRequired":true,"valueName":"search_term_string"}}],"inLanguage":"sv-SE"}]}},"_links":{"self":[{"href":"https:\/\/schutzklick.de\/sv\/wp-json\/wp\/v2\/pages\/4505","targetHints":{"allow":["GET"]}}],"collection":[{"href":"https:\/\/schutzklick.de\/sv\/wp-json\/wp\/v2\/pages"}],"about":[{"href":"https:\/\/schutzklick.de\/sv\/wp-json\/wp\/v2\/types\/page"}],"author":[{"embeddable":true,"href":"https:\/\/schutzklick.de\/sv\/wp-json\/wp\/v2\/users\/5"}],"replies":[{"embeddable":true,"href":"https:\/\/schutzklick.de\/sv\/wp-json\/wp\/v2\/comments?post=4505"}],"version-history":[{"count":2,"href":"https:\/\/schutzklick.de\/sv\/wp-json\/wp\/v2\/pages\/4505\/revisions"}],"predecessor-version":[{"id":11433,"href":"https:\/\/schutzklick.de\/sv\/wp-json\/wp\/v2\/pages\/4505\/revisions\/11433"}],"up":[{"embeddable":true,"href":"https:\/\/schutzklick.de\/sv\/wp-json\/wp\/v2\/pages\/4490"}],"wp:attachment":[{"href":"https:\/\/schutzklick.de\/sv\/wp-json\/wp\/v2\/media?parent=4505"}],"curies":[{"name":"wp","href":"https:\/\/api.w.org\/{rel}","templated":true}]}}