{"id":4506,"date":"2019-10-15T11:07:08","date_gmt":"2019-10-15T10:07:08","guid":{"rendered":"https:\/\/simplesurance.wpengine.com\/samsung-galaxy-handyversicherung\/"},"modified":"2024-10-26T11:31:38","modified_gmt":"2024-10-26T09:31:38","slug":"samsung-galaxy-forsakring","status":"publish","type":"page","link":"https:\/\/schutzklick.de\/sv\/samsung-galaxy-forsakring\/","title":{"rendered":"Samsung-Galaxy-Versicherung"},"content":{"rendered":"","protected":false},"excerpt":{"rendered":"","protected":false},"author":5,"featured_media":0,"parent":0,"menu_order":110,"comment_status":"closed","ping_status":"closed","template":"","meta":{"_acf_changed":false,"footnotes":""},"class_list":["post-4506","page","type-page","status-publish","hentry"],"acf":[],"yoast_head":"<!-- This site is optimized with the Yoast SEO plugin v27.2 - https:\/\/yoast.com\/product\/yoast-seo-wordpress\/ -->\n<title>Samsung Galaxy f\u00f6rs\u00e4kring fr\u00e5n 37,49 kr per m\u00e5n. +st\u00f6ldskydd<\/title>\n<meta name=\"description\" content=\"Samsung Galaxy-mobilf\u00f6rs\u00e4kring. Skydda din Galaxy Note 10, S10 eller S9 smartphone bland annat f\u00f6r st\u00f6ld, sk\u00e4rmskador. Fast l\u00f6ptid. Upp till 3 m\u00e5nader efter k\u00f6p.\" \/>\n<meta name=\"robots\" content=\"index, follow, max-snippet:-1, max-image-preview:large, max-video-preview:-1\" \/>\n<link rel=\"canonical\" href=\"https:\/\/schutzklick.de\/sv\/samsung-galaxy-forsakring\/\" \/>\n<meta property=\"og:locale\" content=\"sv_SE\" \/>\n<meta property=\"og:type\" content=\"article\" \/>\n<meta property=\"og:title\" content=\"Samsung Galaxy f\u00f6rs\u00e4kring fr\u00e5n 37,49 kr per m\u00e5n. +st\u00f6ldskydd\" \/>\n<meta property=\"og:description\" content=\"Samsung Galaxy-mobilf\u00f6rs\u00e4kring. Skydda din Galaxy Note 10, S10 eller S9 smartphone bland annat f\u00f6r st\u00f6ld, sk\u00e4rmskador. Fast l\u00f6ptid. Upp till 3 m\u00e5nader efter k\u00f6p.\" \/>\n<meta property=\"og:url\" content=\"https:\/\/schutzklick.de\/sv\/samsung-galaxy-forsakring\/\" \/>\n<meta property=\"og:site_name\" content=\"Schutzklick\" \/>\n<meta property=\"article:modified_time\" content=\"2024-10-26T09:31:38+00:00\" \/>\n<meta name=\"twitter:card\" content=\"summary_large_image\" \/>\n<script type=\"application\/ld+json\" class=\"yoast-schema-graph\">{\"@context\":\"https:\/\/schema.org\",\"@graph\":[{\"@type\":\"WebPage\",\"@id\":\"https:\/\/schutzklick.de\/sv\/samsung-galaxy-forsakring\/\",\"url\":\"https:\/\/schutzklick.de\/sv\/samsung-galaxy-forsakring\/\",\"name\":\"Samsung Galaxy f\u00f6rs\u00e4kring fr\u00e5n 37,49 kr per m\u00e5n. +st\u00f6ldskydd\",\"isPartOf\":{\"@id\":\"https:\/\/schutzklick.de\/#website\"},\"datePublished\":\"2019-10-15T10:07:08+00:00\",\"dateModified\":\"2024-10-26T09:31:38+00:00\",\"description\":\"Samsung Galaxy-mobilf\u00f6rs\u00e4kring. Skydda din Galaxy Note 10, S10 eller S9 smartphone bland annat f\u00f6r st\u00f6ld, sk\u00e4rmskador. Fast l\u00f6ptid. Upp till 3 m\u00e5nader efter k\u00f6p.\",\"breadcrumb\":{\"@id\":\"https:\/\/schutzklick.de\/sv\/samsung-galaxy-forsakring\/#breadcrumb\"},\"inLanguage\":\"sv-SE\",\"potentialAction\":[{\"@type\":\"ReadAction\",\"target\":[\"https:\/\/schutzklick.de\/sv\/samsung-galaxy-forsakring\/\"]}]},{\"@type\":\"BreadcrumbList\",\"@id\":\"https:\/\/schutzklick.de\/sv\/samsung-galaxy-forsakring\/#breadcrumb\",\"itemListElement\":[{\"@type\":\"ListItem\",\"position\":1,\"name\":\"Startseite\",\"item\":\"https:\/\/schutzklick.de\/sv\/\"},{\"@type\":\"ListItem\",\"position\":2,\"name\":\"Samsung-Galaxy-Versicherung\"}]},{\"@type\":\"WebSite\",\"@id\":\"https:\/\/schutzklick.de\/#website\",\"url\":\"https:\/\/schutzklick.de\/\",\"name\":\"Schutzklick\",\"description\":\"F\u00f6rs\u00e4kring - Online\",\"potentialAction\":[{\"@type\":\"SearchAction\",\"target\":{\"@type\":\"EntryPoint\",\"urlTemplate\":\"https:\/\/schutzklick.de\/?s={search_term_string}\"},\"query-input\":{\"@type\":\"PropertyValueSpecification\",\"valueRequired\":true,\"valueName\":\"search_term_string\"}}],\"inLanguage\":\"sv-SE\"}]}<\/script>\n<!-- \/ Yoast SEO plugin. -->","yoast_head_json":{"title":"Samsung Galaxy f\u00f6rs\u00e4kring fr\u00e5n 37,49 kr per m\u00e5n. +st\u00f6ldskydd","description":"Samsung Galaxy-mobilf\u00f6rs\u00e4kring. Skydda din Galaxy Note 10, S10 eller S9 smartphone bland annat f\u00f6r st\u00f6ld, sk\u00e4rmskador. Fast l\u00f6ptid. Upp till 3 m\u00e5nader efter k\u00f6p.","robots":{"index":"index","follow":"follow","max-snippet":"max-snippet:-1","max-image-preview":"max-image-preview:large","max-video-preview":"max-video-preview:-1"},"canonical":"https:\/\/schutzklick.de\/sv\/samsung-galaxy-forsakring\/","og_locale":"sv_SE","og_type":"article","og_title":"Samsung Galaxy f\u00f6rs\u00e4kring fr\u00e5n 37,49 kr per m\u00e5n. +st\u00f6ldskydd","og_description":"Samsung Galaxy-mobilf\u00f6rs\u00e4kring. Skydda din Galaxy Note 10, S10 eller S9 smartphone bland annat f\u00f6r st\u00f6ld, sk\u00e4rmskador. Fast l\u00f6ptid. Upp till 3 m\u00e5nader efter k\u00f6p.","og_url":"https:\/\/schutzklick.de\/sv\/samsung-galaxy-forsakring\/","og_site_name":"Schutzklick","article_modified_time":"2024-10-26T09:31:38+00:00","twitter_card":"summary_large_image","schema":{"@context":"https:\/\/schema.org","@graph":[{"@type":"WebPage","@id":"https:\/\/schutzklick.de\/sv\/samsung-galaxy-forsakring\/","url":"https:\/\/schutzklick.de\/sv\/samsung-galaxy-forsakring\/","name":"Samsung Galaxy f\u00f6rs\u00e4kring fr\u00e5n 37,49 kr per m\u00e5n. +st\u00f6ldskydd","isPartOf":{"@id":"https:\/\/schutzklick.de\/#website"},"datePublished":"2019-10-15T10:07:08+00:00","dateModified":"2024-10-26T09:31:38+00:00","description":"Samsung Galaxy-mobilf\u00f6rs\u00e4kring. Skydda din Galaxy Note 10, S10 eller S9 smartphone bland annat f\u00f6r st\u00f6ld, sk\u00e4rmskador. Fast l\u00f6ptid. Upp till 3 m\u00e5nader efter k\u00f6p.","breadcrumb":{"@id":"https:\/\/schutzklick.de\/sv\/samsung-galaxy-forsakring\/#breadcrumb"},"inLanguage":"sv-SE","potentialAction":[{"@type":"ReadAction","target":["https:\/\/schutzklick.de\/sv\/samsung-galaxy-forsakring\/"]}]},{"@type":"BreadcrumbList","@id":"https:\/\/schutzklick.de\/sv\/samsung-galaxy-forsakring\/#breadcrumb","itemListElement":[{"@type":"ListItem","position":1,"name":"Startseite","item":"https:\/\/schutzklick.de\/sv\/"},{"@type":"ListItem","position":2,"name":"Samsung-Galaxy-Versicherung"}]},{"@type":"WebSite","@id":"https:\/\/schutzklick.de\/#website","url":"https:\/\/schutzklick.de\/","name":"Schutzklick","description":"F\u00f6rs\u00e4kring - Online","potentialAction":[{"@type":"SearchAction","target":{"@type":"EntryPoint","urlTemplate":"https:\/\/schutzklick.de\/?s={search_term_string}"},"query-input":{"@type":"PropertyValueSpecification","valueRequired":true,"valueName":"search_term_string"}}],"inLanguage":"sv-SE"}]}},"_links":{"self":[{"href":"https:\/\/schutzklick.de\/sv\/wp-json\/wp\/v2\/pages\/4506","targetHints":{"allow":["GET"]}}],"collection":[{"href":"https:\/\/schutzklick.de\/sv\/wp-json\/wp\/v2\/pages"}],"about":[{"href":"https:\/\/schutzklick.de\/sv\/wp-json\/wp\/v2\/types\/page"}],"author":[{"embeddable":true,"href":"https:\/\/schutzklick.de\/sv\/wp-json\/wp\/v2\/users\/5"}],"replies":[{"embeddable":true,"href":"https:\/\/schutzklick.de\/sv\/wp-json\/wp\/v2\/comments?post=4506"}],"version-history":[{"count":3,"href":"https:\/\/schutzklick.de\/sv\/wp-json\/wp\/v2\/pages\/4506\/revisions"}],"predecessor-version":[{"id":12001,"href":"https:\/\/schutzklick.de\/sv\/wp-json\/wp\/v2\/pages\/4506\/revisions\/12001"}],"wp:attachment":[{"href":"https:\/\/schutzklick.de\/sv\/wp-json\/wp\/v2\/media?parent=4506"}],"curies":[{"name":"wp","href":"https:\/\/api.w.org\/{rel}","templated":true}]}}