{"id":4509,"date":"2019-07-10T12:39:40","date_gmt":"2019-07-10T11:39:40","guid":{"rendered":"https:\/\/simplesurance.wpengine.com\/handyversicherung\/"},"modified":"2024-10-06T17:48:56","modified_gmt":"2024-10-06T15:48:56","slug":"mobilforsakring","status":"publish","type":"page","link":"https:\/\/schutzklick.de\/sv\/mobilforsakring\/","title":{"rendered":"Handyversicherung"},"content":{"rendered":"","protected":false},"excerpt":{"rendered":"","protected":false},"author":1,"featured_media":0,"parent":0,"menu_order":140,"comment_status":"closed","ping_status":"closed","template":"","meta":{"_acf_changed":false,"footnotes":""},"class_list":["post-4509","page","type-page","status-publish","hentry"],"acf":[],"yoast_head":"<!-- This site is optimized with the Yoast SEO plugin v27.2 - https:\/\/yoast.com\/product\/yoast-seo-wordpress\/ -->\n<title>Mobilf\u00f6rs\u00e4kring fr\u00e5n 37,49 kr per m\u00e5nad + st\u00f6ldskydd<\/title>\n<meta name=\"description\" content=\"Mobilf\u00f6rs\u00e4kring med st\u00f6ldskydd som tillval. F\u00f6rs\u00e4kra mobilen mot sk\u00e4rmskador mm. Upp till 3 m\u00e5nader efter k\u00f6pet. Fast l\u00f6ptid. Inget abonnemang!\" \/>\n<meta name=\"robots\" content=\"index, follow, max-snippet:-1, max-image-preview:large, max-video-preview:-1\" \/>\n<link rel=\"canonical\" href=\"https:\/\/schutzklick.de\/handyversicherung\/\" \/>\n<meta property=\"og:locale\" content=\"sv_SE\" \/>\n<meta property=\"og:type\" content=\"article\" \/>\n<meta property=\"og:title\" content=\"Mobilf\u00f6rs\u00e4kring fr\u00e5n 37,49 kr per m\u00e5nad + st\u00f6ldskydd\" \/>\n<meta property=\"og:description\" content=\"Mobilf\u00f6rs\u00e4kring med st\u00f6ldskydd som tillval. F\u00f6rs\u00e4kra mobilen mot sk\u00e4rmskador mm. Upp till 3 m\u00e5nader efter k\u00f6pet. Fast l\u00f6ptid. Inget abonnemang!\" \/>\n<meta property=\"og:url\" content=\"https:\/\/schutzklick.de\/handyversicherung\/\" \/>\n<meta property=\"og:site_name\" content=\"Schutzklick\" \/>\n<meta property=\"article:modified_time\" content=\"2024-10-06T15:48:56+00:00\" \/>\n<meta name=\"twitter:card\" content=\"summary_large_image\" \/>\n<script type=\"application\/ld+json\" class=\"yoast-schema-graph\">{\"@context\":\"https:\/\/schema.org\",\"@graph\":[{\"@type\":\"WebPage\",\"@id\":\"https:\/\/schutzklick.de\/handyversicherung\/\",\"url\":\"https:\/\/schutzklick.de\/handyversicherung\/\",\"name\":\"Mobilf\u00f6rs\u00e4kring fr\u00e5n 37,49 kr per m\u00e5nad + st\u00f6ldskydd\",\"isPartOf\":{\"@id\":\"https:\/\/schutzklick.de\/#website\"},\"datePublished\":\"2019-07-10T11:39:40+00:00\",\"dateModified\":\"2024-10-06T15:48:56+00:00\",\"description\":\"Mobilf\u00f6rs\u00e4kring med st\u00f6ldskydd som tillval. F\u00f6rs\u00e4kra mobilen mot sk\u00e4rmskador mm. Upp till 3 m\u00e5nader efter k\u00f6pet. Fast l\u00f6ptid. Inget abonnemang!\",\"breadcrumb\":{\"@id\":\"https:\/\/schutzklick.de\/handyversicherung\/#breadcrumb\"},\"inLanguage\":\"sv-SE\",\"potentialAction\":[{\"@type\":\"ReadAction\",\"target\":[\"https:\/\/schutzklick.de\/handyversicherung\/\"]}]},{\"@type\":\"BreadcrumbList\",\"@id\":\"https:\/\/schutzklick.de\/handyversicherung\/#breadcrumb\",\"itemListElement\":[{\"@type\":\"ListItem\",\"position\":1,\"name\":\"Startseite\",\"item\":\"https:\/\/schutzklick.de\/sv\/\"},{\"@type\":\"ListItem\",\"position\":2,\"name\":\"Handyversicherung\"}]},{\"@type\":\"WebSite\",\"@id\":\"https:\/\/schutzklick.de\/#website\",\"url\":\"https:\/\/schutzklick.de\/\",\"name\":\"Schutzklick\",\"description\":\"F\u00f6rs\u00e4kring - Online\",\"potentialAction\":[{\"@type\":\"SearchAction\",\"target\":{\"@type\":\"EntryPoint\",\"urlTemplate\":\"https:\/\/schutzklick.de\/?s={search_term_string}\"},\"query-input\":{\"@type\":\"PropertyValueSpecification\",\"valueRequired\":true,\"valueName\":\"search_term_string\"}}],\"inLanguage\":\"sv-SE\"}]}<\/script>\n<!-- \/ Yoast SEO plugin. -->","yoast_head_json":{"title":"Mobilf\u00f6rs\u00e4kring fr\u00e5n 37,49 kr per m\u00e5nad + st\u00f6ldskydd","description":"Mobilf\u00f6rs\u00e4kring med st\u00f6ldskydd som tillval. F\u00f6rs\u00e4kra mobilen mot sk\u00e4rmskador mm. Upp till 3 m\u00e5nader efter k\u00f6pet. Fast l\u00f6ptid. Inget abonnemang!","robots":{"index":"index","follow":"follow","max-snippet":"max-snippet:-1","max-image-preview":"max-image-preview:large","max-video-preview":"max-video-preview:-1"},"canonical":"https:\/\/schutzklick.de\/handyversicherung\/","og_locale":"sv_SE","og_type":"article","og_title":"Mobilf\u00f6rs\u00e4kring fr\u00e5n 37,49 kr per m\u00e5nad + st\u00f6ldskydd","og_description":"Mobilf\u00f6rs\u00e4kring med st\u00f6ldskydd som tillval. F\u00f6rs\u00e4kra mobilen mot sk\u00e4rmskador mm. Upp till 3 m\u00e5nader efter k\u00f6pet. Fast l\u00f6ptid. Inget abonnemang!","og_url":"https:\/\/schutzklick.de\/handyversicherung\/","og_site_name":"Schutzklick","article_modified_time":"2024-10-06T15:48:56+00:00","twitter_card":"summary_large_image","schema":{"@context":"https:\/\/schema.org","@graph":[{"@type":"WebPage","@id":"https:\/\/schutzklick.de\/handyversicherung\/","url":"https:\/\/schutzklick.de\/handyversicherung\/","name":"Mobilf\u00f6rs\u00e4kring fr\u00e5n 37,49 kr per m\u00e5nad + st\u00f6ldskydd","isPartOf":{"@id":"https:\/\/schutzklick.de\/#website"},"datePublished":"2019-07-10T11:39:40+00:00","dateModified":"2024-10-06T15:48:56+00:00","description":"Mobilf\u00f6rs\u00e4kring med st\u00f6ldskydd som tillval. F\u00f6rs\u00e4kra mobilen mot sk\u00e4rmskador mm. Upp till 3 m\u00e5nader efter k\u00f6pet. Fast l\u00f6ptid. Inget abonnemang!","breadcrumb":{"@id":"https:\/\/schutzklick.de\/handyversicherung\/#breadcrumb"},"inLanguage":"sv-SE","potentialAction":[{"@type":"ReadAction","target":["https:\/\/schutzklick.de\/handyversicherung\/"]}]},{"@type":"BreadcrumbList","@id":"https:\/\/schutzklick.de\/handyversicherung\/#breadcrumb","itemListElement":[{"@type":"ListItem","position":1,"name":"Startseite","item":"https:\/\/schutzklick.de\/sv\/"},{"@type":"ListItem","position":2,"name":"Handyversicherung"}]},{"@type":"WebSite","@id":"https:\/\/schutzklick.de\/#website","url":"https:\/\/schutzklick.de\/","name":"Schutzklick","description":"F\u00f6rs\u00e4kring - Online","potentialAction":[{"@type":"SearchAction","target":{"@type":"EntryPoint","urlTemplate":"https:\/\/schutzklick.de\/?s={search_term_string}"},"query-input":{"@type":"PropertyValueSpecification","valueRequired":true,"valueName":"search_term_string"}}],"inLanguage":"sv-SE"}]}},"_links":{"self":[{"href":"https:\/\/schutzklick.de\/sv\/wp-json\/wp\/v2\/pages\/4509","targetHints":{"allow":["GET"]}}],"collection":[{"href":"https:\/\/schutzklick.de\/sv\/wp-json\/wp\/v2\/pages"}],"about":[{"href":"https:\/\/schutzklick.de\/sv\/wp-json\/wp\/v2\/types\/page"}],"author":[{"embeddable":true,"href":"https:\/\/schutzklick.de\/sv\/wp-json\/wp\/v2\/users\/1"}],"replies":[{"embeddable":true,"href":"https:\/\/schutzklick.de\/sv\/wp-json\/wp\/v2\/comments?post=4509"}],"version-history":[{"count":2,"href":"https:\/\/schutzklick.de\/sv\/wp-json\/wp\/v2\/pages\/4509\/revisions"}],"predecessor-version":[{"id":11451,"href":"https:\/\/schutzklick.de\/sv\/wp-json\/wp\/v2\/pages\/4509\/revisions\/11451"}],"wp:attachment":[{"href":"https:\/\/schutzklick.de\/sv\/wp-json\/wp\/v2\/media?parent=4509"}],"curies":[{"name":"wp","href":"https:\/\/api.w.org\/{rel}","templated":true}]}}