{"id":4510,"date":"2019-09-11T16:47:52","date_gmt":"2019-09-11T15:47:52","guid":{"rendered":"https:\/\/simplesurance.wpengine.com\/handyversicherung\/diebstahl\/"},"modified":"2024-10-06T17:57:49","modified_gmt":"2024-10-06T15:57:49","slug":"mobilforsakring-stold","status":"publish","type":"page","link":"https:\/\/schutzklick.de\/sv\/mobilforsakring\/mobilforsakring-stold\/","title":{"rendered":"Handy Diebstahlschutz"},"content":{"rendered":"","protected":false},"excerpt":{"rendered":"","protected":false},"author":1,"featured_media":0,"parent":4509,"menu_order":1,"comment_status":"closed","ping_status":"closed","template":"","meta":{"_acf_changed":false,"footnotes":""},"class_list":["post-4510","page","type-page","status-publish","hentry"],"acf":[],"yoast_head":"<!-- This site is optimized with the Yoast SEO plugin v27.2 - https:\/\/yoast.com\/product\/yoast-seo-wordpress\/ -->\n<title>Mobilst\u00f6ldf\u00f6rs\u00e4kring fr\u00e5n 37,49 kr per m\u00e5nad | Schutzklick<\/title>\n<meta name=\"description\" content=\"Mobilst\u00f6ldf\u00f6rs\u00e4kring fr\u00e5n 37,49 kr per m\u00e5nad | St\u00f6ldskydd f\u00f6r mobilen inkl. skydd mot display-, kross- och fallskador | Skydda din smartphone online!\" \/>\n<meta name=\"robots\" content=\"index, follow, max-snippet:-1, max-image-preview:large, max-video-preview:-1\" \/>\n<link rel=\"canonical\" href=\"https:\/\/schutzklick.de\/handyversicherung\/diebstahl\/\" \/>\n<meta property=\"og:locale\" content=\"sv_SE\" \/>\n<meta property=\"og:type\" content=\"article\" \/>\n<meta property=\"og:title\" content=\"Mobilst\u00f6ldf\u00f6rs\u00e4kring fr\u00e5n 37,49 kr per m\u00e5nad | Schutzklick\" \/>\n<meta property=\"og:description\" content=\"Mobilst\u00f6ldf\u00f6rs\u00e4kring fr\u00e5n 37,49 kr per m\u00e5nad | St\u00f6ldskydd f\u00f6r mobilen inkl. skydd mot display-, kross- och fallskador | Skydda din smartphone online!\" \/>\n<meta property=\"og:url\" content=\"https:\/\/schutzklick.de\/handyversicherung\/diebstahl\/\" \/>\n<meta property=\"og:site_name\" content=\"Schutzklick\" \/>\n<meta property=\"article:modified_time\" content=\"2024-10-06T15:57:49+00:00\" \/>\n<meta name=\"twitter:card\" content=\"summary_large_image\" \/>\n<script type=\"application\/ld+json\" class=\"yoast-schema-graph\">{\"@context\":\"https:\/\/schema.org\",\"@graph\":[{\"@type\":\"WebPage\",\"@id\":\"https:\/\/schutzklick.de\/handyversicherung\/diebstahl\/\",\"url\":\"https:\/\/schutzklick.de\/handyversicherung\/diebstahl\/\",\"name\":\"Mobilst\u00f6ldf\u00f6rs\u00e4kring fr\u00e5n 37,49 kr per m\u00e5nad | Schutzklick\",\"isPartOf\":{\"@id\":\"https:\/\/schutzklick.de\/#website\"},\"datePublished\":\"2019-09-11T15:47:52+00:00\",\"dateModified\":\"2024-10-06T15:57:49+00:00\",\"description\":\"Mobilst\u00f6ldf\u00f6rs\u00e4kring fr\u00e5n 37,49 kr per m\u00e5nad | St\u00f6ldskydd f\u00f6r mobilen inkl. skydd mot display-, kross- och fallskador | Skydda din smartphone online!\",\"breadcrumb\":{\"@id\":\"https:\/\/schutzklick.de\/handyversicherung\/diebstahl\/#breadcrumb\"},\"inLanguage\":\"sv-SE\",\"potentialAction\":[{\"@type\":\"ReadAction\",\"target\":[\"https:\/\/schutzklick.de\/handyversicherung\/diebstahl\/\"]}]},{\"@type\":\"BreadcrumbList\",\"@id\":\"https:\/\/schutzklick.de\/handyversicherung\/diebstahl\/#breadcrumb\",\"itemListElement\":[{\"@type\":\"ListItem\",\"position\":1,\"name\":\"Startseite\",\"item\":\"https:\/\/schutzklick.de\/sv\/\"},{\"@type\":\"ListItem\",\"position\":2,\"name\":\"Handyversicherung\",\"item\":\"https:\/\/schutzklick.de\/handyversicherung\/\"},{\"@type\":\"ListItem\",\"position\":3,\"name\":\"Handy Diebstahlschutz\"}]},{\"@type\":\"WebSite\",\"@id\":\"https:\/\/schutzklick.de\/#website\",\"url\":\"https:\/\/schutzklick.de\/\",\"name\":\"Schutzklick\",\"description\":\"F\u00f6rs\u00e4kring - Online\",\"potentialAction\":[{\"@type\":\"SearchAction\",\"target\":{\"@type\":\"EntryPoint\",\"urlTemplate\":\"https:\/\/schutzklick.de\/?s={search_term_string}\"},\"query-input\":{\"@type\":\"PropertyValueSpecification\",\"valueRequired\":true,\"valueName\":\"search_term_string\"}}],\"inLanguage\":\"sv-SE\"}]}<\/script>\n<!-- \/ Yoast SEO plugin. -->","yoast_head_json":{"title":"Mobilst\u00f6ldf\u00f6rs\u00e4kring fr\u00e5n 37,49 kr per m\u00e5nad | Schutzklick","description":"Mobilst\u00f6ldf\u00f6rs\u00e4kring fr\u00e5n 37,49 kr per m\u00e5nad | St\u00f6ldskydd f\u00f6r mobilen inkl. skydd mot display-, kross- och fallskador | Skydda din smartphone online!","robots":{"index":"index","follow":"follow","max-snippet":"max-snippet:-1","max-image-preview":"max-image-preview:large","max-video-preview":"max-video-preview:-1"},"canonical":"https:\/\/schutzklick.de\/handyversicherung\/diebstahl\/","og_locale":"sv_SE","og_type":"article","og_title":"Mobilst\u00f6ldf\u00f6rs\u00e4kring fr\u00e5n 37,49 kr per m\u00e5nad | Schutzklick","og_description":"Mobilst\u00f6ldf\u00f6rs\u00e4kring fr\u00e5n 37,49 kr per m\u00e5nad | St\u00f6ldskydd f\u00f6r mobilen inkl. skydd mot display-, kross- och fallskador | Skydda din smartphone online!","og_url":"https:\/\/schutzklick.de\/handyversicherung\/diebstahl\/","og_site_name":"Schutzklick","article_modified_time":"2024-10-06T15:57:49+00:00","twitter_card":"summary_large_image","schema":{"@context":"https:\/\/schema.org","@graph":[{"@type":"WebPage","@id":"https:\/\/schutzklick.de\/handyversicherung\/diebstahl\/","url":"https:\/\/schutzklick.de\/handyversicherung\/diebstahl\/","name":"Mobilst\u00f6ldf\u00f6rs\u00e4kring fr\u00e5n 37,49 kr per m\u00e5nad | Schutzklick","isPartOf":{"@id":"https:\/\/schutzklick.de\/#website"},"datePublished":"2019-09-11T15:47:52+00:00","dateModified":"2024-10-06T15:57:49+00:00","description":"Mobilst\u00f6ldf\u00f6rs\u00e4kring fr\u00e5n 37,49 kr per m\u00e5nad | St\u00f6ldskydd f\u00f6r mobilen inkl. skydd mot display-, kross- och fallskador | Skydda din smartphone online!","breadcrumb":{"@id":"https:\/\/schutzklick.de\/handyversicherung\/diebstahl\/#breadcrumb"},"inLanguage":"sv-SE","potentialAction":[{"@type":"ReadAction","target":["https:\/\/schutzklick.de\/handyversicherung\/diebstahl\/"]}]},{"@type":"BreadcrumbList","@id":"https:\/\/schutzklick.de\/handyversicherung\/diebstahl\/#breadcrumb","itemListElement":[{"@type":"ListItem","position":1,"name":"Startseite","item":"https:\/\/schutzklick.de\/sv\/"},{"@type":"ListItem","position":2,"name":"Handyversicherung","item":"https:\/\/schutzklick.de\/handyversicherung\/"},{"@type":"ListItem","position":3,"name":"Handy Diebstahlschutz"}]},{"@type":"WebSite","@id":"https:\/\/schutzklick.de\/#website","url":"https:\/\/schutzklick.de\/","name":"Schutzklick","description":"F\u00f6rs\u00e4kring - Online","potentialAction":[{"@type":"SearchAction","target":{"@type":"EntryPoint","urlTemplate":"https:\/\/schutzklick.de\/?s={search_term_string}"},"query-input":{"@type":"PropertyValueSpecification","valueRequired":true,"valueName":"search_term_string"}}],"inLanguage":"sv-SE"}]}},"_links":{"self":[{"href":"https:\/\/schutzklick.de\/sv\/wp-json\/wp\/v2\/pages\/4510","targetHints":{"allow":["GET"]}}],"collection":[{"href":"https:\/\/schutzklick.de\/sv\/wp-json\/wp\/v2\/pages"}],"about":[{"href":"https:\/\/schutzklick.de\/sv\/wp-json\/wp\/v2\/types\/page"}],"author":[{"embeddable":true,"href":"https:\/\/schutzklick.de\/sv\/wp-json\/wp\/v2\/users\/1"}],"replies":[{"embeddable":true,"href":"https:\/\/schutzklick.de\/sv\/wp-json\/wp\/v2\/comments?post=4510"}],"version-history":[{"count":2,"href":"https:\/\/schutzklick.de\/sv\/wp-json\/wp\/v2\/pages\/4510\/revisions"}],"predecessor-version":[{"id":11456,"href":"https:\/\/schutzklick.de\/sv\/wp-json\/wp\/v2\/pages\/4510\/revisions\/11456"}],"up":[{"embeddable":true,"href":"https:\/\/schutzklick.de\/sv\/wp-json\/wp\/v2\/pages\/4509"}],"wp:attachment":[{"href":"https:\/\/schutzklick.de\/sv\/wp-json\/wp\/v2\/media?parent=4510"}],"curies":[{"name":"wp","href":"https:\/\/api.w.org\/{rel}","templated":true}]}}