{"id":4512,"date":"2019-10-15T08:56:31","date_gmt":"2019-10-15T07:56:31","guid":{"rendered":"https:\/\/simplesurance.wpengine.com\/kameraversicherung\/"},"modified":"2024-10-06T18:25:00","modified_gmt":"2024-10-06T16:25:00","slug":"kameraforsakring","status":"publish","type":"page","link":"https:\/\/schutzklick.de\/sv\/kameraforsakring\/","title":{"rendered":"Kameraversicherung"},"content":{"rendered":"","protected":false},"excerpt":{"rendered":"","protected":false},"author":5,"featured_media":0,"parent":0,"menu_order":203,"comment_status":"closed","ping_status":"closed","template":"","meta":{"_acf_changed":false,"footnotes":""},"class_list":["post-4512","page","type-page","status-publish","hentry"],"acf":[],"yoast_head":"<!-- This site is optimized with the Yoast SEO plugin v27.2 - https:\/\/yoast.com\/product\/yoast-seo-wordpress\/ -->\n<title>Kameraf\u00f6rs\u00e4kring fr\u00e5n bara 33,32 kr pr. m\u00e5n + st\u00f6ldskydd<\/title>\n<meta name=\"description\" content=\"Schutzklick kameraf\u00f6rs\u00e4kring med st\u00f6ldskydd som tillval. Fast l\u00f6ptid. Inget abonnemang, f\u00f6rs\u00e4kra kameran, \u00e4nda upp till 3 m\u00e5nader efter k\u00f6pet.\" \/>\n<meta name=\"robots\" content=\"index, follow, max-snippet:-1, max-image-preview:large, max-video-preview:-1\" \/>\n<link rel=\"canonical\" href=\"https:\/\/schutzklick.de\/kameraversicherung\/\" \/>\n<meta property=\"og:locale\" content=\"sv_SE\" \/>\n<meta property=\"og:type\" content=\"article\" \/>\n<meta property=\"og:title\" content=\"Kameraf\u00f6rs\u00e4kring fr\u00e5n bara 33,32 kr pr. m\u00e5n + st\u00f6ldskydd\" \/>\n<meta property=\"og:description\" content=\"Schutzklick kameraf\u00f6rs\u00e4kring med st\u00f6ldskydd som tillval. Fast l\u00f6ptid. Inget abonnemang, f\u00f6rs\u00e4kra kameran, \u00e4nda upp till 3 m\u00e5nader efter k\u00f6pet.\" \/>\n<meta property=\"og:url\" content=\"https:\/\/schutzklick.de\/kameraversicherung\/\" \/>\n<meta property=\"og:site_name\" content=\"Schutzklick\" \/>\n<meta property=\"article:modified_time\" content=\"2024-10-06T16:25:00+00:00\" \/>\n<meta name=\"twitter:card\" content=\"summary_large_image\" \/>\n<script type=\"application\/ld+json\" class=\"yoast-schema-graph\">{\"@context\":\"https:\/\/schema.org\",\"@graph\":[{\"@type\":\"WebPage\",\"@id\":\"https:\/\/schutzklick.de\/kameraversicherung\/\",\"url\":\"https:\/\/schutzklick.de\/kameraversicherung\/\",\"name\":\"Kameraf\u00f6rs\u00e4kring fr\u00e5n bara 33,32 kr pr. m\u00e5n + st\u00f6ldskydd\",\"isPartOf\":{\"@id\":\"https:\/\/schutzklick.de\/#website\"},\"datePublished\":\"2019-10-15T07:56:31+00:00\",\"dateModified\":\"2024-10-06T16:25:00+00:00\",\"description\":\"Schutzklick kameraf\u00f6rs\u00e4kring med st\u00f6ldskydd som tillval. Fast l\u00f6ptid. Inget abonnemang, f\u00f6rs\u00e4kra kameran, \u00e4nda upp till 3 m\u00e5nader efter k\u00f6pet.\",\"breadcrumb\":{\"@id\":\"https:\/\/schutzklick.de\/kameraversicherung\/#breadcrumb\"},\"inLanguage\":\"sv-SE\",\"potentialAction\":[{\"@type\":\"ReadAction\",\"target\":[\"https:\/\/schutzklick.de\/kameraversicherung\/\"]}]},{\"@type\":\"BreadcrumbList\",\"@id\":\"https:\/\/schutzklick.de\/kameraversicherung\/#breadcrumb\",\"itemListElement\":[{\"@type\":\"ListItem\",\"position\":1,\"name\":\"Startseite\",\"item\":\"https:\/\/schutzklick.de\/sv\/\"},{\"@type\":\"ListItem\",\"position\":2,\"name\":\"Kameraversicherung\"}]},{\"@type\":\"WebSite\",\"@id\":\"https:\/\/schutzklick.de\/#website\",\"url\":\"https:\/\/schutzklick.de\/\",\"name\":\"Schutzklick\",\"description\":\"F\u00f6rs\u00e4kring - Online\",\"potentialAction\":[{\"@type\":\"SearchAction\",\"target\":{\"@type\":\"EntryPoint\",\"urlTemplate\":\"https:\/\/schutzklick.de\/?s={search_term_string}\"},\"query-input\":{\"@type\":\"PropertyValueSpecification\",\"valueRequired\":true,\"valueName\":\"search_term_string\"}}],\"inLanguage\":\"sv-SE\"}]}<\/script>\n<!-- \/ Yoast SEO plugin. -->","yoast_head_json":{"title":"Kameraf\u00f6rs\u00e4kring fr\u00e5n bara 33,32 kr pr. m\u00e5n + st\u00f6ldskydd","description":"Schutzklick kameraf\u00f6rs\u00e4kring med st\u00f6ldskydd som tillval. Fast l\u00f6ptid. Inget abonnemang, f\u00f6rs\u00e4kra kameran, \u00e4nda upp till 3 m\u00e5nader efter k\u00f6pet.","robots":{"index":"index","follow":"follow","max-snippet":"max-snippet:-1","max-image-preview":"max-image-preview:large","max-video-preview":"max-video-preview:-1"},"canonical":"https:\/\/schutzklick.de\/kameraversicherung\/","og_locale":"sv_SE","og_type":"article","og_title":"Kameraf\u00f6rs\u00e4kring fr\u00e5n bara 33,32 kr pr. m\u00e5n + st\u00f6ldskydd","og_description":"Schutzklick kameraf\u00f6rs\u00e4kring med st\u00f6ldskydd som tillval. Fast l\u00f6ptid. Inget abonnemang, f\u00f6rs\u00e4kra kameran, \u00e4nda upp till 3 m\u00e5nader efter k\u00f6pet.","og_url":"https:\/\/schutzklick.de\/kameraversicherung\/","og_site_name":"Schutzklick","article_modified_time":"2024-10-06T16:25:00+00:00","twitter_card":"summary_large_image","schema":{"@context":"https:\/\/schema.org","@graph":[{"@type":"WebPage","@id":"https:\/\/schutzklick.de\/kameraversicherung\/","url":"https:\/\/schutzklick.de\/kameraversicherung\/","name":"Kameraf\u00f6rs\u00e4kring fr\u00e5n bara 33,32 kr pr. m\u00e5n + st\u00f6ldskydd","isPartOf":{"@id":"https:\/\/schutzklick.de\/#website"},"datePublished":"2019-10-15T07:56:31+00:00","dateModified":"2024-10-06T16:25:00+00:00","description":"Schutzklick kameraf\u00f6rs\u00e4kring med st\u00f6ldskydd som tillval. Fast l\u00f6ptid. Inget abonnemang, f\u00f6rs\u00e4kra kameran, \u00e4nda upp till 3 m\u00e5nader efter k\u00f6pet.","breadcrumb":{"@id":"https:\/\/schutzklick.de\/kameraversicherung\/#breadcrumb"},"inLanguage":"sv-SE","potentialAction":[{"@type":"ReadAction","target":["https:\/\/schutzklick.de\/kameraversicherung\/"]}]},{"@type":"BreadcrumbList","@id":"https:\/\/schutzklick.de\/kameraversicherung\/#breadcrumb","itemListElement":[{"@type":"ListItem","position":1,"name":"Startseite","item":"https:\/\/schutzklick.de\/sv\/"},{"@type":"ListItem","position":2,"name":"Kameraversicherung"}]},{"@type":"WebSite","@id":"https:\/\/schutzklick.de\/#website","url":"https:\/\/schutzklick.de\/","name":"Schutzklick","description":"F\u00f6rs\u00e4kring - Online","potentialAction":[{"@type":"SearchAction","target":{"@type":"EntryPoint","urlTemplate":"https:\/\/schutzklick.de\/?s={search_term_string}"},"query-input":{"@type":"PropertyValueSpecification","valueRequired":true,"valueName":"search_term_string"}}],"inLanguage":"sv-SE"}]}},"_links":{"self":[{"href":"https:\/\/schutzklick.de\/sv\/wp-json\/wp\/v2\/pages\/4512","targetHints":{"allow":["GET"]}}],"collection":[{"href":"https:\/\/schutzklick.de\/sv\/wp-json\/wp\/v2\/pages"}],"about":[{"href":"https:\/\/schutzklick.de\/sv\/wp-json\/wp\/v2\/types\/page"}],"author":[{"embeddable":true,"href":"https:\/\/schutzklick.de\/sv\/wp-json\/wp\/v2\/users\/5"}],"replies":[{"embeddable":true,"href":"https:\/\/schutzklick.de\/sv\/wp-json\/wp\/v2\/comments?post=4512"}],"version-history":[{"count":2,"href":"https:\/\/schutzklick.de\/sv\/wp-json\/wp\/v2\/pages\/4512\/revisions"}],"predecessor-version":[{"id":11471,"href":"https:\/\/schutzklick.de\/sv\/wp-json\/wp\/v2\/pages\/4512\/revisions\/11471"}],"wp:attachment":[{"href":"https:\/\/schutzklick.de\/sv\/wp-json\/wp\/v2\/media?parent=4512"}],"curies":[{"name":"wp","href":"https:\/\/api.w.org\/{rel}","templated":true}]}}