{"id":4516,"date":"2019-10-11T14:49:11","date_gmt":"2019-10-11T13:49:11","guid":{"rendered":"https:\/\/simplesurance.wpengine.com\/laptop-versicherung\/"},"modified":"2024-10-11T15:23:10","modified_gmt":"2024-10-11T13:23:10","slug":"laptop-forsakring","status":"publish","type":"page","link":"https:\/\/schutzklick.de\/sv\/laptop-forsakring\/","title":{"rendered":"Laptop-Versicherung"},"content":{"rendered":"","protected":false},"excerpt":{"rendered":"","protected":false},"author":5,"featured_media":0,"parent":0,"menu_order":200,"comment_status":"closed","ping_status":"closed","template":"","meta":{"_acf_changed":false,"footnotes":""},"class_list":["post-4516","page","type-page","status-publish","hentry"],"acf":[],"yoast_head":"<!-- This site is optimized with the Yoast SEO plugin v27.2 - https:\/\/yoast.com\/product\/yoast-seo-wordpress\/ -->\n<title>F\u00f6rs\u00e4kra Notebook fr\u00e5n 33,32 kr per m\u00e5nad Laptop-f\u00f6rs\u00e4kring<\/title>\n<meta name=\"description\" content=\"Laptop-f\u00f6rs\u00e4kring med fast l\u00f6ptid. F\u00f6rs\u00e4kra din notebook mot st\u00f6ld och m\u00e5nga andra skador nu. \u00c4nda upp till 3 m\u00e5nader efter k\u00f6pet. Fast l\u00f6ptid.\" \/>\n<meta name=\"robots\" content=\"index, follow, max-snippet:-1, max-image-preview:large, max-video-preview:-1\" \/>\n<link rel=\"canonical\" href=\"https:\/\/schutzklick.de\/sv\/laptop-forsakring\/\" \/>\n<meta property=\"og:locale\" content=\"sv_SE\" \/>\n<meta property=\"og:type\" content=\"article\" \/>\n<meta property=\"og:title\" content=\"F\u00f6rs\u00e4kra Notebook fr\u00e5n 33,32 kr per m\u00e5nad Laptop-f\u00f6rs\u00e4kring\" \/>\n<meta property=\"og:description\" content=\"Laptop-f\u00f6rs\u00e4kring med fast l\u00f6ptid. F\u00f6rs\u00e4kra din notebook mot st\u00f6ld och m\u00e5nga andra skador nu. \u00c4nda upp till 3 m\u00e5nader efter k\u00f6pet. Fast l\u00f6ptid.\" \/>\n<meta property=\"og:url\" content=\"https:\/\/schutzklick.de\/sv\/laptop-forsakring\/\" \/>\n<meta property=\"og:site_name\" content=\"Schutzklick\" \/>\n<meta property=\"article:modified_time\" content=\"2024-10-11T13:23:10+00:00\" \/>\n<meta name=\"twitter:card\" content=\"summary_large_image\" \/>\n<script type=\"application\/ld+json\" class=\"yoast-schema-graph\">{\"@context\":\"https:\/\/schema.org\",\"@graph\":[{\"@type\":\"WebPage\",\"@id\":\"https:\/\/schutzklick.de\/sv\/laptop-forsakring\/\",\"url\":\"https:\/\/schutzklick.de\/sv\/laptop-forsakring\/\",\"name\":\"F\u00f6rs\u00e4kra Notebook fr\u00e5n 33,32 kr per m\u00e5nad Laptop-f\u00f6rs\u00e4kring\",\"isPartOf\":{\"@id\":\"https:\/\/schutzklick.de\/#website\"},\"datePublished\":\"2019-10-11T13:49:11+00:00\",\"dateModified\":\"2024-10-11T13:23:10+00:00\",\"description\":\"Laptop-f\u00f6rs\u00e4kring med fast l\u00f6ptid. F\u00f6rs\u00e4kra din notebook mot st\u00f6ld och m\u00e5nga andra skador nu. \u00c4nda upp till 3 m\u00e5nader efter k\u00f6pet. Fast l\u00f6ptid.\",\"breadcrumb\":{\"@id\":\"https:\/\/schutzklick.de\/sv\/laptop-forsakring\/#breadcrumb\"},\"inLanguage\":\"sv-SE\",\"potentialAction\":[{\"@type\":\"ReadAction\",\"target\":[\"https:\/\/schutzklick.de\/sv\/laptop-forsakring\/\"]}]},{\"@type\":\"BreadcrumbList\",\"@id\":\"https:\/\/schutzklick.de\/sv\/laptop-forsakring\/#breadcrumb\",\"itemListElement\":[{\"@type\":\"ListItem\",\"position\":1,\"name\":\"Startseite\",\"item\":\"https:\/\/schutzklick.de\/sv\/\"},{\"@type\":\"ListItem\",\"position\":2,\"name\":\"Laptop-Versicherung\"}]},{\"@type\":\"WebSite\",\"@id\":\"https:\/\/schutzklick.de\/#website\",\"url\":\"https:\/\/schutzklick.de\/\",\"name\":\"Schutzklick\",\"description\":\"F\u00f6rs\u00e4kring - Online\",\"potentialAction\":[{\"@type\":\"SearchAction\",\"target\":{\"@type\":\"EntryPoint\",\"urlTemplate\":\"https:\/\/schutzklick.de\/?s={search_term_string}\"},\"query-input\":{\"@type\":\"PropertyValueSpecification\",\"valueRequired\":true,\"valueName\":\"search_term_string\"}}],\"inLanguage\":\"sv-SE\"}]}<\/script>\n<!-- \/ Yoast SEO plugin. -->","yoast_head_json":{"title":"F\u00f6rs\u00e4kra Notebook fr\u00e5n 33,32 kr per m\u00e5nad Laptop-f\u00f6rs\u00e4kring","description":"Laptop-f\u00f6rs\u00e4kring med fast l\u00f6ptid. F\u00f6rs\u00e4kra din notebook mot st\u00f6ld och m\u00e5nga andra skador nu. \u00c4nda upp till 3 m\u00e5nader efter k\u00f6pet. Fast l\u00f6ptid.","robots":{"index":"index","follow":"follow","max-snippet":"max-snippet:-1","max-image-preview":"max-image-preview:large","max-video-preview":"max-video-preview:-1"},"canonical":"https:\/\/schutzklick.de\/sv\/laptop-forsakring\/","og_locale":"sv_SE","og_type":"article","og_title":"F\u00f6rs\u00e4kra Notebook fr\u00e5n 33,32 kr per m\u00e5nad Laptop-f\u00f6rs\u00e4kring","og_description":"Laptop-f\u00f6rs\u00e4kring med fast l\u00f6ptid. F\u00f6rs\u00e4kra din notebook mot st\u00f6ld och m\u00e5nga andra skador nu. \u00c4nda upp till 3 m\u00e5nader efter k\u00f6pet. Fast l\u00f6ptid.","og_url":"https:\/\/schutzklick.de\/sv\/laptop-forsakring\/","og_site_name":"Schutzklick","article_modified_time":"2024-10-11T13:23:10+00:00","twitter_card":"summary_large_image","schema":{"@context":"https:\/\/schema.org","@graph":[{"@type":"WebPage","@id":"https:\/\/schutzklick.de\/sv\/laptop-forsakring\/","url":"https:\/\/schutzklick.de\/sv\/laptop-forsakring\/","name":"F\u00f6rs\u00e4kra Notebook fr\u00e5n 33,32 kr per m\u00e5nad Laptop-f\u00f6rs\u00e4kring","isPartOf":{"@id":"https:\/\/schutzklick.de\/#website"},"datePublished":"2019-10-11T13:49:11+00:00","dateModified":"2024-10-11T13:23:10+00:00","description":"Laptop-f\u00f6rs\u00e4kring med fast l\u00f6ptid. F\u00f6rs\u00e4kra din notebook mot st\u00f6ld och m\u00e5nga andra skador nu. \u00c4nda upp till 3 m\u00e5nader efter k\u00f6pet. Fast l\u00f6ptid.","breadcrumb":{"@id":"https:\/\/schutzklick.de\/sv\/laptop-forsakring\/#breadcrumb"},"inLanguage":"sv-SE","potentialAction":[{"@type":"ReadAction","target":["https:\/\/schutzklick.de\/sv\/laptop-forsakring\/"]}]},{"@type":"BreadcrumbList","@id":"https:\/\/schutzklick.de\/sv\/laptop-forsakring\/#breadcrumb","itemListElement":[{"@type":"ListItem","position":1,"name":"Startseite","item":"https:\/\/schutzklick.de\/sv\/"},{"@type":"ListItem","position":2,"name":"Laptop-Versicherung"}]},{"@type":"WebSite","@id":"https:\/\/schutzklick.de\/#website","url":"https:\/\/schutzklick.de\/","name":"Schutzklick","description":"F\u00f6rs\u00e4kring - Online","potentialAction":[{"@type":"SearchAction","target":{"@type":"EntryPoint","urlTemplate":"https:\/\/schutzklick.de\/?s={search_term_string}"},"query-input":{"@type":"PropertyValueSpecification","valueRequired":true,"valueName":"search_term_string"}}],"inLanguage":"sv-SE"}]}},"_links":{"self":[{"href":"https:\/\/schutzklick.de\/sv\/wp-json\/wp\/v2\/pages\/4516","targetHints":{"allow":["GET"]}}],"collection":[{"href":"https:\/\/schutzklick.de\/sv\/wp-json\/wp\/v2\/pages"}],"about":[{"href":"https:\/\/schutzklick.de\/sv\/wp-json\/wp\/v2\/types\/page"}],"author":[{"embeddable":true,"href":"https:\/\/schutzklick.de\/sv\/wp-json\/wp\/v2\/users\/5"}],"replies":[{"embeddable":true,"href":"https:\/\/schutzklick.de\/sv\/wp-json\/wp\/v2\/comments?post=4516"}],"version-history":[{"count":3,"href":"https:\/\/schutzklick.de\/sv\/wp-json\/wp\/v2\/pages\/4516\/revisions"}],"predecessor-version":[{"id":11924,"href":"https:\/\/schutzklick.de\/sv\/wp-json\/wp\/v2\/pages\/4516\/revisions\/11924"}],"wp:attachment":[{"href":"https:\/\/schutzklick.de\/sv\/wp-json\/wp\/v2\/media?parent=4516"}],"curies":[{"name":"wp","href":"https:\/\/api.w.org\/{rel}","templated":true}]}}