{"id":4538,"date":"2019-10-15T13:14:10","date_gmt":"2019-10-15T12:14:10","guid":{"rendered":"https:\/\/simplesurance.wpengine.com\/hifi-anlagen-versicherung\/"},"modified":"2024-10-06T18:37:52","modified_gmt":"2024-10-06T16:37:52","slug":"hifi-system-forsakring","status":"publish","type":"page","link":"https:\/\/schutzklick.de\/sv\/hifi-system-forsakring\/","title":{"rendered":"Hifi-Anlagen-Versicherung"},"content":{"rendered":"","protected":false},"excerpt":{"rendered":"","protected":false},"author":5,"featured_media":0,"parent":0,"menu_order":210,"comment_status":"closed","ping_status":"closed","template":"","meta":{"_acf_changed":false,"footnotes":""},"class_list":["post-4538","page","type-page","status-publish","hentry"],"acf":[],"yoast_head":"<!-- This site is optimized with the Yoast SEO plugin v27.2 - https:\/\/yoast.com\/product\/yoast-seo-wordpress\/ -->\n<title>Hifi-f\u00f6rs\u00e4kring fr\u00e5n 8,32 kr per m\u00e5nad | Ingen sj\u00e4lvrisk<\/title>\n<meta name=\"description\" content=\"Hifi-f\u00f6rs\u00e4kring med st\u00f6ldskydd som tillval. F\u00f6rs\u00e4kra HiFi f\u00f6r sk\u00e4rmskador och andra skador upp till 3 m\u00e5nader efter k\u00f6pet. Ingen sj\u00e4lvrisk.\" \/>\n<meta name=\"robots\" content=\"index, follow, max-snippet:-1, max-image-preview:large, max-video-preview:-1\" \/>\n<link rel=\"canonical\" href=\"https:\/\/schutzklick.de\/hifi-anlagen-versicherung\/\" \/>\n<meta property=\"og:locale\" content=\"sv_SE\" \/>\n<meta property=\"og:type\" content=\"article\" \/>\n<meta property=\"og:title\" content=\"Hifi-f\u00f6rs\u00e4kring fr\u00e5n 8,32 kr per m\u00e5nad | Ingen sj\u00e4lvrisk\" \/>\n<meta property=\"og:description\" content=\"Hifi-f\u00f6rs\u00e4kring med st\u00f6ldskydd som tillval. F\u00f6rs\u00e4kra HiFi f\u00f6r sk\u00e4rmskador och andra skador upp till 3 m\u00e5nader efter k\u00f6pet. Ingen sj\u00e4lvrisk.\" \/>\n<meta property=\"og:url\" content=\"https:\/\/schutzklick.de\/hifi-anlagen-versicherung\/\" \/>\n<meta property=\"og:site_name\" content=\"Schutzklick\" \/>\n<meta property=\"article:modified_time\" content=\"2024-10-06T16:37:52+00:00\" \/>\n<meta name=\"twitter:card\" content=\"summary_large_image\" \/>\n<script type=\"application\/ld+json\" class=\"yoast-schema-graph\">{\"@context\":\"https:\/\/schema.org\",\"@graph\":[{\"@type\":\"WebPage\",\"@id\":\"https:\/\/schutzklick.de\/hifi-anlagen-versicherung\/\",\"url\":\"https:\/\/schutzklick.de\/hifi-anlagen-versicherung\/\",\"name\":\"Hifi-f\u00f6rs\u00e4kring fr\u00e5n 8,32 kr per m\u00e5nad | Ingen sj\u00e4lvrisk\",\"isPartOf\":{\"@id\":\"https:\/\/schutzklick.de\/#website\"},\"datePublished\":\"2019-10-15T12:14:10+00:00\",\"dateModified\":\"2024-10-06T16:37:52+00:00\",\"description\":\"Hifi-f\u00f6rs\u00e4kring med st\u00f6ldskydd som tillval. F\u00f6rs\u00e4kra HiFi f\u00f6r sk\u00e4rmskador och andra skador upp till 3 m\u00e5nader efter k\u00f6pet. Ingen sj\u00e4lvrisk.\",\"breadcrumb\":{\"@id\":\"https:\/\/schutzklick.de\/hifi-anlagen-versicherung\/#breadcrumb\"},\"inLanguage\":\"sv-SE\",\"potentialAction\":[{\"@type\":\"ReadAction\",\"target\":[\"https:\/\/schutzklick.de\/hifi-anlagen-versicherung\/\"]}]},{\"@type\":\"BreadcrumbList\",\"@id\":\"https:\/\/schutzklick.de\/hifi-anlagen-versicherung\/#breadcrumb\",\"itemListElement\":[{\"@type\":\"ListItem\",\"position\":1,\"name\":\"Startseite\",\"item\":\"https:\/\/schutzklick.de\/sv\/\"},{\"@type\":\"ListItem\",\"position\":2,\"name\":\"Hifi-Anlagen-Versicherung\"}]},{\"@type\":\"WebSite\",\"@id\":\"https:\/\/schutzklick.de\/#website\",\"url\":\"https:\/\/schutzklick.de\/\",\"name\":\"Schutzklick\",\"description\":\"F\u00f6rs\u00e4kring - Online\",\"potentialAction\":[{\"@type\":\"SearchAction\",\"target\":{\"@type\":\"EntryPoint\",\"urlTemplate\":\"https:\/\/schutzklick.de\/?s={search_term_string}\"},\"query-input\":{\"@type\":\"PropertyValueSpecification\",\"valueRequired\":true,\"valueName\":\"search_term_string\"}}],\"inLanguage\":\"sv-SE\"}]}<\/script>\n<!-- \/ Yoast SEO plugin. -->","yoast_head_json":{"title":"Hifi-f\u00f6rs\u00e4kring fr\u00e5n 8,32 kr per m\u00e5nad | Ingen sj\u00e4lvrisk","description":"Hifi-f\u00f6rs\u00e4kring med st\u00f6ldskydd som tillval. F\u00f6rs\u00e4kra HiFi f\u00f6r sk\u00e4rmskador och andra skador upp till 3 m\u00e5nader efter k\u00f6pet. Ingen sj\u00e4lvrisk.","robots":{"index":"index","follow":"follow","max-snippet":"max-snippet:-1","max-image-preview":"max-image-preview:large","max-video-preview":"max-video-preview:-1"},"canonical":"https:\/\/schutzklick.de\/hifi-anlagen-versicherung\/","og_locale":"sv_SE","og_type":"article","og_title":"Hifi-f\u00f6rs\u00e4kring fr\u00e5n 8,32 kr per m\u00e5nad | Ingen sj\u00e4lvrisk","og_description":"Hifi-f\u00f6rs\u00e4kring med st\u00f6ldskydd som tillval. F\u00f6rs\u00e4kra HiFi f\u00f6r sk\u00e4rmskador och andra skador upp till 3 m\u00e5nader efter k\u00f6pet. Ingen sj\u00e4lvrisk.","og_url":"https:\/\/schutzklick.de\/hifi-anlagen-versicherung\/","og_site_name":"Schutzklick","article_modified_time":"2024-10-06T16:37:52+00:00","twitter_card":"summary_large_image","schema":{"@context":"https:\/\/schema.org","@graph":[{"@type":"WebPage","@id":"https:\/\/schutzklick.de\/hifi-anlagen-versicherung\/","url":"https:\/\/schutzklick.de\/hifi-anlagen-versicherung\/","name":"Hifi-f\u00f6rs\u00e4kring fr\u00e5n 8,32 kr per m\u00e5nad | Ingen sj\u00e4lvrisk","isPartOf":{"@id":"https:\/\/schutzklick.de\/#website"},"datePublished":"2019-10-15T12:14:10+00:00","dateModified":"2024-10-06T16:37:52+00:00","description":"Hifi-f\u00f6rs\u00e4kring med st\u00f6ldskydd som tillval. F\u00f6rs\u00e4kra HiFi f\u00f6r sk\u00e4rmskador och andra skador upp till 3 m\u00e5nader efter k\u00f6pet. Ingen sj\u00e4lvrisk.","breadcrumb":{"@id":"https:\/\/schutzklick.de\/hifi-anlagen-versicherung\/#breadcrumb"},"inLanguage":"sv-SE","potentialAction":[{"@type":"ReadAction","target":["https:\/\/schutzklick.de\/hifi-anlagen-versicherung\/"]}]},{"@type":"BreadcrumbList","@id":"https:\/\/schutzklick.de\/hifi-anlagen-versicherung\/#breadcrumb","itemListElement":[{"@type":"ListItem","position":1,"name":"Startseite","item":"https:\/\/schutzklick.de\/sv\/"},{"@type":"ListItem","position":2,"name":"Hifi-Anlagen-Versicherung"}]},{"@type":"WebSite","@id":"https:\/\/schutzklick.de\/#website","url":"https:\/\/schutzklick.de\/","name":"Schutzklick","description":"F\u00f6rs\u00e4kring - Online","potentialAction":[{"@type":"SearchAction","target":{"@type":"EntryPoint","urlTemplate":"https:\/\/schutzklick.de\/?s={search_term_string}"},"query-input":{"@type":"PropertyValueSpecification","valueRequired":true,"valueName":"search_term_string"}}],"inLanguage":"sv-SE"}]}},"_links":{"self":[{"href":"https:\/\/schutzklick.de\/sv\/wp-json\/wp\/v2\/pages\/4538","targetHints":{"allow":["GET"]}}],"collection":[{"href":"https:\/\/schutzklick.de\/sv\/wp-json\/wp\/v2\/pages"}],"about":[{"href":"https:\/\/schutzklick.de\/sv\/wp-json\/wp\/v2\/types\/page"}],"author":[{"embeddable":true,"href":"https:\/\/schutzklick.de\/sv\/wp-json\/wp\/v2\/users\/5"}],"replies":[{"embeddable":true,"href":"https:\/\/schutzklick.de\/sv\/wp-json\/wp\/v2\/comments?post=4538"}],"version-history":[{"count":2,"href":"https:\/\/schutzklick.de\/sv\/wp-json\/wp\/v2\/pages\/4538\/revisions"}],"predecessor-version":[{"id":11484,"href":"https:\/\/schutzklick.de\/sv\/wp-json\/wp\/v2\/pages\/4538\/revisions\/11484"}],"wp:attachment":[{"href":"https:\/\/schutzklick.de\/sv\/wp-json\/wp\/v2\/media?parent=4538"}],"curies":[{"name":"wp","href":"https:\/\/api.w.org\/{rel}","templated":true}]}}