{"id":4544,"date":"2019-10-24T15:43:47","date_gmt":"2019-10-24T14:43:47","guid":{"rendered":"https:\/\/simplesurance.wpengine.com\/ipad-versicherung\/diebstahl\/"},"modified":"2024-10-07T09:58:01","modified_gmt":"2024-10-07T07:58:01","slug":"stold","status":"publish","type":"page","link":"https:\/\/schutzklick.de\/sv\/ipad-forsakring\/stold\/","title":{"rendered":"iPad Diebstahlschutz"},"content":{"rendered":"","protected":false},"excerpt":{"rendered":"","protected":false},"author":5,"featured_media":0,"parent":4543,"menu_order":1,"comment_status":"closed","ping_status":"closed","template":"","meta":{"_acf_changed":false,"footnotes":""},"class_list":["post-4544","page","type-page","status-publish","hentry"],"acf":[],"yoast_head":"<!-- This site is optimized with the Yoast SEO plugin v27.2 - https:\/\/yoast.com\/product\/yoast-seo-wordpress\/ -->\n<title>iPad st\u00f6ldf\u00f6rs\u00e4kring fr\u00e5n 33,32 kr varje m\u00e5nad | Schutzklick<\/title>\n<meta name=\"description\" content=\"St\u00f6ldskyddsf\u00f6rs\u00e4kring f\u00f6r iPad fr\u00e5n Simplesurance. Den b\u00e4sta st\u00f6ldskyddsf\u00f6rs\u00e4kringen f\u00f6r iPad som f\u00f6rs\u00e4krar dig mot ytterligare skador. Skydda din iPad!\" \/>\n<meta name=\"robots\" content=\"index, follow, max-snippet:-1, max-image-preview:large, max-video-preview:-1\" \/>\n<link rel=\"canonical\" href=\"https:\/\/schutzklick.de\/ipad-versicherung\/diebstahl\/\" \/>\n<meta property=\"og:locale\" content=\"sv_SE\" \/>\n<meta property=\"og:type\" content=\"article\" \/>\n<meta property=\"og:title\" content=\"iPad st\u00f6ldf\u00f6rs\u00e4kring fr\u00e5n 33,32 kr varje m\u00e5nad | Schutzklick\" \/>\n<meta property=\"og:description\" content=\"St\u00f6ldskyddsf\u00f6rs\u00e4kring f\u00f6r iPad fr\u00e5n Simplesurance. Den b\u00e4sta st\u00f6ldskyddsf\u00f6rs\u00e4kringen f\u00f6r iPad som f\u00f6rs\u00e4krar dig mot ytterligare skador. Skydda din iPad!\" \/>\n<meta property=\"og:url\" content=\"https:\/\/schutzklick.de\/ipad-versicherung\/diebstahl\/\" \/>\n<meta property=\"og:site_name\" content=\"Schutzklick\" \/>\n<meta property=\"article:modified_time\" content=\"2024-10-07T07:58:01+00:00\" \/>\n<meta name=\"twitter:card\" content=\"summary_large_image\" \/>\n<script type=\"application\/ld+json\" class=\"yoast-schema-graph\">{\"@context\":\"https:\/\/schema.org\",\"@graph\":[{\"@type\":\"WebPage\",\"@id\":\"https:\/\/schutzklick.de\/ipad-versicherung\/diebstahl\/\",\"url\":\"https:\/\/schutzklick.de\/ipad-versicherung\/diebstahl\/\",\"name\":\"iPad st\u00f6ldf\u00f6rs\u00e4kring fr\u00e5n 33,32 kr varje m\u00e5nad | Schutzklick\",\"isPartOf\":{\"@id\":\"https:\/\/schutzklick.de\/#website\"},\"datePublished\":\"2019-10-24T14:43:47+00:00\",\"dateModified\":\"2024-10-07T07:58:01+00:00\",\"description\":\"St\u00f6ldskyddsf\u00f6rs\u00e4kring f\u00f6r iPad fr\u00e5n Simplesurance. Den b\u00e4sta st\u00f6ldskyddsf\u00f6rs\u00e4kringen f\u00f6r iPad som f\u00f6rs\u00e4krar dig mot ytterligare skador. Skydda din iPad!\",\"breadcrumb\":{\"@id\":\"https:\/\/schutzklick.de\/ipad-versicherung\/diebstahl\/#breadcrumb\"},\"inLanguage\":\"sv-SE\",\"potentialAction\":[{\"@type\":\"ReadAction\",\"target\":[\"https:\/\/schutzklick.de\/ipad-versicherung\/diebstahl\/\"]}]},{\"@type\":\"BreadcrumbList\",\"@id\":\"https:\/\/schutzklick.de\/ipad-versicherung\/diebstahl\/#breadcrumb\",\"itemListElement\":[{\"@type\":\"ListItem\",\"position\":1,\"name\":\"Startseite\",\"item\":\"https:\/\/schutzklick.de\/sv\/\"},{\"@type\":\"ListItem\",\"position\":2,\"name\":\"iPad-Versicherung\",\"item\":\"https:\/\/schutzklick.de\/ipad-versicherung\/\"},{\"@type\":\"ListItem\",\"position\":3,\"name\":\"iPad Diebstahlschutz\"}]},{\"@type\":\"WebSite\",\"@id\":\"https:\/\/schutzklick.de\/#website\",\"url\":\"https:\/\/schutzklick.de\/\",\"name\":\"Schutzklick\",\"description\":\"F\u00f6rs\u00e4kring - Online\",\"potentialAction\":[{\"@type\":\"SearchAction\",\"target\":{\"@type\":\"EntryPoint\",\"urlTemplate\":\"https:\/\/schutzklick.de\/?s={search_term_string}\"},\"query-input\":{\"@type\":\"PropertyValueSpecification\",\"valueRequired\":true,\"valueName\":\"search_term_string\"}}],\"inLanguage\":\"sv-SE\"}]}<\/script>\n<!-- \/ Yoast SEO plugin. -->","yoast_head_json":{"title":"iPad st\u00f6ldf\u00f6rs\u00e4kring fr\u00e5n 33,32 kr varje m\u00e5nad | Schutzklick","description":"St\u00f6ldskyddsf\u00f6rs\u00e4kring f\u00f6r iPad fr\u00e5n Simplesurance. Den b\u00e4sta st\u00f6ldskyddsf\u00f6rs\u00e4kringen f\u00f6r iPad som f\u00f6rs\u00e4krar dig mot ytterligare skador. Skydda din iPad!","robots":{"index":"index","follow":"follow","max-snippet":"max-snippet:-1","max-image-preview":"max-image-preview:large","max-video-preview":"max-video-preview:-1"},"canonical":"https:\/\/schutzklick.de\/ipad-versicherung\/diebstahl\/","og_locale":"sv_SE","og_type":"article","og_title":"iPad st\u00f6ldf\u00f6rs\u00e4kring fr\u00e5n 33,32 kr varje m\u00e5nad | Schutzklick","og_description":"St\u00f6ldskyddsf\u00f6rs\u00e4kring f\u00f6r iPad fr\u00e5n Simplesurance. Den b\u00e4sta st\u00f6ldskyddsf\u00f6rs\u00e4kringen f\u00f6r iPad som f\u00f6rs\u00e4krar dig mot ytterligare skador. Skydda din iPad!","og_url":"https:\/\/schutzklick.de\/ipad-versicherung\/diebstahl\/","og_site_name":"Schutzklick","article_modified_time":"2024-10-07T07:58:01+00:00","twitter_card":"summary_large_image","schema":{"@context":"https:\/\/schema.org","@graph":[{"@type":"WebPage","@id":"https:\/\/schutzklick.de\/ipad-versicherung\/diebstahl\/","url":"https:\/\/schutzklick.de\/ipad-versicherung\/diebstahl\/","name":"iPad st\u00f6ldf\u00f6rs\u00e4kring fr\u00e5n 33,32 kr varje m\u00e5nad | Schutzklick","isPartOf":{"@id":"https:\/\/schutzklick.de\/#website"},"datePublished":"2019-10-24T14:43:47+00:00","dateModified":"2024-10-07T07:58:01+00:00","description":"St\u00f6ldskyddsf\u00f6rs\u00e4kring f\u00f6r iPad fr\u00e5n Simplesurance. Den b\u00e4sta st\u00f6ldskyddsf\u00f6rs\u00e4kringen f\u00f6r iPad som f\u00f6rs\u00e4krar dig mot ytterligare skador. Skydda din iPad!","breadcrumb":{"@id":"https:\/\/schutzklick.de\/ipad-versicherung\/diebstahl\/#breadcrumb"},"inLanguage":"sv-SE","potentialAction":[{"@type":"ReadAction","target":["https:\/\/schutzklick.de\/ipad-versicherung\/diebstahl\/"]}]},{"@type":"BreadcrumbList","@id":"https:\/\/schutzklick.de\/ipad-versicherung\/diebstahl\/#breadcrumb","itemListElement":[{"@type":"ListItem","position":1,"name":"Startseite","item":"https:\/\/schutzklick.de\/sv\/"},{"@type":"ListItem","position":2,"name":"iPad-Versicherung","item":"https:\/\/schutzklick.de\/ipad-versicherung\/"},{"@type":"ListItem","position":3,"name":"iPad Diebstahlschutz"}]},{"@type":"WebSite","@id":"https:\/\/schutzklick.de\/#website","url":"https:\/\/schutzklick.de\/","name":"Schutzklick","description":"F\u00f6rs\u00e4kring - Online","potentialAction":[{"@type":"SearchAction","target":{"@type":"EntryPoint","urlTemplate":"https:\/\/schutzklick.de\/?s={search_term_string}"},"query-input":{"@type":"PropertyValueSpecification","valueRequired":true,"valueName":"search_term_string"}}],"inLanguage":"sv-SE"}]}},"_links":{"self":[{"href":"https:\/\/schutzklick.de\/sv\/wp-json\/wp\/v2\/pages\/4544","targetHints":{"allow":["GET"]}}],"collection":[{"href":"https:\/\/schutzklick.de\/sv\/wp-json\/wp\/v2\/pages"}],"about":[{"href":"https:\/\/schutzklick.de\/sv\/wp-json\/wp\/v2\/types\/page"}],"author":[{"embeddable":true,"href":"https:\/\/schutzklick.de\/sv\/wp-json\/wp\/v2\/users\/5"}],"replies":[{"embeddable":true,"href":"https:\/\/schutzklick.de\/sv\/wp-json\/wp\/v2\/comments?post=4544"}],"version-history":[{"count":2,"href":"https:\/\/schutzklick.de\/sv\/wp-json\/wp\/v2\/pages\/4544\/revisions"}],"predecessor-version":[{"id":11511,"href":"https:\/\/schutzklick.de\/sv\/wp-json\/wp\/v2\/pages\/4544\/revisions\/11511"}],"up":[{"embeddable":true,"href":"https:\/\/schutzklick.de\/sv\/wp-json\/wp\/v2\/pages\/4543"}],"wp:attachment":[{"href":"https:\/\/schutzklick.de\/sv\/wp-json\/wp\/v2\/media?parent=4544"}],"curies":[{"name":"wp","href":"https:\/\/api.w.org\/{rel}","templated":true}]}}