{"id":4546,"date":"2019-10-30T10:29:26","date_gmt":"2019-10-30T10:29:26","guid":{"rendered":"https:\/\/simplesurance.wpengine.com\/garantieverlaengerung-elektronik\/"},"modified":"2023-06-08T09:44:04","modified_gmt":"2023-06-08T07:44:04","slug":"foerlaengd-garanti-elektronik","status":"publish","type":"page","link":"https:\/\/schutzklick.de\/sv\/foerlaengd-garanti-elektronik\/","title":{"rendered":"Garantieverl\u00e4ngerung-Elektronik_UM"},"content":{"rendered":"","protected":false},"excerpt":{"rendered":"","protected":false},"author":5,"featured_media":0,"parent":0,"menu_order":602,"comment_status":"closed","ping_status":"closed","template":"","meta":{"_acf_changed":false,"footnotes":""},"class_list":["post-4546","page","type-page","status-publish","hentry"],"acf":[],"yoast_head":"<!-- This site is optimized with the Yoast SEO plugin v27.2 - https:\/\/yoast.com\/product\/yoast-seo-wordpress\/ -->\n<title>Garantif\u00f6rl\u00e4ngning f\u00f6r elektronik | Simplesurance<\/title>\n<meta name=\"description\" content=\"Garantif\u00f6rl\u00e4ngning f\u00f6r elektronik| Ingen sj\u00e4lvrisk | Inget abonnemang | Fast l\u00f6ptid | Schysst pris | T\u00e4cker pl\u00f6tslig skada, st\u00f6ld, inbrott &amp; r\u00e5n!\" \/>\n<meta name=\"robots\" content=\"index, follow, max-snippet:-1, max-image-preview:large, max-video-preview:-1\" \/>\n<link rel=\"canonical\" href=\"https:\/\/schutzklick.de\/?page_id=2283\" \/>\n<meta property=\"og:locale\" content=\"sv_SE\" \/>\n<meta property=\"og:type\" content=\"article\" \/>\n<meta property=\"og:title\" content=\"Garantif\u00f6rl\u00e4ngning f\u00f6r elektronik | Simplesurance\" \/>\n<meta property=\"og:description\" content=\"Garantif\u00f6rl\u00e4ngning f\u00f6r elektronik| Ingen sj\u00e4lvrisk | Inget abonnemang | Fast l\u00f6ptid | Schysst pris | T\u00e4cker pl\u00f6tslig skada, st\u00f6ld, inbrott &amp; r\u00e5n!\" \/>\n<meta property=\"og:url\" content=\"https:\/\/schutzklick.de\/?page_id=2283\" \/>\n<meta property=\"og:site_name\" content=\"Schutzklick\" \/>\n<meta property=\"article:modified_time\" content=\"2023-06-08T07:44:04+00:00\" \/>\n<meta name=\"twitter:card\" content=\"summary_large_image\" \/>\n<script type=\"application\/ld+json\" class=\"yoast-schema-graph\">{\"@context\":\"https:\/\/schema.org\",\"@graph\":[{\"@type\":\"WebPage\",\"@id\":\"https:\/\/schutzklick.de\/?page_id=2283\",\"url\":\"https:\/\/schutzklick.de\/?page_id=2283\",\"name\":\"Garantif\u00f6rl\u00e4ngning f\u00f6r elektronik | Simplesurance\",\"isPartOf\":{\"@id\":\"https:\/\/schutzklick.de\/#website\"},\"datePublished\":\"2019-10-30T10:29:26+00:00\",\"dateModified\":\"2023-06-08T07:44:04+00:00\",\"description\":\"Garantif\u00f6rl\u00e4ngning f\u00f6r elektronik| Ingen sj\u00e4lvrisk | Inget abonnemang | Fast l\u00f6ptid | Schysst pris | T\u00e4cker pl\u00f6tslig skada, st\u00f6ld, inbrott & r\u00e5n!\",\"breadcrumb\":{\"@id\":\"https:\/\/schutzklick.de\/?page_id=2283#breadcrumb\"},\"inLanguage\":\"sv-SE\",\"potentialAction\":[{\"@type\":\"ReadAction\",\"target\":[\"https:\/\/schutzklick.de\/?page_id=2283\"]}]},{\"@type\":\"BreadcrumbList\",\"@id\":\"https:\/\/schutzklick.de\/?page_id=2283#breadcrumb\",\"itemListElement\":[{\"@type\":\"ListItem\",\"position\":1,\"name\":\"Startseite\",\"item\":\"https:\/\/schutzklick.de\/sv\/\"},{\"@type\":\"ListItem\",\"position\":2,\"name\":\"Garantieverl\u00e4ngerung-Elektronik_UM\"}]},{\"@type\":\"WebSite\",\"@id\":\"https:\/\/schutzklick.de\/#website\",\"url\":\"https:\/\/schutzklick.de\/\",\"name\":\"Schutzklick\",\"description\":\"F\u00f6rs\u00e4kring - Online\",\"potentialAction\":[{\"@type\":\"SearchAction\",\"target\":{\"@type\":\"EntryPoint\",\"urlTemplate\":\"https:\/\/schutzklick.de\/?s={search_term_string}\"},\"query-input\":{\"@type\":\"PropertyValueSpecification\",\"valueRequired\":true,\"valueName\":\"search_term_string\"}}],\"inLanguage\":\"sv-SE\"}]}<\/script>\n<!-- \/ Yoast SEO plugin. -->","yoast_head_json":{"title":"Garantif\u00f6rl\u00e4ngning f\u00f6r elektronik | Simplesurance","description":"Garantif\u00f6rl\u00e4ngning f\u00f6r elektronik| Ingen sj\u00e4lvrisk | Inget abonnemang | Fast l\u00f6ptid | Schysst pris | T\u00e4cker pl\u00f6tslig skada, st\u00f6ld, inbrott & r\u00e5n!","robots":{"index":"index","follow":"follow","max-snippet":"max-snippet:-1","max-image-preview":"max-image-preview:large","max-video-preview":"max-video-preview:-1"},"canonical":"https:\/\/schutzklick.de\/?page_id=2283","og_locale":"sv_SE","og_type":"article","og_title":"Garantif\u00f6rl\u00e4ngning f\u00f6r elektronik | Simplesurance","og_description":"Garantif\u00f6rl\u00e4ngning f\u00f6r elektronik| Ingen sj\u00e4lvrisk | Inget abonnemang | Fast l\u00f6ptid | Schysst pris | T\u00e4cker pl\u00f6tslig skada, st\u00f6ld, inbrott & r\u00e5n!","og_url":"https:\/\/schutzklick.de\/?page_id=2283","og_site_name":"Schutzklick","article_modified_time":"2023-06-08T07:44:04+00:00","twitter_card":"summary_large_image","schema":{"@context":"https:\/\/schema.org","@graph":[{"@type":"WebPage","@id":"https:\/\/schutzklick.de\/?page_id=2283","url":"https:\/\/schutzklick.de\/?page_id=2283","name":"Garantif\u00f6rl\u00e4ngning f\u00f6r elektronik | Simplesurance","isPartOf":{"@id":"https:\/\/schutzklick.de\/#website"},"datePublished":"2019-10-30T10:29:26+00:00","dateModified":"2023-06-08T07:44:04+00:00","description":"Garantif\u00f6rl\u00e4ngning f\u00f6r elektronik| Ingen sj\u00e4lvrisk | Inget abonnemang | Fast l\u00f6ptid | Schysst pris | T\u00e4cker pl\u00f6tslig skada, st\u00f6ld, inbrott & r\u00e5n!","breadcrumb":{"@id":"https:\/\/schutzklick.de\/?page_id=2283#breadcrumb"},"inLanguage":"sv-SE","potentialAction":[{"@type":"ReadAction","target":["https:\/\/schutzklick.de\/?page_id=2283"]}]},{"@type":"BreadcrumbList","@id":"https:\/\/schutzklick.de\/?page_id=2283#breadcrumb","itemListElement":[{"@type":"ListItem","position":1,"name":"Startseite","item":"https:\/\/schutzklick.de\/sv\/"},{"@type":"ListItem","position":2,"name":"Garantieverl\u00e4ngerung-Elektronik_UM"}]},{"@type":"WebSite","@id":"https:\/\/schutzklick.de\/#website","url":"https:\/\/schutzklick.de\/","name":"Schutzklick","description":"F\u00f6rs\u00e4kring - Online","potentialAction":[{"@type":"SearchAction","target":{"@type":"EntryPoint","urlTemplate":"https:\/\/schutzklick.de\/?s={search_term_string}"},"query-input":{"@type":"PropertyValueSpecification","valueRequired":true,"valueName":"search_term_string"}}],"inLanguage":"sv-SE"}]}},"_links":{"self":[{"href":"https:\/\/schutzklick.de\/sv\/wp-json\/wp\/v2\/pages\/4546","targetHints":{"allow":["GET"]}}],"collection":[{"href":"https:\/\/schutzklick.de\/sv\/wp-json\/wp\/v2\/pages"}],"about":[{"href":"https:\/\/schutzklick.de\/sv\/wp-json\/wp\/v2\/types\/page"}],"author":[{"embeddable":true,"href":"https:\/\/schutzklick.de\/sv\/wp-json\/wp\/v2\/users\/5"}],"replies":[{"embeddable":true,"href":"https:\/\/schutzklick.de\/sv\/wp-json\/wp\/v2\/comments?post=4546"}],"version-history":[{"count":0,"href":"https:\/\/schutzklick.de\/sv\/wp-json\/wp\/v2\/pages\/4546\/revisions"}],"wp:attachment":[{"href":"https:\/\/schutzklick.de\/sv\/wp-json\/wp\/v2\/media?parent=4546"}],"curies":[{"name":"wp","href":"https:\/\/api.w.org\/{rel}","templated":true}]}}