{"id":4551,"date":"2019-11-11T14:22:36","date_gmt":"2019-11-11T14:22:36","guid":{"rendered":"https:\/\/simplesurance.wpengine.com\/imprint\/"},"modified":"2024-10-06T17:09:39","modified_gmt":"2024-10-06T15:09:39","slug":"imprint","status":"publish","type":"page","link":"https:\/\/schutzklick.de\/sv\/imprint\/","title":{"rendered":"Impressum"},"content":{"rendered":"","protected":false},"excerpt":{"rendered":"","protected":false},"author":5,"featured_media":0,"parent":0,"menu_order":1000,"comment_status":"closed","ping_status":"closed","template":"","meta":{"_acf_changed":false,"footnotes":""},"class_list":["post-4551","page","type-page","status-publish","hentry"],"acf":[],"yoast_head":"<!-- This site is optimized with the Yoast SEO plugin v27.2 - https:\/\/yoast.com\/product\/yoast-seo-wordpress\/ -->\n<title>Schutzklick - avtryck av JODEXNIS Versicherungsmakler GmbH<\/title>\n<meta name=\"description\" content=\"Schutzklick - avtryck av JODEXNIS Versicherungsmakler GmbH. Produkt- och enhetsf\u00f6rs\u00e4kringar f\u00f6r konsumenter, online-butiker och station\u00e4r handel.\" \/>\n<meta name=\"robots\" content=\"index, follow, max-snippet:-1, max-image-preview:large, max-video-preview:-1\" \/>\n<link rel=\"canonical\" href=\"https:\/\/schutzklick.de\/imprint\/\" \/>\n<meta property=\"og:locale\" content=\"sv_SE\" \/>\n<meta property=\"og:type\" content=\"article\" \/>\n<meta property=\"og:title\" content=\"Schutzklick - avtryck av JODEXNIS Versicherungsmakler GmbH\" \/>\n<meta property=\"og:description\" content=\"Schutzklick - avtryck av JODEXNIS Versicherungsmakler GmbH. Produkt- och enhetsf\u00f6rs\u00e4kringar f\u00f6r konsumenter, online-butiker och station\u00e4r handel.\" \/>\n<meta property=\"og:url\" content=\"https:\/\/schutzklick.de\/imprint\/\" \/>\n<meta property=\"og:site_name\" content=\"Schutzklick\" \/>\n<meta property=\"article:modified_time\" content=\"2024-10-06T15:09:39+00:00\" \/>\n<meta name=\"twitter:card\" content=\"summary_large_image\" \/>\n<script type=\"application\/ld+json\" class=\"yoast-schema-graph\">{\"@context\":\"https:\/\/schema.org\",\"@graph\":[{\"@type\":\"WebPage\",\"@id\":\"https:\/\/schutzklick.de\/imprint\/\",\"url\":\"https:\/\/schutzklick.de\/imprint\/\",\"name\":\"Schutzklick - avtryck av JODEXNIS Versicherungsmakler GmbH\",\"isPartOf\":{\"@id\":\"https:\/\/schutzklick.de\/#website\"},\"datePublished\":\"2019-11-11T14:22:36+00:00\",\"dateModified\":\"2024-10-06T15:09:39+00:00\",\"description\":\"Schutzklick - avtryck av JODEXNIS Versicherungsmakler GmbH. Produkt- och enhetsf\u00f6rs\u00e4kringar f\u00f6r konsumenter, online-butiker och station\u00e4r handel.\",\"breadcrumb\":{\"@id\":\"https:\/\/schutzklick.de\/imprint\/#breadcrumb\"},\"inLanguage\":\"sv-SE\",\"potentialAction\":[{\"@type\":\"ReadAction\",\"target\":[\"https:\/\/schutzklick.de\/imprint\/\"]}]},{\"@type\":\"BreadcrumbList\",\"@id\":\"https:\/\/schutzklick.de\/imprint\/#breadcrumb\",\"itemListElement\":[{\"@type\":\"ListItem\",\"position\":1,\"name\":\"Startseite\",\"item\":\"https:\/\/schutzklick.de\/sv\/\"},{\"@type\":\"ListItem\",\"position\":2,\"name\":\"Impressum\"}]},{\"@type\":\"WebSite\",\"@id\":\"https:\/\/schutzklick.de\/#website\",\"url\":\"https:\/\/schutzklick.de\/\",\"name\":\"Schutzklick\",\"description\":\"F\u00f6rs\u00e4kring - Online\",\"potentialAction\":[{\"@type\":\"SearchAction\",\"target\":{\"@type\":\"EntryPoint\",\"urlTemplate\":\"https:\/\/schutzklick.de\/?s={search_term_string}\"},\"query-input\":{\"@type\":\"PropertyValueSpecification\",\"valueRequired\":true,\"valueName\":\"search_term_string\"}}],\"inLanguage\":\"sv-SE\"}]}<\/script>\n<!-- \/ Yoast SEO plugin. -->","yoast_head_json":{"title":"Schutzklick - avtryck av JODEXNIS Versicherungsmakler GmbH","description":"Schutzklick - avtryck av JODEXNIS Versicherungsmakler GmbH. Produkt- och enhetsf\u00f6rs\u00e4kringar f\u00f6r konsumenter, online-butiker och station\u00e4r handel.","robots":{"index":"index","follow":"follow","max-snippet":"max-snippet:-1","max-image-preview":"max-image-preview:large","max-video-preview":"max-video-preview:-1"},"canonical":"https:\/\/schutzklick.de\/imprint\/","og_locale":"sv_SE","og_type":"article","og_title":"Schutzklick - avtryck av JODEXNIS Versicherungsmakler GmbH","og_description":"Schutzklick - avtryck av JODEXNIS Versicherungsmakler GmbH. Produkt- och enhetsf\u00f6rs\u00e4kringar f\u00f6r konsumenter, online-butiker och station\u00e4r handel.","og_url":"https:\/\/schutzklick.de\/imprint\/","og_site_name":"Schutzklick","article_modified_time":"2024-10-06T15:09:39+00:00","twitter_card":"summary_large_image","schema":{"@context":"https:\/\/schema.org","@graph":[{"@type":"WebPage","@id":"https:\/\/schutzklick.de\/imprint\/","url":"https:\/\/schutzklick.de\/imprint\/","name":"Schutzklick - avtryck av JODEXNIS Versicherungsmakler GmbH","isPartOf":{"@id":"https:\/\/schutzklick.de\/#website"},"datePublished":"2019-11-11T14:22:36+00:00","dateModified":"2024-10-06T15:09:39+00:00","description":"Schutzklick - avtryck av JODEXNIS Versicherungsmakler GmbH. Produkt- och enhetsf\u00f6rs\u00e4kringar f\u00f6r konsumenter, online-butiker och station\u00e4r handel.","breadcrumb":{"@id":"https:\/\/schutzklick.de\/imprint\/#breadcrumb"},"inLanguage":"sv-SE","potentialAction":[{"@type":"ReadAction","target":["https:\/\/schutzklick.de\/imprint\/"]}]},{"@type":"BreadcrumbList","@id":"https:\/\/schutzklick.de\/imprint\/#breadcrumb","itemListElement":[{"@type":"ListItem","position":1,"name":"Startseite","item":"https:\/\/schutzklick.de\/sv\/"},{"@type":"ListItem","position":2,"name":"Impressum"}]},{"@type":"WebSite","@id":"https:\/\/schutzklick.de\/#website","url":"https:\/\/schutzklick.de\/","name":"Schutzklick","description":"F\u00f6rs\u00e4kring - Online","potentialAction":[{"@type":"SearchAction","target":{"@type":"EntryPoint","urlTemplate":"https:\/\/schutzklick.de\/?s={search_term_string}"},"query-input":{"@type":"PropertyValueSpecification","valueRequired":true,"valueName":"search_term_string"}}],"inLanguage":"sv-SE"}]}},"_links":{"self":[{"href":"https:\/\/schutzklick.de\/sv\/wp-json\/wp\/v2\/pages\/4551","targetHints":{"allow":["GET"]}}],"collection":[{"href":"https:\/\/schutzklick.de\/sv\/wp-json\/wp\/v2\/pages"}],"about":[{"href":"https:\/\/schutzklick.de\/sv\/wp-json\/wp\/v2\/types\/page"}],"author":[{"embeddable":true,"href":"https:\/\/schutzklick.de\/sv\/wp-json\/wp\/v2\/users\/5"}],"replies":[{"embeddable":true,"href":"https:\/\/schutzklick.de\/sv\/wp-json\/wp\/v2\/comments?post=4551"}],"version-history":[{"count":2,"href":"https:\/\/schutzklick.de\/sv\/wp-json\/wp\/v2\/pages\/4551\/revisions"}],"predecessor-version":[{"id":11419,"href":"https:\/\/schutzklick.de\/sv\/wp-json\/wp\/v2\/pages\/4551\/revisions\/11419"}],"wp:attachment":[{"href":"https:\/\/schutzklick.de\/sv\/wp-json\/wp\/v2\/media?parent=4551"}],"curies":[{"name":"wp","href":"https:\/\/api.w.org\/{rel}","templated":true}]}}