{"id":4558,"date":"2019-12-02T13:29:26","date_gmt":"2019-12-02T12:29:26","guid":{"rendered":"https:\/\/simplesurance.wpengine.com\/404-page\/"},"modified":"2024-10-06T16:29:31","modified_gmt":"2024-10-06T14:29:31","slug":"404-page","status":"publish","type":"page","link":"https:\/\/schutzklick.de\/sv\/404-page\/","title":{"rendered":"404 Page"},"content":{"rendered":"","protected":false},"excerpt":{"rendered":"","protected":false},"author":1,"featured_media":0,"parent":0,"menu_order":3000,"comment_status":"closed","ping_status":"closed","template":"","meta":{"_acf_changed":false,"footnotes":""},"class_list":["post-4558","page","type-page","status-publish","hentry"],"acf":[],"yoast_head":"<!-- This site is optimized with the Yoast SEO plugin v27.2 - https:\/\/yoast.com\/product\/yoast-seo-wordpress\/ -->\n<title>404 Page - Schutzklick<\/title>\n<meta name=\"description\" content=\"Den \u00f6nskade sidan hittades inte.Oroa dig inte, vi hj\u00e4lper dig hitta r\u00e4tt produkt.\" \/>\n<meta name=\"robots\" content=\"noindex, follow\" \/>\n<meta property=\"og:locale\" content=\"sv_SE\" \/>\n<meta property=\"og:type\" content=\"article\" \/>\n<meta property=\"og:title\" content=\"404 Page - Schutzklick\" \/>\n<meta property=\"og:description\" content=\"Den \u00f6nskade sidan hittades inte.Oroa dig inte, vi hj\u00e4lper dig hitta r\u00e4tt produkt.\" \/>\n<meta property=\"og:url\" content=\"https:\/\/schutzklick.de\/404-page\/\" \/>\n<meta property=\"og:site_name\" content=\"Schutzklick\" \/>\n<meta property=\"article:modified_time\" content=\"2024-10-06T14:29:31+00:00\" \/>\n<meta name=\"twitter:card\" content=\"summary_large_image\" \/>\n<script type=\"application\/ld+json\" class=\"yoast-schema-graph\">{\"@context\":\"https:\/\/schema.org\",\"@graph\":[{\"@type\":\"WebPage\",\"@id\":\"https:\/\/schutzklick.de\/404-page\/\",\"url\":\"https:\/\/schutzklick.de\/404-page\/\",\"name\":\"404 Page - Schutzklick\",\"isPartOf\":{\"@id\":\"https:\/\/schutzklick.de\/#website\"},\"datePublished\":\"2019-12-02T12:29:26+00:00\",\"dateModified\":\"2024-10-06T14:29:31+00:00\",\"description\":\"Den \u00f6nskade sidan hittades inte.Oroa dig inte, vi hj\u00e4lper dig hitta r\u00e4tt produkt.\",\"breadcrumb\":{\"@id\":\"https:\/\/schutzklick.de\/404-page\/#breadcrumb\"},\"inLanguage\":\"sv-SE\",\"potentialAction\":[{\"@type\":\"ReadAction\",\"target\":[\"https:\/\/schutzklick.de\/404-page\/\"]}]},{\"@type\":\"BreadcrumbList\",\"@id\":\"https:\/\/schutzklick.de\/404-page\/#breadcrumb\",\"itemListElement\":[{\"@type\":\"ListItem\",\"position\":1,\"name\":\"Startseite\",\"item\":\"https:\/\/schutzklick.de\/sv\/\"},{\"@type\":\"ListItem\",\"position\":2,\"name\":\"404 Page\"}]},{\"@type\":\"WebSite\",\"@id\":\"https:\/\/schutzklick.de\/#website\",\"url\":\"https:\/\/schutzklick.de\/\",\"name\":\"Schutzklick\",\"description\":\"F\u00f6rs\u00e4kring - Online\",\"potentialAction\":[{\"@type\":\"SearchAction\",\"target\":{\"@type\":\"EntryPoint\",\"urlTemplate\":\"https:\/\/schutzklick.de\/?s={search_term_string}\"},\"query-input\":{\"@type\":\"PropertyValueSpecification\",\"valueRequired\":true,\"valueName\":\"search_term_string\"}}],\"inLanguage\":\"sv-SE\"}]}<\/script>\n<!-- \/ Yoast SEO plugin. -->","yoast_head_json":{"title":"404 Page - Schutzklick","description":"Den \u00f6nskade sidan hittades inte.Oroa dig inte, vi hj\u00e4lper dig hitta r\u00e4tt produkt.","robots":{"index":"noindex","follow":"follow"},"og_locale":"sv_SE","og_type":"article","og_title":"404 Page - Schutzklick","og_description":"Den \u00f6nskade sidan hittades inte.Oroa dig inte, vi hj\u00e4lper dig hitta r\u00e4tt produkt.","og_url":"https:\/\/schutzklick.de\/404-page\/","og_site_name":"Schutzklick","article_modified_time":"2024-10-06T14:29:31+00:00","twitter_card":"summary_large_image","schema":{"@context":"https:\/\/schema.org","@graph":[{"@type":"WebPage","@id":"https:\/\/schutzklick.de\/404-page\/","url":"https:\/\/schutzklick.de\/404-page\/","name":"404 Page - Schutzklick","isPartOf":{"@id":"https:\/\/schutzklick.de\/#website"},"datePublished":"2019-12-02T12:29:26+00:00","dateModified":"2024-10-06T14:29:31+00:00","description":"Den \u00f6nskade sidan hittades inte.Oroa dig inte, vi hj\u00e4lper dig hitta r\u00e4tt produkt.","breadcrumb":{"@id":"https:\/\/schutzklick.de\/404-page\/#breadcrumb"},"inLanguage":"sv-SE","potentialAction":[{"@type":"ReadAction","target":["https:\/\/schutzklick.de\/404-page\/"]}]},{"@type":"BreadcrumbList","@id":"https:\/\/schutzklick.de\/404-page\/#breadcrumb","itemListElement":[{"@type":"ListItem","position":1,"name":"Startseite","item":"https:\/\/schutzklick.de\/sv\/"},{"@type":"ListItem","position":2,"name":"404 Page"}]},{"@type":"WebSite","@id":"https:\/\/schutzklick.de\/#website","url":"https:\/\/schutzklick.de\/","name":"Schutzklick","description":"F\u00f6rs\u00e4kring - Online","potentialAction":[{"@type":"SearchAction","target":{"@type":"EntryPoint","urlTemplate":"https:\/\/schutzklick.de\/?s={search_term_string}"},"query-input":{"@type":"PropertyValueSpecification","valueRequired":true,"valueName":"search_term_string"}}],"inLanguage":"sv-SE"}]}},"_links":{"self":[{"href":"https:\/\/schutzklick.de\/sv\/wp-json\/wp\/v2\/pages\/4558","targetHints":{"allow":["GET"]}}],"collection":[{"href":"https:\/\/schutzklick.de\/sv\/wp-json\/wp\/v2\/pages"}],"about":[{"href":"https:\/\/schutzklick.de\/sv\/wp-json\/wp\/v2\/types\/page"}],"author":[{"embeddable":true,"href":"https:\/\/schutzklick.de\/sv\/wp-json\/wp\/v2\/users\/1"}],"replies":[{"embeddable":true,"href":"https:\/\/schutzklick.de\/sv\/wp-json\/wp\/v2\/comments?post=4558"}],"version-history":[{"count":1,"href":"https:\/\/schutzklick.de\/sv\/wp-json\/wp\/v2\/pages\/4558\/revisions"}],"predecessor-version":[{"id":11382,"href":"https:\/\/schutzklick.de\/sv\/wp-json\/wp\/v2\/pages\/4558\/revisions\/11382"}],"wp:attachment":[{"href":"https:\/\/schutzklick.de\/sv\/wp-json\/wp\/v2\/media?parent=4558"}],"curies":[{"name":"wp","href":"https:\/\/api.w.org\/{rel}","templated":true}]}}